{"id":374,"date":"2025-05-13T15:58:26","date_gmt":"2025-05-13T07:58:26","guid":{"rendered":"http:\/\/www.canneed.com\/fr\/?post_type=product&#038;p=374"},"modified":"2025-05-13T15:58:34","modified_gmt":"2025-05-13T07:58:34","slug":"canneed-tde-100","status":"publish","type":"product","link":"https:\/\/www.canneed.com\/fr\/product\/canneed-tde-100\/","title":{"rendered":"CanNeed-TDE-100"},"content":{"rendered":"<p>&nbsp;<\/p>\n<h3>Application<\/h3>\n<div class='prodocut_content'>Convient \u00e0 tous les types d&rsquo;\u00e9quipements de st\u00e9rilisation et de mesure de la temp\u00e9rature : bouilloires de st\u00e9rilisation, machines de st\u00e9rilisation par pulv\u00e9risation, machines de st\u00e9rilisation de r\u00e9servoirs d&rsquo;eau, entrep\u00f4ts, v\u00e9hicules de transport.<br \/>\nConvient \u00e0 une grande vari\u00e9t\u00e9 de produits : bo\u00eetes de conserve, boissons, bi\u00e8re, sacs de nourriture, gel\u00e9e<br \/>\nConvient \u00e0 divers types d&#8217;emballages : grandes bo\u00eetes m\u00e9talliques, petites bo\u00eetes m\u00e9talliques, bouteilles en PET, bouteilles en verre, sacs, bo\u00eetes en plastique.<\/div>\n<p>&nbsp;<\/p>\n<h3>Les avantages<\/h3>\n<div class='prodocut_content'>\n<ol>\n<li>\n\t\tL&rsquo;enregistreur de temp\u00e9rature TDE-100-C** adopte une m\u00e9thode de communication avanc\u00e9e par \u00ab induction \u00e9lectromagn\u00e9tique \u00bb, pas de d\u00e9branchement de la communication, une conception de scellement en acier inoxydable en une seule pi\u00e8ce, une bonne performance de scellement, c&rsquo;est le choix id\u00e9al pour les applications \u00e0 haute temp\u00e9rature ;\n\t<\/li>\n<li>\n\t\tUn enregistreur de temp\u00e9rature TDE-100-C** est un enregistreur de temp\u00e9rature unique, plusieurs enregistreurs de temp\u00e9rature peuvent d\u00e9tecter la distribution de chaleur de l&rsquo;\u00e9quipement de st\u00e9rilisation ;\n\t<\/li>\n<li>\n\t\tLe transmetteur de donn\u00e9es TDET-100 utilise une interface USB et peut \u00eatre aliment\u00e9 directement par l&rsquo;ordinateur, ce qui r\u00e9duit la n\u00e9cessit\u00e9 d&rsquo;une alimentation externe ;\n\t<\/li>\n<li>\n\t\tIl peut enregistrer la temp\u00e9rature au centre de l&rsquo;\u00e9chantillon et le profil de temp\u00e9rature \u00e0 l&rsquo;ext\u00e9rieur de l&rsquo;\u00e9chantillon ;\n\t<\/li>\n<li>\n\t\tLe petit diam\u00e8tre de la sonde (seulement 2 mm) est flexible et garantit une r\u00e9ponse rapide ;\n\t<\/li>\n<li>\n\t\tPetite taille, seulement 25 mm de diam\u00e8tre et 55 mm de hauteur, la longueur de la sonde peut \u00eatre personnalis\u00e9e pour mesurer les canettes, les boissons, la bi\u00e8re, les denr\u00e9es alimentaires, etc. dans diff\u00e9rents types d&#8217;emballage ;\n\t<\/li>\n<li>\n\t\tPuissant logiciel TDE- LogSee pour la visualisation, l&rsquo;analyse, le stockage et l&rsquo;impression des donn\u00e9es et des courbes ;\n\t<\/li>\n<li>\n\t\tLorsqu&rsquo;il est connect\u00e9 \u00e0 un processeur de donn\u00e9es, les r\u00e9sultats des mesures peuvent \u00eatre affich\u00e9s directement sur l&rsquo;\u00e9cran du processeur, ind\u00e9pendamment du PC ;\n\t<\/li>\n<li>\n\t\tLa possibilit\u00e9 d&rsquo;exporter et de sauvegarder les donn\u00e9es vers Excell.\n\t<\/li>\n<\/ol>\n<\/div>\n","protected":false},"excerpt":{"rendered":"<h3>Enregistreur de temp\u00e9rature de st\u00e9rilisation<\/h3>\n","protected":false},"featured_media":410,"comment_status":"closed","ping_status":"closed","template":"","meta":[],"product_brand":[],"product_cat":[16],"product_tag":[],"class_list":{"0":"post-374","1":"product","2":"type-product","3":"status-publish","4":"has-post-thumbnail","6":"product_cat-objet-de-detection","8":"first","9":"instock","10":"shipping-taxable","11":"product-type-simple"},"aioseo_notices":[],"_links":{"self":[{"href":"https:\/\/www.canneed.com\/fr\/wp-json\/wp\/v2\/product\/374","targetHints":{"allow":["GET"]}}],"collection":[{"href":"https:\/\/www.canneed.com\/fr\/wp-json\/wp\/v2\/product"}],"about":[{"href":"https:\/\/www.canneed.com\/fr\/wp-json\/wp\/v2\/types\/product"}],"replies":[{"embeddable":true,"href":"https:\/\/www.canneed.com\/fr\/wp-json\/wp\/v2\/comments?post=374"}],"wp:featuredmedia":[{"embeddable":true,"href":"https:\/\/www.canneed.com\/fr\/wp-json\/wp\/v2\/media\/410"}],"wp:attachment":[{"href":"https:\/\/www.canneed.com\/fr\/wp-json\/wp\/v2\/media?parent=374"}],"wp:term":[{"taxonomy":"product_brand","embeddable":true,"href":"https:\/\/www.canneed.com\/fr\/wp-json\/wp\/v2\/product_brand?post=374"},{"taxonomy":"product_cat","embeddable":true,"href":"https:\/\/www.canneed.com\/fr\/wp-json\/wp\/v2\/product_cat?post=374"},{"taxonomy":"product_tag","embeddable":true,"href":"https:\/\/www.canneed.com\/fr\/wp-json\/wp\/v2\/product_tag?post=374"}],"curies":[{"name":"wp","href":"https:\/\/api.w.org\/{rel}","templated":true}]}}