{"id":37,"date":"2025-05-13T15:57:17","date_gmt":"2025-05-13T07:57:17","guid":{"rendered":"http:\/\/www.canneed.com\/fr\/?post_type=product&#038;p=37"},"modified":"2025-05-13T15:57:26","modified_gmt":"2025-05-13T07:57:26","slug":"seamsight-vsm-6b","status":"publish","type":"product","link":"https:\/\/www.canneed.com\/fr\/product\/seamsight-vsm-6b\/","title":{"rendered":"SeamSight\u00ae-VSM-6B"},"content":{"rendered":"<p>&nbsp;<\/p>\n<h3>Application<\/h3>\n<div class='prodocut_content'><span>Le projecteur de roulage automatique VSM-6B fabriqu\u00e9 par la soci\u00e9t\u00e9 connue CanNeed TM,<\/span><br \/>\n<span>Adopte un syst\u00e8me optique ainsi que la lentille Golden LensTM les plus innovants, la limpidit\u00e9 de l\u2019image atteint un niveau avanc\u00e9 du monde, qui est comparable avec tous les projecteurs de roulage (voir les images du roulage et du scellement de l\u2019interface du logiciel).<\/span><br \/>\n<span>Il peut \u00e9quiper d\u2019une scie silencieuse de la soci\u00e9t\u00e9 CanNeed, \u00e9viter le bruit dur produit par le taillage desr\u00e9cipients sp\u00e9cimens, prot\u00e9ger le syst\u00e8me acoustique.<\/span><br \/>\n<span>Il peut \u00e9quiper d\u2019un syst\u00e8me de collection des donn\u00e9es ext\u00e9rieures CanNeed SPC, les donn\u00e9es telles que l\u2019\u00e9paisseur du roulage r\u00e9el et de la profondeur d\u2019encastrement r\u00e9el peuvent \u00eatre transmises automatiquement \u00e0 l\u2019ordinateur.<\/span><br \/>\n<span>Il effectue l\u2019essai \u00e0 l\u2019aide du \u2018logiciel d\u2019essai du roulage CanNeed CND_VSM3.0 (en chinois et anglais)\uff0c il adopte une base de donn\u00e9es \u00e0 g\u00e9rer les images et donn\u00e9es concernant le roulage.<\/span><\/div>\n<p>&nbsp;<\/p>\n<h3>Les avantages<\/h3>\n<div class='prodocut_content'><span>1)Adopte un syst\u00e8me optique le plus avanc\u00e9 , la limpidit\u00e9 de l\u2019image atteint un niveau avanc\u00e9 du monde.<\/span><br \/>\n<span>2)Le logiciel int\u00e8gre une fonction SPC, le transmetteur peut collecter automatiquement les donn\u00e9s du comparateur \u00e0 cadran digital de la marque Mitutoyo (\u00c9paisseur du roulage r\u00e9elle, profondeur d\u2019encastrement r\u00e9elle)<\/span><br \/>\n<span>3)La fonction de positionnement de l\u2019amplification partielle des images am\u00e9liore la pr\u00e9cision de positionnement pour la mesure.<\/span><br \/>\n<span>4)Il peut \u00e9quiper d\u2019une scie silencieuse, \u00e9viter le bruit dur produit par le taillage des r\u00e9cipients sp\u00e9cimens, prot\u00e9ger le syst\u00e8me acoustique.<\/span><br \/>\n<span>5)Les utilisateurs peuvent personnaliser le format du rapport, cet instrument s\u2019adapte au style personnel et le type de l\u2019entreprise.<\/span><br \/>\n<span>6)12 items du test: Longueur du roulage de bord, longueur du crochet du corps, longueur du crochet du couvercle, longueur de superposition, longueur d\u2019\u00e9cartement du roulage de bord, taux de superposition, pourcentage d\u2019accrochage du corps du contenant, pourcentage d\u2019accrochage du couvercle, \u00e9paisseur du roulage de bord des images, \u00e9paisseur du roulage de bord r\u00e9elle*,profondeur d\u2019encastrement r\u00e9elle*,compactibilit\u00e9 *.<\/span><br \/>\n<span>7)La base de donn\u00e9es g\u00e8re tous les r\u00e9sultats et images de chaque section, facilite la requ\u00eate .<\/span><br \/>\n<span>8)Elle peut rappeler les images de scellement enregistr\u00e9es auparavant pour effectuer de nouveau un essai.<\/span><br \/>\n<span>9)Multiples de diagrammes de statistique facilitent l\u2019analyse de la qualit\u00e9 pour les produits.<\/span><br \/>\n<span>10)On peut archiver les r\u00e9sultats de mesure aux formulaires \u00e9lectroniques Excel.<\/span><br \/>\n<span>11)Peut \u00e9tablir nombreux de normes de test de la conformit\u00e9 , pendant chaque mesure, l\u2019instrument peut diagnostiquer automatiquement et avertir si les r\u00e9sultats de mesure sont satisfaisants.<\/span><br \/>\n<span>12)Les donn\u00e9s de la mesure et la ligne indicative sont marqu\u00e9es directement sur l\u00e8s images du roulage de bord, elles peuvent \u00eatre affich\u00e9es aux emplacements correspondants sur l\u2019\u00e9cran .<\/span><br \/>\n<span>13)On peut enregistrer et imprimer les images et donn\u00e9s du roulage de bord, facilite la communication avec les services de production ou les fabricants de contenants, pas besoinde conserverl&rsquo;\u00e9chantilloncontenant.<\/span><br \/>\n<span>14)Fournir un bloc de calibration, les utilisateurs peuvent calibrer l\u2019instrument \u00e0 tout moment et r\u00e9gler un code de calibration.<\/span><br \/>\n<span>15)Applique une source lumineuse la plus durable \u00e0 pr\u00e9sent, elle est plus durable par comparaison aux autres produits similaires.<\/span><\/div>\n","protected":false},"excerpt":{"rendered":"<h3>VSM-6B Projecteur optique de roulage automatique<\/h3>\n","protected":false},"featured_media":75,"comment_status":"closed","ping_status":"closed","template":"","meta":[],"product_brand":[],"product_cat":[17,23,31,21,19],"product_tag":[],"class_list":{"0":"post-37","1":"product","2":"type-product","3":"status-publish","4":"has-post-thumbnail","6":"product_cat-biere-en-conserve-boisson-en-conserve-en-conserve","7":"product_cat-canette-bouteille-en-aluminium-en-deux-parties","8":"product_cat-capuchon-metallique-capuchon-couronne-capuchon-a-languette-capuchon-a-vis-capuchon-a-ouverture-a-griffe","9":"product_cat-laboratoire","10":"product_cat-ourlet-double","12":"first","13":"instock","14":"featured","15":"shipping-taxable","16":"product-type-simple"},"aioseo_notices":[],"_links":{"self":[{"href":"https:\/\/www.canneed.com\/fr\/wp-json\/wp\/v2\/product\/37","targetHints":{"allow":["GET"]}}],"collection":[{"href":"https:\/\/www.canneed.com\/fr\/wp-json\/wp\/v2\/product"}],"about":[{"href":"https:\/\/www.canneed.com\/fr\/wp-json\/wp\/v2\/types\/product"}],"replies":[{"embeddable":true,"href":"https:\/\/www.canneed.com\/fr\/wp-json\/wp\/v2\/comments?post=37"}],"wp:featuredmedia":[{"embeddable":true,"href":"https:\/\/www.canneed.com\/fr\/wp-json\/wp\/v2\/media\/75"}],"wp:attachment":[{"href":"https:\/\/www.canneed.com\/fr\/wp-json\/wp\/v2\/media?parent=37"}],"wp:term":[{"taxonomy":"product_brand","embeddable":true,"href":"https:\/\/www.canneed.com\/fr\/wp-json\/wp\/v2\/product_brand?post=37"},{"taxonomy":"product_cat","embeddable":true,"href":"https:\/\/www.canneed.com\/fr\/wp-json\/wp\/v2\/product_cat?post=37"},{"taxonomy":"product_tag","embeddable":true,"href":"https:\/\/www.canneed.com\/fr\/wp-json\/wp\/v2\/product_tag?post=37"}],"curies":[{"name":"wp","href":"https:\/\/api.w.org\/{rel}","templated":true}]}}