{"id":366,"date":"2025-05-13T15:58:25","date_gmt":"2025-05-13T07:58:25","guid":{"rendered":"http:\/\/www.canneed.com\/fr\/?post_type=product&#038;p=366"},"modified":"2025-05-13T15:58:32","modified_gmt":"2025-05-13T07:58:32","slug":"canneed-csm-207-208","status":"publish","type":"product","link":"https:\/\/www.canneed.com\/fr\/product\/canneed-csm-207-208\/","title":{"rendered":"CanNeed-CSM-207\/208"},"content":{"rendered":"<p>&nbsp;<\/p>\n<h3>Application<\/h3>\n<div class='prodocut_content'>\n<p>\n\t<span style=\"line-height:1.5;\">Le minom\u00e8tre du roulage de s\u00e9rie CSM fabriqu\u00e9 par la soci\u00e9t\u00e9 CanNeed est destin\u00e9 \u00e0 mesurer l\u2019\u00e9paisseur et la longueur du roulage. Avec la fonction demulticatrice, \u00e9viter l\u2019erreur de mesure caus\u00e9e par le serrage excessif.<\/span>\n<\/p>\n<p>\n\tLe minom\u00e8tre du roulage CSM-208 est appliqu\u00e9 \u00e0 mesurer l\u2019\u00e9paisseur et la longueur du roulage pour les contenants droit \u00e0 fond plat.<br \/>\nLe minom\u00e8tre du roulage CSM-207 est appliqu\u00e9 \u00e0 mesurer l\u2019\u00e9paisseur, la longueur du roulage pour les a\u00e9rosols et les contenants au col contract\u00e9.\n<\/p>\n<\/div>\n<p>&nbsp;<\/p>\n<h3>Param\u00e8tres techniques<\/h3>\n<div class='prodocut_content'><span>Gamme de mesure:0\u20149.00mm;<\/span><br \/>\n<span>R\u00e9solution:0.01mm<\/span><\/div>\n","protected":false},"excerpt":{"rendered":"<h3>CanNeed-CSM-207\/208 Minom\u00e8tre du roulage\uff08avec d\u00e9multicateur \uff09<\/h3>\n","protected":false},"featured_media":402,"comment_status":"closed","ping_status":"closed","template":"","meta":[],"product_brand":[],"product_cat":[22,31,29,21],"product_tag":[],"class_list":{"0":"post-366","1":"product","2":"type-product","3":"status-publish","4":"has-post-thumbnail","6":"product_cat-canette-aerosol-en-trois-parties-revetement","7":"product_cat-capuchon-metallique-capuchon-couronne-capuchon-a-languette-capuchon-a-vis-capuchon-a-ouverture-a-griffe","8":"product_cat-film-de-peinture-peinture-revetement","9":"product_cat-laboratoire","11":"first","12":"instock","13":"shipping-taxable","14":"product-type-simple"},"aioseo_notices":[],"_links":{"self":[{"href":"https:\/\/www.canneed.com\/fr\/wp-json\/wp\/v2\/product\/366","targetHints":{"allow":["GET"]}}],"collection":[{"href":"https:\/\/www.canneed.com\/fr\/wp-json\/wp\/v2\/product"}],"about":[{"href":"https:\/\/www.canneed.com\/fr\/wp-json\/wp\/v2\/types\/product"}],"replies":[{"embeddable":true,"href":"https:\/\/www.canneed.com\/fr\/wp-json\/wp\/v2\/comments?post=366"}],"wp:featuredmedia":[{"embeddable":true,"href":"https:\/\/www.canneed.com\/fr\/wp-json\/wp\/v2\/media\/402"}],"wp:attachment":[{"href":"https:\/\/www.canneed.com\/fr\/wp-json\/wp\/v2\/media?parent=366"}],"wp:term":[{"taxonomy":"product_brand","embeddable":true,"href":"https:\/\/www.canneed.com\/fr\/wp-json\/wp\/v2\/product_brand?post=366"},{"taxonomy":"product_cat","embeddable":true,"href":"https:\/\/www.canneed.com\/fr\/wp-json\/wp\/v2\/product_cat?post=366"},{"taxonomy":"product_tag","embeddable":true,"href":"https:\/\/www.canneed.com\/fr\/wp-json\/wp\/v2\/product_tag?post=366"}],"curies":[{"name":"wp","href":"https:\/\/api.w.org\/{rel}","templated":true}]}}