{"id":363,"date":"2025-05-13T15:58:25","date_gmt":"2025-05-13T07:58:25","guid":{"rendered":"http:\/\/www.canneed.com\/fr\/?post_type=product&#038;p=363"},"modified":"2025-05-13T15:58:31","modified_gmt":"2025-05-13T07:58:31","slug":"canneed-f-125","status":"publish","type":"product","link":"https:\/\/www.canneed.com\/fr\/product\/canneed-f-125\/","title":{"rendered":"CanNeed-F-125"},"content":{"rendered":"<p>&nbsp;<\/p>\n<h3>Application<\/h3>\n<div class='prodocut_content'>Le moniteur de temp\u00e9rature de st\u00e9rilisation CanNeed-CAN-F-125 (moniteur de valeur F0) a \u00e9t\u00e9 choisi par de nombreuses usines de boissons et d&rsquo;aliments en conserve.<br \/>\nde nombreuses usines de boissons et d&rsquo;aliments en conserve.<\/p>\n<p>Applicable \u00e0 diff\u00e9rents types d&rsquo;\u00e9quipements de st\u00e9rilisation et \u00e0 diff\u00e9rents endroits n\u00e9cessitant un contr\u00f4le de la temp\u00e9rature : marmite de st\u00e9rilisation (autoclave), machine de st\u00e9rilisation par pulv\u00e9risation, machine de st\u00e9rilisation par \u00e9vier, entrep\u00f4t, v\u00e9hicules de transport, etc.<\/p>\n<p>Applicable \u00e0 diff\u00e9rents types de produits : aliments en conserve, boissons, bi\u00e8re, aliments en sachet, gel\u00e9e, etc.<br \/>\nApplicable \u00e0 diff\u00e9rents types d&#8217;emballages : bo\u00eetes m\u00e9talliques, bouteilles en verre ou en PET, sachets, bo\u00eetes en plastique, etc.<\/div>\n<p>&nbsp;<\/p>\n<h3>Les avantages<\/h3>\n<div class='prodocut_content'>1) L&rsquo;enregistreur a adopt\u00e9 le mode de communication avanc\u00e9 \u00ab contact de surface \u00bb, il n&rsquo;y a pas de fiche de communication sur l&rsquo;enregistreur. La conception du joint en acier inoxydable d&rsquo;une seule pi\u00e8ce assure une excellente \u00e9tanch\u00e9it\u00e9.<br \/>\n2) Un enregistreur est un moniteur de temp\u00e9rature ind\u00e9pendant, et il est capable de surveiller la distribution du c\u0153ur de l&rsquo;\u00e9quipement de st\u00e9rilisation avec seulement plusieurs enregistreurs.<br \/>\n3) Capable d&rsquo;enregistrer la courbe de temp\u00e9rature centrale et externe de l&rsquo;\u00e9chantillon.<br \/>\n4) Applicable \u00e0 diff\u00e9rents types d&#8217;emballage, de nombreux types de base de fixation sont disponibles.<br \/>\n5) Logiciel puissant CND-LogSee, pour calculer la valeur F0 et examiner, analyser, stocker ou imprimer les donn\u00e9es et les courbes de temp\u00e9rature.<br \/>\n6) Affichage des r\u00e9sultats directement sur le processeur de donn\u00e9es sans connexion aux ordinateurs.<br \/>\n7) Exportation des donn\u00e9es sous forme de fichiers Excel.<\/div>\n","protected":false},"excerpt":{"rendered":"<h3>Contr\u00f4le de la temp\u00e9rature de st\u00e9rilisation (Contr\u00f4le de la valeur F0)<\/h3>\n","protected":false},"featured_media":397,"comment_status":"closed","ping_status":"closed","template":"","meta":[],"product_brand":[],"product_cat":[23,30,21],"product_tag":[],"class_list":{"0":"post-363","1":"product","2":"type-product","3":"status-publish","4":"has-post-thumbnail","6":"product_cat-canette-bouteille-en-aluminium-en-deux-parties","7":"product_cat-dimensions","8":"product_cat-laboratoire","10":"first","11":"instock","12":"shipping-taxable","13":"product-type-simple"},"aioseo_notices":[],"_links":{"self":[{"href":"https:\/\/www.canneed.com\/fr\/wp-json\/wp\/v2\/product\/363","targetHints":{"allow":["GET"]}}],"collection":[{"href":"https:\/\/www.canneed.com\/fr\/wp-json\/wp\/v2\/product"}],"about":[{"href":"https:\/\/www.canneed.com\/fr\/wp-json\/wp\/v2\/types\/product"}],"replies":[{"embeddable":true,"href":"https:\/\/www.canneed.com\/fr\/wp-json\/wp\/v2\/comments?post=363"}],"wp:featuredmedia":[{"embeddable":true,"href":"https:\/\/www.canneed.com\/fr\/wp-json\/wp\/v2\/media\/397"}],"wp:attachment":[{"href":"https:\/\/www.canneed.com\/fr\/wp-json\/wp\/v2\/media?parent=363"}],"wp:term":[{"taxonomy":"product_brand","embeddable":true,"href":"https:\/\/www.canneed.com\/fr\/wp-json\/wp\/v2\/product_brand?post=363"},{"taxonomy":"product_cat","embeddable":true,"href":"https:\/\/www.canneed.com\/fr\/wp-json\/wp\/v2\/product_cat?post=363"},{"taxonomy":"product_tag","embeddable":true,"href":"https:\/\/www.canneed.com\/fr\/wp-json\/wp\/v2\/product_tag?post=363"}],"curies":[{"name":"wp","href":"https:\/\/api.w.org\/{rel}","templated":true}]}}