{"id":361,"date":"2025-05-13T15:58:25","date_gmt":"2025-05-13T07:58:25","guid":{"rendered":"http:\/\/www.canneed.com\/fr\/?post_type=product&#038;p=361"},"modified":"2025-05-13T15:58:31","modified_gmt":"2025-05-13T07:58:31","slug":"canneed-can-10774","status":"publish","type":"product","link":"https:\/\/www.canneed.com\/fr\/product\/canneed-can-10774\/","title":{"rendered":"CanNeed-CAN-10774"},"content":{"rendered":"<p>&nbsp;<\/p>\n<h3>Application<\/h3>\n<div class='prodocut_content'>CanNeed-CAN-10774 La jauge de hauteur de broche est couramment utilis\u00e9e lors de la configuration initiale de la sertisseuse pour assurer la performance de la double sertissure et l&rsquo;\u00e9limination de l&rsquo;air.<br \/>\net l&rsquo;\u00e9limination de l&rsquo;air.&nbsp;<\/p>\n<p>Toutes les surfaces de travail sont tremp\u00e9es et rectifi\u00e9es avec pr\u00e9cision.&nbsp;<\/div>\n<p>&nbsp;<\/p>\n<h3>Les avantages<\/h3>\n<div class='prodocut_content'>1. R\u00e9duire le temps de d\u00e9bogage de la sertisseuse de bo\u00eetes de conserve, augmenter l&rsquo;efficacit\u00e9<br \/>\n2. Am\u00e9liorer la qualit\u00e9 du sertissage des bo\u00eetes de conserve<\/div>\n","protected":false},"excerpt":{"rendered":"<h3>Jauge de hauteur de goupille<\/h3>\n","protected":false},"featured_media":395,"comment_status":"closed","ping_status":"closed","template":"","meta":[],"product_brand":[],"product_cat":[17,33,22,32,27,34,35],"product_tag":[],"class_list":{"0":"post-361","1":"product","2":"type-product","3":"status-publish","4":"has-post-thumbnail","6":"product_cat-biere-en-conserve-boisson-en-conserve-en-conserve","7":"product_cat-bouteilles-pet-boissons-bouteilles-pet-embryons-de-bouteilles-bouchons-en-plastique","8":"product_cat-canette-aerosol-en-trois-parties-revetement","9":"product_cat-cosmetiques-medicaments-aliments-en-sac","10":"product_cat-ligne-de-conditionnement-en-ligne","11":"product_cat-temperature-pu-f0","12":"product_cat-usage-general","14":"first","15":"instock","16":"shipping-taxable","17":"product-type-simple"},"aioseo_notices":[],"_links":{"self":[{"href":"https:\/\/www.canneed.com\/fr\/wp-json\/wp\/v2\/product\/361","targetHints":{"allow":["GET"]}}],"collection":[{"href":"https:\/\/www.canneed.com\/fr\/wp-json\/wp\/v2\/product"}],"about":[{"href":"https:\/\/www.canneed.com\/fr\/wp-json\/wp\/v2\/types\/product"}],"replies":[{"embeddable":true,"href":"https:\/\/www.canneed.com\/fr\/wp-json\/wp\/v2\/comments?post=361"}],"wp:featuredmedia":[{"embeddable":true,"href":"https:\/\/www.canneed.com\/fr\/wp-json\/wp\/v2\/media\/395"}],"wp:attachment":[{"href":"https:\/\/www.canneed.com\/fr\/wp-json\/wp\/v2\/media?parent=361"}],"wp:term":[{"taxonomy":"product_brand","embeddable":true,"href":"https:\/\/www.canneed.com\/fr\/wp-json\/wp\/v2\/product_brand?post=361"},{"taxonomy":"product_cat","embeddable":true,"href":"https:\/\/www.canneed.com\/fr\/wp-json\/wp\/v2\/product_cat?post=361"},{"taxonomy":"product_tag","embeddable":true,"href":"https:\/\/www.canneed.com\/fr\/wp-json\/wp\/v2\/product_tag?post=361"}],"curies":[{"name":"wp","href":"https:\/\/api.w.org\/{rel}","templated":true}]}}