{"id":360,"date":"2025-05-13T15:58:25","date_gmt":"2025-05-13T07:58:25","guid":{"rendered":"http:\/\/www.canneed.com\/fr\/?post_type=product&#038;p=360"},"modified":"2025-05-13T15:58:30","modified_gmt":"2025-05-13T07:58:30","slug":"canneed-axl-10000","status":"publish","type":"product","link":"https:\/\/www.canneed.com\/fr\/product\/canneed-axl-10000\/","title":{"rendered":"CanNeed-AXL-10000"},"content":{"rendered":"<p>&nbsp;<\/p>\n<h3>Application<\/h3>\n<div class='prodocut_content'>Le testeur de charge axiale CanNeed-AXL-10000 mesure la r\u00e9sistance \u00e0 la force axiale des bo\u00eetes de conserve en Newton. La bo\u00eete est plac\u00e9e sur un support et progressivement pouss\u00e9e vers le haut contre la plaque de pression. L&rsquo;espace entre le support et la plaque sup\u00e9rieure peut \u00eatre modifi\u00e9 \u00e0 l&rsquo;aide d&rsquo;entretoises. La bo\u00eete s&rsquo;\u00e9crase apr\u00e8s l&rsquo;application de la force maximale \u00e0 laquelle la bo\u00eete est capable de r\u00e9sister. La valeur maximale peut alors \u00eatre lue sur l&rsquo;\u00e9cran.<\/div>\n<p>&nbsp;<\/p>\n<h3>Les avantages<\/h3>\n<div class='prodocut_content'>\n<ol>\n<li>\n\t\tNorme industrielle\n\t<\/li>\n<li>\n\t\tPlateaux exceptionnellement parall\u00e8les\n\t<\/li>\n<li>\n\t\tEnregistrement et affichage automatiques de la valeur de la force maximale\n\t<\/li>\n<li>\n\t\t\u00c9cran tactile contr\u00f4l\u00e9 par automate programmable\n\t<\/li>\n<li>\n\t\tProcessus de pressage stable, donn\u00e9es collect\u00e9es automatiquement par le syst\u00e8me de contr\u00f4le par micro-ordinateur.\n\t<\/li>\n<li>\n\t\tR\u00e9initialisation automatique de la plaque de pression une fois le test termin\u00e9. Commodit\u00e9 de mise en place \/ retrait des \u00e9chantillons.\n\t<\/li>\n<li>\n\t\tAffichage de la valeur de mesure maximale et minimale et de la moyenne apr\u00e8s plusieurs essais.\n\t<\/li>\n<li>\n\t\tApplicable aux \u00e9chantillons de diff\u00e9rentes dimensions.\n\t<\/li>\n<li>\n\t\tProtection m\u00e9canique contre les surcharges.\n\t<\/li>\n<\/ol>\n<\/div>\n","protected":false},"excerpt":{"rendered":"<h3>Testeur de la capacit\u00e9 de portance axiale du Contenant<\/h3>\n","protected":false},"featured_media":394,"comment_status":"closed","ping_status":"closed","template":"","meta":[],"product_brand":[],"product_cat":[17,27,19],"product_tag":[],"class_list":{"0":"post-360","1":"product","2":"type-product","3":"status-publish","4":"has-post-thumbnail","6":"product_cat-biere-en-conserve-boisson-en-conserve-en-conserve","7":"product_cat-ligne-de-conditionnement-en-ligne","8":"product_cat-ourlet-double","10":"first","11":"instock","12":"shipping-taxable","13":"product-type-simple"},"aioseo_notices":[],"_links":{"self":[{"href":"https:\/\/www.canneed.com\/fr\/wp-json\/wp\/v2\/product\/360","targetHints":{"allow":["GET"]}}],"collection":[{"href":"https:\/\/www.canneed.com\/fr\/wp-json\/wp\/v2\/product"}],"about":[{"href":"https:\/\/www.canneed.com\/fr\/wp-json\/wp\/v2\/types\/product"}],"replies":[{"embeddable":true,"href":"https:\/\/www.canneed.com\/fr\/wp-json\/wp\/v2\/comments?post=360"}],"wp:featuredmedia":[{"embeddable":true,"href":"https:\/\/www.canneed.com\/fr\/wp-json\/wp\/v2\/media\/394"}],"wp:attachment":[{"href":"https:\/\/www.canneed.com\/fr\/wp-json\/wp\/v2\/media?parent=360"}],"wp:term":[{"taxonomy":"product_brand","embeddable":true,"href":"https:\/\/www.canneed.com\/fr\/wp-json\/wp\/v2\/product_brand?post=360"},{"taxonomy":"product_cat","embeddable":true,"href":"https:\/\/www.canneed.com\/fr\/wp-json\/wp\/v2\/product_cat?post=360"},{"taxonomy":"product_tag","embeddable":true,"href":"https:\/\/www.canneed.com\/fr\/wp-json\/wp\/v2\/product_tag?post=360"}],"curies":[{"name":"wp","href":"https:\/\/api.w.org\/{rel}","templated":true}]}}