{"id":359,"date":"2025-05-13T15:58:24","date_gmt":"2025-05-13T07:58:24","guid":{"rendered":"http:\/\/www.canneed.com\/fr\/?post_type=product&#038;p=359"},"modified":"2025-05-13T15:58:30","modified_gmt":"2025-05-13T07:58:30","slug":"canneed-can-125b","status":"publish","type":"product","link":"https:\/\/www.canneed.com\/fr\/product\/canneed-can-125b\/","title":{"rendered":"CanNeed-CAN-125B"},"content":{"rendered":"<p>&nbsp;<\/p>\n<h3>Application<\/h3>\n<div class='prodocut_content'>Le moniteur de pasteurisation CanNeed-CAN-125B (PU Meter) de CanNeed peut \u00eatre utilis\u00e9 pour mesurer la temp\u00e9rature de la bi\u00e8re en bouteille ou en canette pendant le processus de pasteurisation, ainsi que pour mesurer la temp\u00e9rature de l&rsquo;eau de pulv\u00e9risation, calculer les unit\u00e9s de pasteurisation (valeur PU) et afficher le profil de temp\u00e9rature sur le PC \u00e0 l&rsquo;aide d&rsquo;un logiciel ou l&rsquo;imprimer sur une imprimante.<\/p>\n<p>Le CanNeed-CAN-125B est fabriqu\u00e9 en acier inoxydable et est \u00e9tanche. Ses avantages sont la simplicit\u00e9 d&rsquo;utilisation, la l\u00e9g\u00e8ret\u00e9, la communication sans fil, l&rsquo;absence de besoin de recharge et l&rsquo;absence de maintenance.<\/div>\n<p>&nbsp;<\/p>\n<h3>Les avantages<\/h3>\n<div class='prodocut_content'>\n<ol>\n<li>\n\t\tR\u00e9ponse sensible sans d\u00e9calage de temp\u00e9rature ;\n\t<\/li>\n<li>\n\t\tLes r\u00e9sultats des mesures sont affich\u00e9s directement sur l&rsquo;\u00e9cran du processeur de donn\u00e9es, qui peut \u00eatre ind\u00e9pendant de l&rsquo;ordinateur ;\n\t<\/li>\n<li>\n\t\tConception raisonnable, le PU-m\u00e8tre est plus bas que la hauteur du st\u00e9rilisateur ;\n\t<\/li>\n<li>\n\t\tPeut mesurer les diff\u00e9rents types de bouteilles de bi\u00e8re en bouteille et de bi\u00e8re en bo\u00eete ; avec deux canaux, il peut mesurer \u00e0 la fois la temp\u00e9rature de la bouteille et la temp\u00e9rature de l&rsquo;eau ;\n\t<\/li>\n<li>\n\t\tIl peut mesurer la valeur PU totale, la valeur PU l\u00e9tale (valeur PU obtenue au-dessus de 60\u2103), la temp\u00e9rature maximale du vin, la temp\u00e9rature maximale de l&rsquo;eau, la dur\u00e9e totale de fonctionnement.\n\t<\/li>\n<li>\n\t\tLe profil de temp\u00e9rature peut \u00eatre imprim\u00e9 via une imprimante ;\n\t<\/li>\n<li>\n\t\tLe puissant logiciel CND-LogSee permet de visualiser, d&rsquo;analyser, de stocker et d&rsquo;imprimer les donn\u00e9es et les courbes ;\n\t<\/li>\n<li>\n\t\tLe PU peut \u00eatre d\u00e9duit pour n&rsquo;importe quelle p\u00e9riode, ce qui est pratique pour \u00e9valuer l&rsquo;usine de production (conform\u00e9ment aux exigences de Budweiser) ;\n\t<\/li>\n<li>\n\t\tIl est possible de personnaliser plusieurs formules de calcul du PU, par exemple en d\u00e9finissant 50\u00b0C et 60\u00b0C pour commencer \u00e0 calculer le PU ;\n\t<\/li>\n<li>\n\t\tLes informations peuvent \u00eatre export\u00e9es et sauvegard\u00e9es dans Excell ;\n\t<\/li>\n<li>\n\t\tUne sonde est un compteur de PU individuel, plusieurs sondes peuvent \u00eatre utilis\u00e9es pour tester plusieurs lignes de st\u00e9rilisation en m\u00eame temps.\n\t<\/li>\n<li>\n\t\tAdaptable \u00e0 une large gamme de tailles de bouteilles et de canettes.\n\t<\/li>\n<li>\n\t\tNouveau cadre de protection pour une meilleure durabilit\u00e9.\n\t<\/li>\n<li>\n\t\tCompact, l\u00e9ger et portable\n\t<\/li>\n<li>\n\t\tL&rsquo;enregistreur et la sonde de temp\u00e9rature sont soud\u00e9s ensemble avec de l&rsquo;acier inoxydable pour une bonne \u00e9tanch\u00e9it\u00e9.\n\t<\/li>\n<\/ol>\n<\/div>\n","protected":false},"excerpt":{"rendered":"<h3>Moniteur de pasteurisation (PU meter)<\/h3>\n","protected":false},"featured_media":393,"comment_status":"closed","ping_status":"closed","template":"","meta":[],"product_brand":[],"product_cat":[17,22,27,19],"product_tag":[],"class_list":{"0":"post-359","1":"product","2":"type-product","3":"status-publish","4":"has-post-thumbnail","6":"product_cat-biere-en-conserve-boisson-en-conserve-en-conserve","7":"product_cat-canette-aerosol-en-trois-parties-revetement","8":"product_cat-ligne-de-conditionnement-en-ligne","9":"product_cat-ourlet-double","11":"first","12":"instock","13":"shipping-taxable","14":"product-type-simple"},"aioseo_notices":[],"_links":{"self":[{"href":"https:\/\/www.canneed.com\/fr\/wp-json\/wp\/v2\/product\/359","targetHints":{"allow":["GET"]}}],"collection":[{"href":"https:\/\/www.canneed.com\/fr\/wp-json\/wp\/v2\/product"}],"about":[{"href":"https:\/\/www.canneed.com\/fr\/wp-json\/wp\/v2\/types\/product"}],"replies":[{"embeddable":true,"href":"https:\/\/www.canneed.com\/fr\/wp-json\/wp\/v2\/comments?post=359"}],"wp:featuredmedia":[{"embeddable":true,"href":"https:\/\/www.canneed.com\/fr\/wp-json\/wp\/v2\/media\/393"}],"wp:attachment":[{"href":"https:\/\/www.canneed.com\/fr\/wp-json\/wp\/v2\/media?parent=359"}],"wp:term":[{"taxonomy":"product_brand","embeddable":true,"href":"https:\/\/www.canneed.com\/fr\/wp-json\/wp\/v2\/product_brand?post=359"},{"taxonomy":"product_cat","embeddable":true,"href":"https:\/\/www.canneed.com\/fr\/wp-json\/wp\/v2\/product_cat?post=359"},{"taxonomy":"product_tag","embeddable":true,"href":"https:\/\/www.canneed.com\/fr\/wp-json\/wp\/v2\/product_tag?post=359"}],"curies":[{"name":"wp","href":"https:\/\/api.w.org\/{rel}","templated":true}]}}