{"id":358,"date":"2025-05-13T15:58:24","date_gmt":"2025-05-13T07:58:24","guid":{"rendered":"http:\/\/www.canneed.com\/fr\/?post_type=product&#038;p=358"},"modified":"2025-05-13T15:58:30","modified_gmt":"2025-05-13T07:58:30","slug":"seam-x-lab","status":"publish","type":"product","link":"https:\/\/www.canneed.com\/fr\/product\/seam-x-lab\/","title":{"rendered":"Seam-X\u00ae-Lab"},"content":{"rendered":"<p>&nbsp;<\/p>\n<h3>Application<\/h3>\n<div class='prodocut_content'>Objectif :<br \/>\nLe scanner automatique de serti Seam-X&reg;-Lab adopte une m\u00e9thode de mesure non destructive pour mesurer la dimension du serti, l&rsquo;\u00e9tanch\u00e9it\u00e9 (\u00e0 l&rsquo;exclusion des bo\u00eetes composites en aluminium et en \u00e9tain) et la formation r\u00e9elle du serti.<\/p>\n<p>\u00c9l\u00e9ments de mesure : Longueur de la couture, crochet de corps, crochet d&rsquo;extr\u00e9mit\u00e9, chevauchement, % de chevauchement, espace entre les coutures, % d&rsquo;aboutage du crochet de corps, % d&rsquo;aboutage du crochet d&rsquo;extr\u00e9mit\u00e9, % d&rsquo;\u00e9tanch\u00e9it\u00e9, et la formation r\u00e9elle de la couture.<br \/>\nIl est capable d&rsquo;identifier si la double couture est fausse ou non en se basant sur la formation r\u00e9elle de la couture.<br \/>\nIl peut mesurer des bo\u00eetes de conserve de diff\u00e9rents mat\u00e9riaux. La combinaison du corps de la bo\u00eete et de l&rsquo;extr\u00e9mit\u00e9 peut \u00eatre la suivante<br \/>\nsuivantes : (1) aluminium et aluminium ; (2) \u00e9tain et \u00e9tain ; (3) \u00e9tain et aluminium.<\/p>\n<p>Seam-X&reg;-Lab peut fonctionner avec la jauge d&rsquo;\u00e9paisseur de serti et la jauge de fraisage, pour constituer un syst\u00e8me de mesure complet pour le serti double.<br \/>\nsyst\u00e8me de mesure complet pour le double joint.<\/div>\n<p>&nbsp;<\/p>\n<h3>Les avantages<\/h3>\n<div class='prodocut_content'>1) Pas de d\u00e9chets, pas d&rsquo;\u00e9chantillons, \u00e9conomie de co\u00fbts et protection de l&rsquo;environnement.<br \/>\n2) Mesure automatique, rapide et efficace, fonctionnement simple<br \/>\n3) Plus pr\u00e9cis, \u00e9vite les erreurs de mesure manuelle<br \/>\n4) R\u00e9p\u00e9tabilit\u00e9 et reproductibilit\u00e9 exceptionnelles (R&#038;R)<br \/>\n5) Mesure de l&rsquo;\u00e9tanch\u00e9it\u00e9 par balayage \u00e0 360\u00b0.<br \/>\n6) Brevets d&rsquo;invention accord\u00e9s<br \/>\n7) Conforme aux crit\u00e8res de s\u00e9curit\u00e9 de la protection contre les rayonnements X, certifi\u00e9 par une tierce partie (0,08mSV\/an).<br \/>\n8) Fonctionnement s\u00fbr pour \u00e9viter les blessures dues \u00e0 la m\u00e9thode de coupe.<br \/>\n9) Calibrage facile gr\u00e2ce \u00e0 la pi\u00e8ce de calibrage fournie<br \/>\n10) Convient aux bo\u00eetes de conserve de diff\u00e9rentes tailles et sp\u00e9cifications<br \/>\n11) Le logiciel ouvre et ferme automatiquement la porte de protection.<br \/>\n12) Jugement automatique de r\u00e9ussite ou d&rsquo;\u00e9chec<br \/>\n13) Fonction d&rsquo;identification de la soudure pour les bo\u00eetes en 3 parties (en option)<br \/>\n14) Les donn\u00e9es de mesure peuvent \u00eatre stock\u00e9es automatiquement dans le SPC<\/div>\n","protected":false},"excerpt":{"rendered":"<h3>Scanner automatique de serti \u00e0 rayons X (non destructif)<\/h3>\n","protected":false},"featured_media":390,"comment_status":"closed","ping_status":"closed","template":"","meta":[],"product_brand":[],"product_cat":[22,58,21],"product_tag":[],"class_list":{"0":"post-358","1":"product","2":"type-product","3":"status-publish","4":"has-post-thumbnail","6":"product_cat-canette-aerosol-en-trois-parties-revetement","7":"product_cat-force-de-traction-appui-sous-pression-charge-verticale-resistance-aux-chocs","8":"product_cat-laboratoire","10":"first","11":"instock","12":"shipping-taxable","13":"product-type-simple"},"aioseo_notices":[],"_links":{"self":[{"href":"https:\/\/www.canneed.com\/fr\/wp-json\/wp\/v2\/product\/358","targetHints":{"allow":["GET"]}}],"collection":[{"href":"https:\/\/www.canneed.com\/fr\/wp-json\/wp\/v2\/product"}],"about":[{"href":"https:\/\/www.canneed.com\/fr\/wp-json\/wp\/v2\/types\/product"}],"replies":[{"embeddable":true,"href":"https:\/\/www.canneed.com\/fr\/wp-json\/wp\/v2\/comments?post=358"}],"wp:featuredmedia":[{"embeddable":true,"href":"https:\/\/www.canneed.com\/fr\/wp-json\/wp\/v2\/media\/390"}],"wp:attachment":[{"href":"https:\/\/www.canneed.com\/fr\/wp-json\/wp\/v2\/media?parent=358"}],"wp:term":[{"taxonomy":"product_brand","embeddable":true,"href":"https:\/\/www.canneed.com\/fr\/wp-json\/wp\/v2\/product_brand?post=358"},{"taxonomy":"product_cat","embeddable":true,"href":"https:\/\/www.canneed.com\/fr\/wp-json\/wp\/v2\/product_cat?post=358"},{"taxonomy":"product_tag","embeddable":true,"href":"https:\/\/www.canneed.com\/fr\/wp-json\/wp\/v2\/product_tag?post=358"}],"curies":[{"name":"wp","href":"https:\/\/api.w.org\/{rel}","templated":true}]}}