{"id":356,"date":"2025-05-13T15:58:24","date_gmt":"2025-05-13T07:58:24","guid":{"rendered":"http:\/\/www.canneed.com\/fr\/?post_type=product&#038;p=356"},"modified":"2025-05-13T15:58:29","modified_gmt":"2025-05-13T07:58:29","slug":"canneed-pwtg-1000","status":"publish","type":"product","link":"https:\/\/www.canneed.com\/fr\/product\/canneed-pwtg-1000\/","title":{"rendered":"CanNeed-PWTG-1000"},"content":{"rendered":"<p>&nbsp;<\/p>\n<h3>Application<\/h3>\n<div class='prodocut_content'>&nbsp;Le CanNeed-PWTG-1000 mesure avec pr\u00e9cision l&rsquo;\u00e9paisseur et les dimensions ext\u00e9rieures des bouteilles en PET.<br \/>\n&nbsp; &nbsp; &nbsp; La r\u00e9partition de l&rsquo;\u00e9paisseur et les dimensions ext\u00e9rieures des conteneurs en plastique sont des param\u00e8tres tr\u00e8s importants qui affectent directement la solidit\u00e9, la p\u00e9n\u00e9tration du CO2 et de l&rsquo;O2, la r\u00e9sistance \u00e0 la pression, la r\u00e9sistance au vide et les caract\u00e9ristiques de chargement vertical des conteneurs en plastique. La distribution de l&rsquo;\u00e9paisseur et les dimensions externes affectent \u00e9galement le bon fonctionnement de la ligne de remplissage et les performances de scellage du bouchon.<\/div>\n<p>&nbsp;<\/p>\n<h3>Les avantages<\/h3>\n<div class='prodocut_content'>\u25cf Mesure simultan\u00e9e de l&rsquo;\u00e9paisseur de la paroi et de la taille de la bouteille.<br \/>\n\u25cf Mesure sans contact<br \/>\n\u25cf Fonctionnement simple et rapide<br \/>\n\u25cf Mesure automatique<br \/>\n\u25cf Gestion des donn\u00e9es SPC et fonction de sortie<br \/>\n\u25cf Fonctionnement sur \u00e9cran tactile, interface simple et intuitive.<br \/>\n\u25cf Toutes les donn\u00e9es de la bouteille actuelle sont directement affich\u00e9es dans la position correspondante, intuitif et facile \u00e0 lire.<br \/>\n\u25cf Programmation, toutes les donn\u00e9es d&rsquo;une mesure cl\u00e9, r\u00e9duire la main-d&rsquo;\u0153uvre, r\u00e9duire la s\u00e9lection humaine des diff\u00e9rences de points.<br \/>\n\u25cf Les donn\u00e9es sont sauvegard\u00e9es en permanence, interrogeables \u00e0 volont\u00e9, exportables au format .xls.<br \/>\n\u25cf Pour les produits de 0~2mm d&rsquo;\u00e9paisseur, transparents et translucides.<br \/>\n\u25cf Taille maximale de la mesure : bouteille de 2,5L.<br \/>\n\u25cf Taille de l&rsquo;instrument : L 75 * L 65 H * 120mm&nbsp;<\/div>\n","protected":false},"excerpt":{"rendered":"<h3>Testeur d&rsquo;\u00e9paisseur de paroi et de dimension externe de bouteilles PET<\/h3>\n","protected":false},"featured_media":388,"comment_status":"closed","ping_status":"closed","template":"","meta":[],"product_brand":[],"product_cat":[17,22,21,19],"product_tag":[],"class_list":{"0":"post-356","1":"product","2":"type-product","3":"status-publish","4":"has-post-thumbnail","6":"product_cat-biere-en-conserve-boisson-en-conserve-en-conserve","7":"product_cat-canette-aerosol-en-trois-parties-revetement","8":"product_cat-laboratoire","9":"product_cat-ourlet-double","11":"first","12":"instock","13":"shipping-taxable","14":"product-type-simple"},"aioseo_notices":[],"_links":{"self":[{"href":"https:\/\/www.canneed.com\/fr\/wp-json\/wp\/v2\/product\/356","targetHints":{"allow":["GET"]}}],"collection":[{"href":"https:\/\/www.canneed.com\/fr\/wp-json\/wp\/v2\/product"}],"about":[{"href":"https:\/\/www.canneed.com\/fr\/wp-json\/wp\/v2\/types\/product"}],"replies":[{"embeddable":true,"href":"https:\/\/www.canneed.com\/fr\/wp-json\/wp\/v2\/comments?post=356"}],"wp:featuredmedia":[{"embeddable":true,"href":"https:\/\/www.canneed.com\/fr\/wp-json\/wp\/v2\/media\/388"}],"wp:attachment":[{"href":"https:\/\/www.canneed.com\/fr\/wp-json\/wp\/v2\/media?parent=356"}],"wp:term":[{"taxonomy":"product_brand","embeddable":true,"href":"https:\/\/www.canneed.com\/fr\/wp-json\/wp\/v2\/product_brand?post=356"},{"taxonomy":"product_cat","embeddable":true,"href":"https:\/\/www.canneed.com\/fr\/wp-json\/wp\/v2\/product_cat?post=356"},{"taxonomy":"product_tag","embeddable":true,"href":"https:\/\/www.canneed.com\/fr\/wp-json\/wp\/v2\/product_tag?post=356"}],"curies":[{"name":"wp","href":"https:\/\/api.w.org\/{rel}","templated":true}]}}