{"id":355,"date":"2025-05-13T15:58:24","date_gmt":"2025-05-13T07:58:24","guid":{"rendered":"http:\/\/www.canneed.com\/fr\/?post_type=product&#038;p=355"},"modified":"2025-05-13T15:58:28","modified_gmt":"2025-05-13T07:58:28","slug":"canneed-astg-1000","status":"publish","type":"product","link":"https:\/\/www.canneed.com\/fr\/product\/canneed-astg-1000\/","title":{"rendered":"CanNeed-ASTG-1000"},"content":{"rendered":"<p>&nbsp;<\/p>\n<h3>Application<\/h3>\n<div class='prodocut_content'>Certaines boissons en conserve pr\u00e9sentent des fuites d&rsquo;air. En mesurant l&rsquo;\u00e9paisseur du double joint de ces canettes qui fuient l&rsquo;air et apr\u00e8s avoir mesur\u00e9 automatiquement le joint sur 360\u00b0, vous d\u00e9couvrirez que le double joint est in\u00e9gal et que les valeurs d&rsquo;\u00e9paisseur de certains points sont plus importantes que d&rsquo;autres. Ces points, o\u00f9 les structures du serti ne sont pas suffisamment serr\u00e9es, sont probablement \u00e0 l&rsquo;origine de fuites d&rsquo;air dans la boisson en conserve.<br \/>\nIl est conseill\u00e9 de mesurer l&rsquo;\u00e9paisseur du double joint sur 360\u00b0, et si l&rsquo;\u00e9paisseur du joint est identifi\u00e9e comme in\u00e9gale, des mesures imm\u00e9diates doivent \u00eatre prises pour \u00e9viter les fuites d&rsquo;air dans la boisson en conserve.<br \/>\nLa jauge automatique d&rsquo;\u00e9paisseur de serti CanNeed-ASTG-1000 est dot\u00e9e d&rsquo;un syst\u00e8me de mesure automatique \u00e0 360\u00b0 de l&rsquo;\u00e9paisseur du serti, d&rsquo;une rotation automatique de la bo\u00eete pour une mesure multipoint, d&rsquo;une localisation ais\u00e9e des positions de serti d\u00e9fectueuses, d&rsquo;une vitesse \u00e9lev\u00e9e et d&rsquo;une grande pr\u00e9cision. Il \u00e9vite les erreurs humaines et la lecture num\u00e9rique s&rsquo;affiche sur l&rsquo;\u00e9cran tactile.<br \/>\nAvec l&rsquo;interface de sortie RS232, le r\u00e9sultat de la mesure peut \u00eatre transmis instantan\u00e9ment \u00e0 l&rsquo;ordinateur pour le traitement SPC.<br \/>\nEn option, le mode de mesure de la hauteur est possible.<\/div>\n<p>&nbsp;<\/p>\n<h3>Les avantages<\/h3>\n<div class='prodocut_content'>\n<ol>\n<li>\n\t\tMesure automatique \u00e0 360\u00b0 de l&rsquo;\u00e9paisseur de la double couture, jusqu&rsquo;\u00e0 50 points de test.\n\t<\/li>\n<li>\n\t\tRotation automatique de la canette pour les mesures multi-points.\n\t<\/li>\n<li>\n\t\tMesure rapide et correcte, \u00e9vitant les erreurs dues aux op\u00e9rations personnelles.\n\t<\/li>\n<\/ol>\n<\/div>\n","protected":false},"excerpt":{"rendered":"<h3>Jauge automatique d&rsquo;\u00e9paisseur de serti<\/h3>\n","protected":false},"featured_media":387,"comment_status":"closed","ping_status":"closed","template":"","meta":[],"product_brand":[],"product_cat":[31,58,21],"product_tag":[],"class_list":{"0":"post-355","1":"product","2":"type-product","3":"status-publish","4":"has-post-thumbnail","6":"product_cat-capuchon-metallique-capuchon-couronne-capuchon-a-languette-capuchon-a-vis-capuchon-a-ouverture-a-griffe","7":"product_cat-force-de-traction-appui-sous-pression-charge-verticale-resistance-aux-chocs","8":"product_cat-laboratoire","10":"first","11":"instock","12":"shipping-taxable","13":"product-type-simple"},"aioseo_notices":[],"_links":{"self":[{"href":"https:\/\/www.canneed.com\/fr\/wp-json\/wp\/v2\/product\/355","targetHints":{"allow":["GET"]}}],"collection":[{"href":"https:\/\/www.canneed.com\/fr\/wp-json\/wp\/v2\/product"}],"about":[{"href":"https:\/\/www.canneed.com\/fr\/wp-json\/wp\/v2\/types\/product"}],"replies":[{"embeddable":true,"href":"https:\/\/www.canneed.com\/fr\/wp-json\/wp\/v2\/comments?post=355"}],"wp:featuredmedia":[{"embeddable":true,"href":"https:\/\/www.canneed.com\/fr\/wp-json\/wp\/v2\/media\/387"}],"wp:attachment":[{"href":"https:\/\/www.canneed.com\/fr\/wp-json\/wp\/v2\/media?parent=355"}],"wp:term":[{"taxonomy":"product_brand","embeddable":true,"href":"https:\/\/www.canneed.com\/fr\/wp-json\/wp\/v2\/product_brand?post=355"},{"taxonomy":"product_cat","embeddable":true,"href":"https:\/\/www.canneed.com\/fr\/wp-json\/wp\/v2\/product_cat?post=355"},{"taxonomy":"product_tag","embeddable":true,"href":"https:\/\/www.canneed.com\/fr\/wp-json\/wp\/v2\/product_tag?post=355"}],"curies":[{"name":"wp","href":"https:\/\/api.w.org\/{rel}","templated":true}]}}