{"id":354,"date":"2025-05-13T15:58:24","date_gmt":"2025-05-13T07:58:24","guid":{"rendered":"http:\/\/www.canneed.com\/fr\/?post_type=product&#038;p=354"},"modified":"2025-05-13T15:58:28","modified_gmt":"2025-05-13T07:58:28","slug":"canneed-ader-e1000","status":"publish","type":"product","link":"https:\/\/www.canneed.com\/fr\/product\/canneed-ader-e1000\/","title":{"rendered":"CanNeed-ADER-E1000"},"content":{"rendered":"<p>&nbsp;<\/p>\n<h3>Application<\/h3>\n<div class='prodocut_content'>CanNeed-ADER-E1000 est utilis\u00e9 pour tester la couverture de la couche d&rsquo;\u00e9mail \u00e0 l&rsquo;int\u00e9rieur des extr\u00e9mit\u00e9s (compacit\u00e9 de la couche d&rsquo;\u00e9mail, mA).<br \/>\nL&rsquo;ADER-E1000 place automatiquement l&rsquo;extr\u00e9mit\u00e9 dans la station de mesure, puis obtient la valeur du courant (mA) de l&rsquo;extr\u00e9mit\u00e9 apr\u00e8s 4 secondes, et affiche \u00e9galement la valeur maximale du courant et la valeur moyenne du courant en m\u00eame temps. En cas d&rsquo;\u00e9chec du test d\u00fb \u00e0 un mauvais contact, un rappel et un avertissement s&rsquo;affichent. Les donn\u00e9es peuvent \u00eatre transmises \u00e0 un PC via l&rsquo;interface RS 232 C.<br \/>\nL&rsquo;ADER-E1000 peut d\u00e9tecter le m\u00e9tal expos\u00e9 plus rapidement gr\u00e2ce \u00e0 une conception \u00e9lectrique optimis\u00e9e qui rend les tests plus rapides, plus fiables et plus pr\u00e9cis.<\/div>\n<p>&nbsp;<\/p>\n<h3>Les avantages<\/h3>\n<div class='prodocut_content'>\n<ol>\n<li>\n\t\tConvient \u00e0 diff\u00e9rents types et tailles d&rsquo;extr\u00e9mit\u00e9s.\n\t<\/li>\n<li>\n\t\t\u00c9chantillonnage automatique\n\t<\/li>\n<li>\n\t\tTest automatique de la hauteur de l&rsquo;\u00e9lectrolyte.\n\t<\/li>\n<li>\n\t\tAjout automatique d&rsquo;\u00e9lectrolyte.\n\t<\/li>\n<li>\n\t\t\u00c9chantillonnage automatique, test de fonctionnement sans surveillance, ce qui permet d&rsquo;\u00e9conomiser du temps et de la main-d&rsquo;\u0153uvre.\n\t<\/li>\n<li>\n\t\tD\u00e9tection automatique, alarme en cas de d\u00e9passement de la plage sp\u00e9cifique\n\t<\/li>\n<li>\n\t\tSauvegarde automatique des donn\u00e9es et transfert vers le SPC, avec affichage de la courbe.\n\t<\/li>\n<li>\n\t\tInterface conviviale avec l&rsquo;\u00e9chantillonneur automatique\n\t<\/li>\n<li>\n\t\t\u00ab La fonction d&rsquo;inversion de la tension permet d&rsquo;inverser la polarit\u00e9 de la tension \u00e0 l&rsquo;aide d&rsquo;une seule touche, ce qui facilite les tests.\n\t<\/li>\n<li>\n\t\tConfiguration de s\u00e9curit\u00e9 multiple et protection contre les surcharges\n\t<\/li>\n<\/ol>\n<\/div>\n","protected":false},"excerpt":{"rendered":"<h3>Mesureur d&rsquo;\u00e9mail num\u00e9rique automatique pour les extr\u00e9mit\u00e9s<\/h3>\n","protected":false},"featured_media":384,"comment_status":"closed","ping_status":"closed","template":"","meta":[],"product_brand":[],"product_cat":[33,55,21],"product_tag":[],"class_list":{"0":"post-354","1":"product","2":"type-product","3":"status-publish","4":"has-post-thumbnail","6":"product_cat-bouteilles-pet-boissons-bouteilles-pet-embryons-de-bouteilles-bouchons-en-plastique","7":"product_cat-epaisseur","8":"product_cat-laboratoire","10":"first","11":"instock","12":"shipping-taxable","13":"product-type-simple"},"aioseo_notices":[],"_links":{"self":[{"href":"https:\/\/www.canneed.com\/fr\/wp-json\/wp\/v2\/product\/354","targetHints":{"allow":["GET"]}}],"collection":[{"href":"https:\/\/www.canneed.com\/fr\/wp-json\/wp\/v2\/product"}],"about":[{"href":"https:\/\/www.canneed.com\/fr\/wp-json\/wp\/v2\/types\/product"}],"replies":[{"embeddable":true,"href":"https:\/\/www.canneed.com\/fr\/wp-json\/wp\/v2\/comments?post=354"}],"wp:featuredmedia":[{"embeddable":true,"href":"https:\/\/www.canneed.com\/fr\/wp-json\/wp\/v2\/media\/384"}],"wp:attachment":[{"href":"https:\/\/www.canneed.com\/fr\/wp-json\/wp\/v2\/media?parent=354"}],"wp:term":[{"taxonomy":"product_brand","embeddable":true,"href":"https:\/\/www.canneed.com\/fr\/wp-json\/wp\/v2\/product_brand?post=354"},{"taxonomy":"product_cat","embeddable":true,"href":"https:\/\/www.canneed.com\/fr\/wp-json\/wp\/v2\/product_cat?post=354"},{"taxonomy":"product_tag","embeddable":true,"href":"https:\/\/www.canneed.com\/fr\/wp-json\/wp\/v2\/product_tag?post=354"}],"curies":[{"name":"wp","href":"https:\/\/api.w.org\/{rel}","templated":true}]}}