{"id":353,"date":"2025-05-13T15:58:24","date_gmt":"2025-05-13T07:58:24","guid":{"rendered":"http:\/\/www.canneed.com\/fr\/?post_type=product&#038;p=353"},"modified":"2025-05-13T15:58:27","modified_gmt":"2025-05-13T07:58:27","slug":"canneed-octg-4000","status":"publish","type":"product","link":"https:\/\/www.canneed.com\/fr\/product\/canneed-octg-4000\/","title":{"rendered":"CanNeed-OCTG-4000"},"content":{"rendered":"<p>&nbsp;<\/p>\n<h3>Application<\/h3>\n<div class='prodocut_content'>Mesure en temps r\u00e9el de l&rsquo;\u00e9paisseur du rev\u00eatement et du film d&rsquo;\u00e9tanch\u00e9it\u00e9 : gain de temps et am\u00e9lioration de la qualit\u00e9<br \/>\nFournit des r\u00e9sultats en temps r\u00e9el sur des couches simples ou doubles<br \/>\nAdopte une technologie optique sans contact, applicable \u00e0 la R&#038;D, au contr\u00f4le qualit\u00e9 et \u00e0 la production en ligne.<br \/>\nDans les secteurs de l&rsquo;\u00e9nergie solaire, du filmage optique, de l&#8217;emballage alimentaire et de l&#8217;emballage m\u00e9tallique, am\u00e9liorez la qualit\u00e9 de la surface telle que l&rsquo;apparence, l&rsquo;adh\u00e9rence, la r\u00e9sistance \u00e0 la corrosion, la r\u00e9sistance \u00e0 l&rsquo;usure et la r\u00e9sistance aux rayures.<\/div>\n<p>&nbsp;<\/p>\n<h3>Les avantages<\/h3>\n<div class='prodocut_content'>\n<ol>\n<li>\n\t\tDiminution des pertes : CanNeed-CTG-4000 peut tester rapidement et avec pr\u00e9cision l&rsquo;\u00e9paisseur du film en temps r\u00e9el sur la ligne de production. Les probl\u00e8mes et les tendances sont rep\u00e9r\u00e9s plus t\u00f4t, ce qui r\u00e9duit la quantit\u00e9 de produits d\u00e9fectueux sur la ligne.\n\t<\/li>\n<li>\n\t\tHaute efficacit\u00e9 gr\u00e2ce \u00e0 la technologie optique.\n\t<\/li>\n<li>\n\t\tR\u00e9duction de la consommation de laque : gr\u00e2ce \u00e0 l&rsquo;am\u00e9lioration de la pr\u00e9cision, les donn\u00e9es relatives au poids du film sont pr\u00e9cises, ce qui permet d&rsquo;am\u00e9liorer le contr\u00f4le et de r\u00e9duire les objectifs de poids du film.\n\t<\/li>\n<li>\n\t\tAm\u00e9lioration de la qualit\u00e9 du produit : des relev\u00e9s pr\u00e9cis signifient que l&rsquo;\u00e9quipement de rev\u00eatement ou de pulv\u00e9risation sera r\u00e9gl\u00e9 et entretenu plus \u00e9troitement en fonction des sp\u00e9cifications requises, ce qui am\u00e9liorera la qualit\u00e9 et la confiance dans votre produit.\n\t<\/li>\n<\/ol>\n<\/div>\n","protected":false},"excerpt":{"rendered":"<h3>Jauge d\u2019\u00e9paisseur d\u2019enrobage CanNeed-CTG-4000 \uff08enrobage humide et s\u00e8che \uff09<\/h3>\n","protected":false},"featured_media":383,"comment_status":"closed","ping_status":"closed","template":"","meta":[],"product_brand":[],"product_cat":[17,21,19],"product_tag":[],"class_list":{"0":"post-353","1":"product","2":"type-product","3":"status-publish","4":"has-post-thumbnail","6":"product_cat-biere-en-conserve-boisson-en-conserve-en-conserve","7":"product_cat-laboratoire","8":"product_cat-ourlet-double","10":"first","11":"instock","12":"shipping-taxable","13":"product-type-simple"},"aioseo_notices":[],"_links":{"self":[{"href":"https:\/\/www.canneed.com\/fr\/wp-json\/wp\/v2\/product\/353","targetHints":{"allow":["GET"]}}],"collection":[{"href":"https:\/\/www.canneed.com\/fr\/wp-json\/wp\/v2\/product"}],"about":[{"href":"https:\/\/www.canneed.com\/fr\/wp-json\/wp\/v2\/types\/product"}],"replies":[{"embeddable":true,"href":"https:\/\/www.canneed.com\/fr\/wp-json\/wp\/v2\/comments?post=353"}],"wp:featuredmedia":[{"embeddable":true,"href":"https:\/\/www.canneed.com\/fr\/wp-json\/wp\/v2\/media\/383"}],"wp:attachment":[{"href":"https:\/\/www.canneed.com\/fr\/wp-json\/wp\/v2\/media?parent=353"}],"wp:term":[{"taxonomy":"product_brand","embeddable":true,"href":"https:\/\/www.canneed.com\/fr\/wp-json\/wp\/v2\/product_brand?post=353"},{"taxonomy":"product_cat","embeddable":true,"href":"https:\/\/www.canneed.com\/fr\/wp-json\/wp\/v2\/product_cat?post=353"},{"taxonomy":"product_tag","embeddable":true,"href":"https:\/\/www.canneed.com\/fr\/wp-json\/wp\/v2\/product_tag?post=353"}],"curies":[{"name":"wp","href":"https:\/\/api.w.org\/{rel}","templated":true}]}}