{"id":34,"date":"2025-05-13T15:57:16","date_gmt":"2025-05-13T07:57:16","guid":{"rendered":"http:\/\/www.canneed.com\/fr\/?post_type=product&#038;p=34"},"modified":"2025-05-13T15:57:25","modified_gmt":"2025-05-13T07:57:25","slug":"seamsight-c","status":"publish","type":"product","link":"https:\/\/www.canneed.com\/fr\/product\/seamsight-c\/","title":{"rendered":"SeamSight-C"},"content":{"rendered":"<p>&nbsp;<\/p>\n<h3>Application<\/h3>\n<div class='prodocut_content'>\n<p>\n\tA condition de non couper et d\u00e9truire le contenant sp\u00e9cimen, on mesure l\u2019\u00e9paisseur du roulage \u00e0 l\u2019aide d\u2019une \u2018jaune d\u2019\u00e9paisseur du roulage STG -200-d\u2019, mesure la profondeur d\u2019encastrement \u00e0 travers une \u2018jauge de la profondeur d\u2019encastrement CSG-d\u2019, le logiciel Seam Sight&reg; peut collecter l\u2019\u00e9paisseur du roulage ainsi que les donn\u00e9es de la profondeur d\u2019encastrement du comparateur \u00e0 cadran automatiquement.\n<\/p>\n<p>\n\tPoser les contenants sp\u00e9cimens sci\u00e9s sous le cam\u00e9ra sur la plate-forme au projecteur de roulage automatique SeamSight&reg;, les images du roulage et du scellement sont affich\u00e9es sur l\u2019\u00e9cran , il suffit d\u2019appuyer sur le bouton \u2018validation\u2019, la mesure pourra \u00eatre effectu\u00e9e en moins de \u20181 sec.\u2019, la base de donn\u00e9es peut enregistrer les images et donn\u00e9es du roulage.<br \/>\n&nbsp;&nbsp;\n<\/p>\n<p>\n\tLe syst\u00e8me Seam Sight&reg;collecte automatiquementles donn\u00e9es qui sont acquises par la jauge d\u2019\u00e9paisseur du roulage STG-200-d et la jauge de la profondeur d\u2019encastrement CSG-d, ces donn\u00e9es peuvent \u00eatre transmises automatiquement \u00e0 l\u2019ordinateur par des c\u00e2bles de donn\u00e9es, les donn\u00e9es de l\u2019\u00e9paisseur du roulage r\u00e9elle, de la profondeur d\u2019encastrement r\u00e9elle ainsi que les autres donn\u00e9es g\u00e9n\u00e8rent ensemble un rapport, am\u00e9liorant le processus de mesure.\n<\/p>\n<\/div>\n<p>&nbsp;<\/p>\n<h3>Les avantages<\/h3>\n<div class='prodocut_content'>\n<p>\n\t1)Positionnement automatique, la mesure est effectu\u00e9e automatiquement en moins de \u20181 sec\u2019, \u00eatre efficace et pr\u00e9cis .\n<\/p>\n<p>\n\t2)Adopte une lentille Golden Lens&reg; la plus innovante, exempte l\u2019interf\u00e9rence de la lumi\u00e8re ambiante, la limpidit\u00e9 de l\u2019image atteint un niveau avanc\u00e9 du monde.\n<\/p>\n<p>\n\t3)Le logiciel int\u00e8gre une fonction SPC, le transmetteur peut collecter automatiquement les donn\u00e9s du comparateur \u00e0 cadran digital de la marque Mitutoyo (\u00c9paisseur du roulage r\u00e9elle, profondeur d\u2019encastrement r\u00e9elle)\n<\/p>\n<p>\n\t4)Il suffit de relier \u00e0 l\u2019interface USB de l\u2019ordinateur, il ne faut pas des autres alimentations suppl\u00e9mentaires\n<\/p>\n<p>\n\t5)Peut mesurer la compactivit\u00e9\n<\/p>\n<p>\n\t6)5 sortes de formules \u00e0 calculer le taux d\u2019accrochage du roulage et du scellement sont fournies aux clients.\n<\/p>\n<p>\n\t7)La fonction de positionnement de l\u2019amplification partielle des images am\u00e9liore la pr\u00e9cision de positionnement pour la mesure.\n<\/p>\n<p>\n\t8)Il peut \u00e9quiper d\u2019une scie silencieuse, \u00e9viter le bruit dur produit par le taillage des r\u00e9cipients sp\u00e9cimens, prot\u00e9ger le syst\u00e8me acoustique.\n<\/p>\n<p>\n\t9)Les utilisateurs peuvent personnaliser le format du rapport, cet instrument s\u2019adapte au style personnel et le type de l\u2019entreprise.\n<\/p>\n<p>\n\t10)12 items du test: Compactivit\u00e9, Longueur du roulage de bord, longueur du crochet du corps, longueur du crochet du couvercle, longueur de superposition, longueur d\u2019\u00e9cartement du roulage de bord, taux de superposition, pourcentage d\u2019accrochage du corps du contenant, pourcentage d\u2019accrochage du couvercle, \u00e9paisseur du roulage de bord des images, \u00e9paisseur du roulage de bord r\u00e9elle*,profondeur d\u2019encastrement r\u00e9elle*.\n<\/p>\n<p>\n\t11)La base de donn\u00e9es g\u00e8re tous les r\u00e9sultats et images de chaque section, facilite la requ\u00eate .\n<\/p>\n<p>\n\t12)Elle peut rappeler les images de scellement et de roulage enregistr\u00e9es auparavant pour effectuer de nouveau un essai.<br \/>\n13)Multiples de diagrammes de statistique facilitent l\u2019analyse de la qualit\u00e9 pour les produits.\n<\/p>\n<p>\n\t14)On peut archiver les r\u00e9sultats de mesure aux formulaires \u00e9lectroniques Excel.\n<\/p>\n<p>\n\t15)Peut \u00e9tablir nombreux de normes de test de la conformit\u00e9 , pendant chaque mesure, l\u2019instrument peut diagnostiquer automatiquement et avertir si les r\u00e9sultats de mesure sont satisfaisants.\n<\/p>\n<p>\n\t16)Les donn\u00e9s de la mesure et la ligne indicative sont marqu\u00e9es directement sur l\u00e8s images du roulage de bord, elles peuvent \u00eatre affich\u00e9es aux emplacements correspondants sur l\u2019\u00e9cran .\n<\/p>\n<p>\n\t17)On peut enregistrer et imprimer les images et donn\u00e9s du roulage de bord, facilite la communication avec les services de production ou les fabricants de contenants, pas besoinde conserverl&rsquo;\u00e9chantilloncontenant.\n<\/p>\n<p>\n\t18)Fournir un bloc de calibration, les utilisateurs peuvent calibrer l\u2019instrument \u00e0 tout moment et r\u00e9gler un code de calibration.\n<\/p>\n<p>\n\t19)Applique une source lumineuse la plus durable \u00e0 pr\u00e9sent, elle est plus durable par comparaison aux autres produits similaires.1)Positionnement automatique, la mesure est effectu\u00e9e automatiquement en moins de \u20181 sec\u2019, \u00eatre efficace et pr\u00e9cis .\n<\/p>\n<\/div>\n<p>&nbsp;<\/p>\n<h3>Param\u00e8tres techniques<\/h3>\n<div class='prodocut_content'>\n<p>\n\tR\u00e9solution 0.001mm\n<\/p>\n<p>\n\tpr\u00e9cision: 0.005mm\n<\/p>\n<p>\n\tFacteur d\u2019amplification:60\u00d7\n<\/p>\n<p>\n\tFacteur d\u2019amplification de positionnement: \uff1a180\u00d7\n<\/p>\n<\/div>\n","protected":false},"excerpt":{"rendered":"<h3>Projecteur de roulage automatique<\/h3>\n","protected":false},"featured_media":70,"comment_status":"closed","ping_status":"closed","template":"","meta":[],"product_brand":[],"product_cat":[17,22,23,21,19],"product_tag":[],"class_list":{"0":"post-34","1":"product","2":"type-product","3":"status-publish","4":"has-post-thumbnail","6":"product_cat-biere-en-conserve-boisson-en-conserve-en-conserve","7":"product_cat-canette-aerosol-en-trois-parties-revetement","8":"product_cat-canette-bouteille-en-aluminium-en-deux-parties","9":"product_cat-laboratoire","10":"product_cat-ourlet-double","12":"first","13":"instock","14":"shipping-taxable","15":"product-type-simple"},"aioseo_notices":[],"_links":{"self":[{"href":"https:\/\/www.canneed.com\/fr\/wp-json\/wp\/v2\/product\/34","targetHints":{"allow":["GET"]}}],"collection":[{"href":"https:\/\/www.canneed.com\/fr\/wp-json\/wp\/v2\/product"}],"about":[{"href":"https:\/\/www.canneed.com\/fr\/wp-json\/wp\/v2\/types\/product"}],"replies":[{"embeddable":true,"href":"https:\/\/www.canneed.com\/fr\/wp-json\/wp\/v2\/comments?post=34"}],"wp:featuredmedia":[{"embeddable":true,"href":"https:\/\/www.canneed.com\/fr\/wp-json\/wp\/v2\/media\/70"}],"wp:attachment":[{"href":"https:\/\/www.canneed.com\/fr\/wp-json\/wp\/v2\/media?parent=34"}],"wp:term":[{"taxonomy":"product_brand","embeddable":true,"href":"https:\/\/www.canneed.com\/fr\/wp-json\/wp\/v2\/product_brand?post=34"},{"taxonomy":"product_cat","embeddable":true,"href":"https:\/\/www.canneed.com\/fr\/wp-json\/wp\/v2\/product_cat?post=34"},{"taxonomy":"product_tag","embeddable":true,"href":"https:\/\/www.canneed.com\/fr\/wp-json\/wp\/v2\/product_tag?post=34"}],"curies":[{"name":"wp","href":"https:\/\/api.w.org\/{rel}","templated":true}]}}