{"id":33,"date":"2025-05-13T15:57:16","date_gmt":"2025-05-13T07:57:16","guid":{"rendered":"http:\/\/www.canneed.com\/fr\/?post_type=product&#038;p=33"},"modified":"2025-05-13T15:57:24","modified_gmt":"2025-05-13T07:57:24","slug":"seamsight-b","status":"publish","type":"product","link":"https:\/\/www.canneed.com\/fr\/product\/seamsight-b\/","title":{"rendered":"SeamSight\u00ae-B"},"content":{"rendered":"<p>&nbsp;<\/p>\n<h3>Application<\/h3>\n<div class='prodocut_content'>Le syst\u00e8me SeamSight&reg; est \u00e9quip\u00e9 du nouveau logiciel de mesure des coutures SeamSight&reg; Professional Software. Le positionnement de la ligne se fait automatiquement et la mesure est termin\u00e9e en 1 seconde !<\/p>\n<p>Le syst\u00e8me de collecte de donn\u00e9es CanNeed SPC permet de transf\u00e9rer automatiquement \u00e0 l&rsquo;ordinateur l&rsquo;\u00e9paisseur r\u00e9elle de la couture, le chanfrein r\u00e9el, etc.<\/p>\n<p>Le logiciel a \u00e9galement adopt\u00e9 le syst\u00e8me de gestion de la base de donn\u00e9es, toutes les donn\u00e9es de mesure seront restaur\u00e9es dans la base de donn\u00e9es du syst\u00e8me, afin d&rsquo;am\u00e9liorer les performances du logiciel et de faciliter la gestion des donn\u00e9es. Les statistiques et le tableau des r\u00e9sultats ont \u00e9t\u00e9 ajout\u00e9s \u00e0 l&rsquo;\u00e9cran de la base de donn\u00e9es pour permettre une vue d&rsquo;ensemble et une comparaison. Par ailleurs, l&rsquo;\u00e9cran de mesure a \u00e9t\u00e9 optimis\u00e9 pour un affichage vivant des r\u00e9sultats.<\/p>\n<p>Avec le moniteur CanNeed Automatic Seam Sight&reg;, il suffit d&rsquo;appuyer sur la touche \u00ab Auto Measure \u00bb pour positionner automatiquement la ligne et terminer la mesure en une seconde ! Il peut mesurer la dimension de la couture automatiquement, efficacement, simplement et \u00e9viter les erreurs de l&rsquo;op\u00e9rateur. Gr\u00e2ce au syst\u00e8me de collecte de donn\u00e9es CanNeed SPC (jauge de chanfrein CSG-200 et jauge d&rsquo;\u00e9paisseur de serti STG-200D), l&rsquo;\u00e9paisseur r\u00e9elle du serti, le chanfrein r\u00e9el, etc. peuvent \u00eatre transf\u00e9r\u00e9s automatiquement \u00e0 l&rsquo;ordinateur. Ces donn\u00e9es peuvent g\u00e9n\u00e9rer un rapport avec d&rsquo;autres donn\u00e9es, ce qui permet d&rsquo;am\u00e9liorer le processus.<\/div>\n<p>&nbsp;<\/p>\n<h3>Les avantages<\/h3>\n<div class='prodocut_content'>1) Positionnement enti\u00e8rement automatique de la ligne (mesure automatique), la mesure est termin\u00e9e en 1 seconde !<br \/>\n2) \u00c9quip\u00e9 d&rsquo;un dispositif de capture vid\u00e9o Golden Lens&reg; qui ne subit aucune interf\u00e9rence de la part d&rsquo;une source de lumi\u00e8re externe et garantit une haute d\u00e9finition de l&rsquo;image.<br \/>\n3) Compatible SPC, utilisez un adaptateur de donn\u00e9es pour collecter les donn\u00e9es de l&rsquo;indicateur num\u00e9rique Mitutoyo (\u00e9paisseur r\u00e9elle du serti ; fraisage r\u00e9el).<br \/>\n4) Connectez le Seam Sight \u00e0 l&rsquo;USB du PC pour l&rsquo;alimentation \u00e9lectrique. Une alimentation \u00e9lectrique suppl\u00e9mentaire n&rsquo;est pas n\u00e9cessaire.<br \/>\n5) L&rsquo;\u00e9tanch\u00e9it\u00e9 peut \u00eatre mesur\u00e9e<br \/>\n6) Il existe 5 formules de calcul du taux de chevauchement que les clients peuvent choisir.<br \/>\n7) R\u00e9solution : 0,001 mm Pr\u00e9cision : 0,005 mm Facteur d&rsquo;agrandissement : 60 X Facteur d&rsquo;agrandissement du positionnement de la ligne : 180 X<br \/>\n8) L&rsquo;option de grossissement permet aux utilisateurs d&rsquo;agrandir l&rsquo;image de test pour un positionnement plus pr\u00e9cis de la ligne.<br \/>\n9) La scie \u00e0 sertis anti-bruit peut \u00eatre choisie pour prot\u00e9ger l&rsquo;ou\u00efe.<br \/>\n10) Le format du rapport peut \u00eatre personnalis\u00e9, ce qui permet de s&rsquo;adapter aux diff\u00e9rents styles de rapport des diff\u00e9rentes entreprises.<br \/>\n11) 12 \u00e9l\u00e9ments de mesure : Etanch\u00e9it\u00e9, longueur du serti, longueur du crochet de corps, longueur du crochet d&rsquo;extr\u00e9mit\u00e9, chevauchement, \u00e9cart du serti, taux de chevauchement, taux de rodage du crochet de corps, taux de rodage du crochet d&rsquo;extr\u00e9mit\u00e9, \u00e9paisseur du serti \u00e0 l&rsquo;\u00e9cran ; \u00e9paisseur r\u00e9elle du serti ; fraisage r\u00e9el ;<br \/>\n12) Le logiciel a adopt\u00e9 un syst\u00e8me de gestion de base de donn\u00e9es, les r\u00e9sultats des mesures et les images sont enregistr\u00e9s dans la base de donn\u00e9es.<br \/>\n13) Les utilisateurs peuvent revoir ou remesurer les projets sauvegard\u00e9s \u00e0 tout moment.<br \/>\n14) La fonction statistique du graphique permet d&rsquo;analyser et de comparer automatiquement les r\u00e9sultats des mesures.<br \/>\n15) Les donn\u00e9es peuvent \u00eatre export\u00e9es sous forme de fichier Excel<br \/>\n16) Pr\u00e9d\u00e9finition de diverses normes de qualification, \u00e9valuation automatique et avertissement si les r\u00e9sultats sont qualifi\u00e9s pour chaque mesure<br \/>\n17) Les r\u00e9sultats des mesures et les lignes d&rsquo;\u00e9tiquetage sont marqu\u00e9s directement sur l&rsquo;image, les r\u00e9sultats s&rsquo;affichent \u00e9galement dans le champ correspondant \u00e0 l&rsquo;\u00e9cran.<br \/>\n18) L&rsquo;image de la couture peut \u00eatre imprim\u00e9e et stock\u00e9e, il n&rsquo;est pas n\u00e9cessaire de conserver les bo\u00eetes d&rsquo;\u00e9chantillons.<br \/>\n19) Fourni avec une pi\u00e8ce d&rsquo;\u00e9talonnage, l&rsquo;\u00e9talonnage peut \u00eatre effectu\u00e9 \u00e0 tout moment.<br \/>\n20) L&rsquo;utilisation d&rsquo;une source monochromatique augmente la dur\u00e9e de vie de l&rsquo;appareil.<\/div>\n","protected":false},"excerpt":{"rendered":"<h3>Contr\u00f4le automatique des coutures<\/h3>\n","protected":false},"featured_media":69,"comment_status":"closed","ping_status":"closed","template":"","meta":[],"product_brand":[],"product_cat":[17,21,19],"product_tag":[],"class_list":{"0":"post-33","1":"product","2":"type-product","3":"status-publish","4":"has-post-thumbnail","6":"product_cat-biere-en-conserve-boisson-en-conserve-en-conserve","7":"product_cat-laboratoire","8":"product_cat-ourlet-double","10":"first","11":"instock","12":"shipping-taxable","13":"product-type-simple"},"aioseo_notices":[],"_links":{"self":[{"href":"https:\/\/www.canneed.com\/fr\/wp-json\/wp\/v2\/product\/33","targetHints":{"allow":["GET"]}}],"collection":[{"href":"https:\/\/www.canneed.com\/fr\/wp-json\/wp\/v2\/product"}],"about":[{"href":"https:\/\/www.canneed.com\/fr\/wp-json\/wp\/v2\/types\/product"}],"replies":[{"embeddable":true,"href":"https:\/\/www.canneed.com\/fr\/wp-json\/wp\/v2\/comments?post=33"}],"wp:featuredmedia":[{"embeddable":true,"href":"https:\/\/www.canneed.com\/fr\/wp-json\/wp\/v2\/media\/69"}],"wp:attachment":[{"href":"https:\/\/www.canneed.com\/fr\/wp-json\/wp\/v2\/media?parent=33"}],"wp:term":[{"taxonomy":"product_brand","embeddable":true,"href":"https:\/\/www.canneed.com\/fr\/wp-json\/wp\/v2\/product_brand?post=33"},{"taxonomy":"product_cat","embeddable":true,"href":"https:\/\/www.canneed.com\/fr\/wp-json\/wp\/v2\/product_cat?post=33"},{"taxonomy":"product_tag","embeddable":true,"href":"https:\/\/www.canneed.com\/fr\/wp-json\/wp\/v2\/product_tag?post=33"}],"curies":[{"name":"wp","href":"https:\/\/api.w.org\/{rel}","templated":true}]}}