{"id":316,"date":"2025-05-13T15:58:12","date_gmt":"2025-05-13T07:58:12","guid":{"rendered":"http:\/\/www.canneed.com\/fr\/?post_type=product&#038;p=316"},"modified":"2025-05-13T15:58:23","modified_gmt":"2025-05-13T07:58:23","slug":"canneed-aeps-100","status":"publish","type":"product","link":"https:\/\/www.canneed.com\/fr\/product\/canneed-aeps-100\/","title":{"rendered":"CanNeed-AEPS-100"},"content":{"rendered":"<p>&nbsp;<\/p>\n<h3>Application<\/h3>\n<div class='prodocut_content'>Le syst\u00e8me automatique de profilage d&rsquo;extr\u00e9mit\u00e9 CanNeed-AEPS-100 est utilis\u00e9 pour mesurer les dimensions d&rsquo;extr\u00e9mit\u00e9. Il offre d&rsquo;excellentes performances gr\u00e2ce \u00e0 l&rsquo;adoption d&rsquo;une technologie de mesure optique pr\u00e9cise, qui permet de mesurer les dimensions d&rsquo;extr\u00e9mit\u00e9 avec exactitude.<br \/>\nL&rsquo;impr\u00e9cision des dimensions de l&rsquo;extr\u00e9mit\u00e9 est g\u00e9n\u00e9ralement \u00e0 l&rsquo;origine de d\u00e9fauts de double soudure tels que l&rsquo;\u00e9tanch\u00e9it\u00e9 d\u00e9fectueuse, le couvercle de palier et l&rsquo;\u00e9tanch\u00e9it\u00e9 erron\u00e9e, etc. Il est difficile de mesurer les dimensions du profil des extr\u00e9mit\u00e9s sans CanNeed-AEPS-100.<br \/>\nCanNeed-AEPS-100 remplace les m\u00e9thodes de mesure par destruction. Les m\u00e9thodes de mesure par destruction sont non seulement impr\u00e9cises et fastidieuses, mais elles donnent \u00e9galement des r\u00e9sultats diff\u00e9rents en raison de la diversit\u00e9 des op\u00e9rateurs.&nbsp;<br \/>\nAdoptant une technologie de mesure optique pr\u00e9cise, CanNeed-AEPS-100 peut mesurer tous les param\u00e8tres importants des extr\u00e9mit\u00e9s.&nbsp;<\/div>\n<p>&nbsp;<\/p>\n<h3>Les avantages<\/h3>\n<div class='prodocut_content'>1) D\u00e9finir les param\u00e8tres de la boucle finale !<br \/>\n2) Mesure rapide !<br \/>\n3) Haute pr\u00e9cision !<br \/>\n4) Mesure sans contact et non destructive !<br \/>\n5) Mesure non destructive de la largeur de la boucle finale !<br \/>\n6) Possibilit\u00e9 de mesurer certains param\u00e8tres qui \u00e9taient difficiles \u00e0 obtenir auparavant, par exemple la largeur et le rayon de l&rsquo;extr\u00e9mit\u00e9 de la boucle.&nbsp;&nbsp;<br \/>\n7) Fournir un rapport&nbsp;<\/div>\n","protected":false},"excerpt":{"rendered":"<h3>Syst\u00e8mes automatiques de profil\u00e9s d&rsquo;extr\u00e9mit\u00e9<\/h3>\n","protected":false},"featured_media":352,"comment_status":"closed","ping_status":"closed","template":"","meta":[],"product_brand":[],"product_cat":[31,29,27],"product_tag":[],"class_list":{"0":"post-316","1":"product","2":"type-product","3":"status-publish","4":"has-post-thumbnail","6":"product_cat-capuchon-metallique-capuchon-couronne-capuchon-a-languette-capuchon-a-vis-capuchon-a-ouverture-a-griffe","7":"product_cat-film-de-peinture-peinture-revetement","8":"product_cat-ligne-de-conditionnement-en-ligne","10":"first","11":"instock","12":"shipping-taxable","13":"product-type-simple"},"aioseo_notices":[],"_links":{"self":[{"href":"https:\/\/www.canneed.com\/fr\/wp-json\/wp\/v2\/product\/316","targetHints":{"allow":["GET"]}}],"collection":[{"href":"https:\/\/www.canneed.com\/fr\/wp-json\/wp\/v2\/product"}],"about":[{"href":"https:\/\/www.canneed.com\/fr\/wp-json\/wp\/v2\/types\/product"}],"replies":[{"embeddable":true,"href":"https:\/\/www.canneed.com\/fr\/wp-json\/wp\/v2\/comments?post=316"}],"wp:featuredmedia":[{"embeddable":true,"href":"https:\/\/www.canneed.com\/fr\/wp-json\/wp\/v2\/media\/352"}],"wp:attachment":[{"href":"https:\/\/www.canneed.com\/fr\/wp-json\/wp\/v2\/media?parent=316"}],"wp:term":[{"taxonomy":"product_brand","embeddable":true,"href":"https:\/\/www.canneed.com\/fr\/wp-json\/wp\/v2\/product_brand?post=316"},{"taxonomy":"product_cat","embeddable":true,"href":"https:\/\/www.canneed.com\/fr\/wp-json\/wp\/v2\/product_cat?post=316"},{"taxonomy":"product_tag","embeddable":true,"href":"https:\/\/www.canneed.com\/fr\/wp-json\/wp\/v2\/product_tag?post=316"}],"curies":[{"name":"wp","href":"https:\/\/api.w.org\/{rel}","templated":true}]}}