{"id":315,"date":"2025-05-13T15:58:12","date_gmt":"2025-05-13T07:58:12","guid":{"rendered":"http:\/\/www.canneed.com\/fr\/?post_type=product&#038;p=315"},"modified":"2025-05-13T15:58:23","modified_gmt":"2025-05-13T07:58:23","slug":"seam-x-line","status":"publish","type":"product","link":"https:\/\/www.canneed.com\/fr\/product\/seam-x-line\/","title":{"rendered":"Seam-X-Line"},"content":{"rendered":"<p>&nbsp;<\/p>\n<h3>Application<\/h3>\n<div class='prodocut_content'><span>Le scanner du roulage automatique Seam-X-Lab adopte une m\u00e9thode non destructive \u00e0 v\u00e9rifier la qualit\u00e9 du roulage de la cannette, qui s\u2019adapte \u00e0 la mesure des contenants en aluminium, en fer et en mat\u00e9riaux composites tels que aluminium-fer etc.S\u2019adapte au laboratoire ou site de production.<\/span><\/div>\n<p>&nbsp;<\/p>\n<h3>Les avantages<\/h3>\n<div class='prodocut_content'><span>1 Mesure non destructive \u00e9vite la gaspillage des sp\u00e9cimens<\/span><br \/>\n<span>2&nbsp;Mesure non destructive, emp\u00eache la pollution d\u2019environnement et les d\u00e9penses du traitement caus\u00e9es par la destruction des sp\u00e9cimens<\/span><br \/>\n<span>3&nbsp;Haute fr\u00e9quence du pr\u00e9l\u00e8vement , r\u00e9duire les produits d\u00e9fectueuxisolants<\/span><br \/>\n<span>4&nbsp;Mesure automatique, \u00e9conomise le co\u00fbt des main \u0153uvres<\/span><br \/>\n<span>5&nbsp;Peut poursuivre les plateaux de serrage qui correspondent aux produits inacceptables.<\/span><br \/>\n<span>6&nbsp;Balayer chaque contenant \u00e0 360\u00b0<\/span><br \/>\n<span>7&nbsp;S\u2019adapte aux contenants de toutes dimensions et sp\u00e9cifications<\/span><br \/>\n<span>8&nbsp;Mesure plus pr\u00e9cise<\/span><br \/>\n<span>9&nbsp;\u00c9viter l\u2019erreur de la mesure artificielle<\/span><br \/>\n<span>10 \u00catre durable<\/span><br \/>\n<span>11 Conforme \u00e0 la norme de la s\u00e9curit\u00e9<\/span><\/div>\n","protected":false},"excerpt":{"rendered":"<h3>CanNeed-Seam-X-Lab Scanner du roulage automatique (non destructif)<\/h3>\n","protected":false},"featured_media":349,"comment_status":"closed","ping_status":"closed","template":"","meta":[],"product_brand":[],"product_cat":[22,31,29,21],"product_tag":[],"class_list":{"0":"post-315","1":"product","2":"type-product","3":"status-publish","4":"has-post-thumbnail","6":"product_cat-canette-aerosol-en-trois-parties-revetement","7":"product_cat-capuchon-metallique-capuchon-couronne-capuchon-a-languette-capuchon-a-vis-capuchon-a-ouverture-a-griffe","8":"product_cat-film-de-peinture-peinture-revetement","9":"product_cat-laboratoire","11":"first","12":"instock","13":"shipping-taxable","14":"product-type-simple"},"aioseo_notices":[],"_links":{"self":[{"href":"https:\/\/www.canneed.com\/fr\/wp-json\/wp\/v2\/product\/315","targetHints":{"allow":["GET"]}}],"collection":[{"href":"https:\/\/www.canneed.com\/fr\/wp-json\/wp\/v2\/product"}],"about":[{"href":"https:\/\/www.canneed.com\/fr\/wp-json\/wp\/v2\/types\/product"}],"replies":[{"embeddable":true,"href":"https:\/\/www.canneed.com\/fr\/wp-json\/wp\/v2\/comments?post=315"}],"wp:featuredmedia":[{"embeddable":true,"href":"https:\/\/www.canneed.com\/fr\/wp-json\/wp\/v2\/media\/349"}],"wp:attachment":[{"href":"https:\/\/www.canneed.com\/fr\/wp-json\/wp\/v2\/media?parent=315"}],"wp:term":[{"taxonomy":"product_brand","embeddable":true,"href":"https:\/\/www.canneed.com\/fr\/wp-json\/wp\/v2\/product_brand?post=315"},{"taxonomy":"product_cat","embeddable":true,"href":"https:\/\/www.canneed.com\/fr\/wp-json\/wp\/v2\/product_cat?post=315"},{"taxonomy":"product_tag","embeddable":true,"href":"https:\/\/www.canneed.com\/fr\/wp-json\/wp\/v2\/product_tag?post=315"}],"curies":[{"name":"wp","href":"https:\/\/api.w.org\/{rel}","templated":true}]}}