{"id":313,"date":"2025-05-13T15:58:12","date_gmt":"2025-05-13T07:58:12","guid":{"rendered":"http:\/\/www.canneed.com\/fr\/?post_type=product&#038;p=313"},"modified":"2025-05-13T15:58:22","modified_gmt":"2025-05-13T07:58:22","slug":"canneed-tt-200","status":"publish","type":"product","link":"https:\/\/www.canneed.com\/fr\/product\/canneed-tt-200\/","title":{"rendered":"CanNeed-TT-200"},"content":{"rendered":"<p>&nbsp;<\/p>\n<h3>Application<\/h3>\n<div class='prodocut_content'><span>M\u00e9tiers adaptables: Industrie alimentaire\/ cosm\u00e9tique\/m\u00e9dicament\/produits chimiques\/mesure<\/span><br \/>\n<span>La jauge de couple \u00e0 \u00e9cran tactile \u00e9lectronique CND-TT-200 est un instrument sp\u00e9cifique pour mesurer le \u2018couple de scellement\u2019 et \u2018couple de desserrage\u2019 , avec la performance sup\u00e9rieur ,c\u2019 est un appareil de r\u00e9f\u00e9rence dans le m\u00e9tier .Logiciels de mesure optionnels<\/span><\/div>\n<p>&nbsp;<\/p>\n<h3>Les avantages<\/h3>\n<div class='prodocut_content'>\n<p>\n\t1.Peut r\u00e9gler 4 valeurs de seuil d\u2019apr\u00e8s les natures de produits \uff08hyper basse, basse, \u00e9lev\u00e9e, hyper \u00e9lev\u00e9e\uff09.<br \/>\n2.Histogramme de statistique des couples<br \/>\n3.R\u00e9gler les documents \u00e0 l\u2019appui du code d\u2019admi.<br \/>\n4.Mesurer le couple de desserrage et de serrage<br \/>\n5.Enregistrer 1000 donn\u00e9s (peut \u00eatre sorti)<br \/>\n6.\u00c9cran tactile fluorescent<br \/>\n7.Batteries optionnelles<br \/>\n8.3 modes de mesure (normal, sommet et sommet+infos)<br \/>\n9.R\u00e9sultat de la mesure&nbsp; et la statistique (temps+date)<br \/>\n11.2 sorties RS(ordinateur-imprimante)<br \/>\n12.Peut enregistrer 30 produits<br \/>\n13.Sortie de simulation.<br \/>\n14.Logiciels de mesure optionnels<br \/>\n15.Affichage: Produit, nom d\u2019op\u00e9rateur, no. de s\u00e9rie,r\u00e9f. de la cha\u00eene de production<br \/>\n16.Mini-imprimante optionnel<br \/>\n17.Affichage dynamique: statistique, temps, date<br \/>\n18.Con\u00e7u en acier inoxydable \/IP 64<br \/>\n19.Des autre donn\u00e9s d\u2019affichage et l\u2019affichage personnalis\u00e9e<br \/>\n20.Langues: Chinois, Anglais<br \/>\n21.Plate-forme de mesure: Aliments\/Cosm\u00e9tique\n<\/p>\n<\/div>\n<p>&nbsp;<\/p>\n<h3>Param\u00e8tres techniques<\/h3>\n<div class='prodocut_content'>\n<p>\n\t\n<\/p>\n<p>\n\t\n<\/p>\n<\/div>\n","protected":false},"excerpt":{"rendered":"<h3>Dynamom\u00e8tre \u00e9lectronique \u00e0 \u00e9cran tactile<\/h3>\n","protected":false},"featured_media":344,"comment_status":"closed","ping_status":"closed","template":"","meta":[],"product_brand":[],"product_cat":[17,22,21,19],"product_tag":[],"class_list":{"0":"post-313","1":"product","2":"type-product","3":"status-publish","4":"has-post-thumbnail","6":"product_cat-biere-en-conserve-boisson-en-conserve-en-conserve","7":"product_cat-canette-aerosol-en-trois-parties-revetement","8":"product_cat-laboratoire","9":"product_cat-ourlet-double","11":"first","12":"instock","13":"shipping-taxable","14":"product-type-simple"},"aioseo_notices":[],"_links":{"self":[{"href":"https:\/\/www.canneed.com\/fr\/wp-json\/wp\/v2\/product\/313","targetHints":{"allow":["GET"]}}],"collection":[{"href":"https:\/\/www.canneed.com\/fr\/wp-json\/wp\/v2\/product"}],"about":[{"href":"https:\/\/www.canneed.com\/fr\/wp-json\/wp\/v2\/types\/product"}],"replies":[{"embeddable":true,"href":"https:\/\/www.canneed.com\/fr\/wp-json\/wp\/v2\/comments?post=313"}],"wp:featuredmedia":[{"embeddable":true,"href":"https:\/\/www.canneed.com\/fr\/wp-json\/wp\/v2\/media\/344"}],"wp:attachment":[{"href":"https:\/\/www.canneed.com\/fr\/wp-json\/wp\/v2\/media?parent=313"}],"wp:term":[{"taxonomy":"product_brand","embeddable":true,"href":"https:\/\/www.canneed.com\/fr\/wp-json\/wp\/v2\/product_brand?post=313"},{"taxonomy":"product_cat","embeddable":true,"href":"https:\/\/www.canneed.com\/fr\/wp-json\/wp\/v2\/product_cat?post=313"},{"taxonomy":"product_tag","embeddable":true,"href":"https:\/\/www.canneed.com\/fr\/wp-json\/wp\/v2\/product_tag?post=313"}],"curies":[{"name":"wp","href":"https:\/\/api.w.org\/{rel}","templated":true}]}}