{"id":309,"date":"2025-05-13T15:58:11","date_gmt":"2025-05-13T07:58:11","guid":{"rendered":"http:\/\/www.canneed.com\/fr\/?post_type=product&#038;p=309"},"modified":"2025-05-13T15:58:20","modified_gmt":"2025-05-13T07:58:20","slug":"canneed-mder-10","status":"publish","type":"product","link":"https:\/\/www.canneed.com\/fr\/product\/canneed-mder-10\/","title":{"rendered":"CanNeed-MDER-10"},"content":{"rendered":"<p>&nbsp;<\/p>\n<h3>Application<\/h3>\n<div class='prodocut_content'>Le CanNeed-MDER-10 Multi-station Digital Enamel Rater For Ends est utilis\u00e9 pour tester l&rsquo;int\u00e9grit\u00e9 du rev\u00eatement int\u00e9rieur (densit\u00e9 du rev\u00eatement int\u00e9rieur et valeur du courant) de 10 embouts \u00e0 la fois. Si le rev\u00eatement int\u00e9rieur est incomplet, le contenu corrodera le m\u00e9tal et affectera la qualit\u00e9 et le stockage du produit.<\/p>\n<p>Placer les extr\u00e9mit\u00e9s dans le trou d&rsquo;ouverture des supports de fixation \u00e0 dix trous. Une fois les extr\u00e9mit\u00e9s press\u00e9es, retourner les supports de fixation \u00e0 dix trous. Les valeurs de courant (mA) de chaque extr\u00e9mit\u00e9 ainsi que la valeur de courant maximale et la valeur moyenne peuvent \u00eatre lues en 4 secondes. Si un \u00e9chec du test r\u00e9sulte d&rsquo;une mauvaise connexion entre les contacts, le num\u00e9ro de position correspondant des extr\u00e9mit\u00e9s s&rsquo;affiche \u00e0 l&rsquo;\u00e9cran.&nbsp;<\/div>\n<p>&nbsp;<\/p>\n<h3>Les avantages<\/h3>\n<div class='prodocut_content'>\n<ol>\n<li>\n\t\tCanNeed-MDER-10 peut tester le courant de 10 extr\u00e9mit\u00e9s en 4 secondes. S&rsquo;il est connect\u00e9 \u00e0 deux supports de fixation \u00e0 dix trous, il peut tester 20 extr\u00e9mit\u00e9s en m\u00eame temps.\n\t<\/li>\n<li>\n\t\tHaute efficacit\u00e9\uff0cefficacit\u00e9 augment\u00e9e de 66%\n\t<\/li>\n<li>\n\t\tLes donn\u00e9es peuvent \u00eatre transmises \u00e0 l&rsquo;ordinateur via RS232 C\n\t<\/li>\n<\/ol>\n<\/div>\n","protected":false},"excerpt":{"rendered":"<h3>Mesureur d&rsquo;\u00e9mail num\u00e9rique multiposte pour les extr\u00e9mit\u00e9s<\/h3>\n","protected":false},"featured_media":340,"comment_status":"closed","ping_status":"closed","template":"","meta":[],"product_brand":[],"product_cat":[22,30,21],"product_tag":[],"class_list":{"0":"post-309","1":"product","2":"type-product","3":"status-publish","4":"has-post-thumbnail","6":"product_cat-canette-aerosol-en-trois-parties-revetement","7":"product_cat-dimensions","8":"product_cat-laboratoire","10":"first","11":"instock","12":"shipping-taxable","13":"product-type-simple"},"aioseo_notices":[],"_links":{"self":[{"href":"https:\/\/www.canneed.com\/fr\/wp-json\/wp\/v2\/product\/309","targetHints":{"allow":["GET"]}}],"collection":[{"href":"https:\/\/www.canneed.com\/fr\/wp-json\/wp\/v2\/product"}],"about":[{"href":"https:\/\/www.canneed.com\/fr\/wp-json\/wp\/v2\/types\/product"}],"replies":[{"embeddable":true,"href":"https:\/\/www.canneed.com\/fr\/wp-json\/wp\/v2\/comments?post=309"}],"wp:featuredmedia":[{"embeddable":true,"href":"https:\/\/www.canneed.com\/fr\/wp-json\/wp\/v2\/media\/340"}],"wp:attachment":[{"href":"https:\/\/www.canneed.com\/fr\/wp-json\/wp\/v2\/media?parent=309"}],"wp:term":[{"taxonomy":"product_brand","embeddable":true,"href":"https:\/\/www.canneed.com\/fr\/wp-json\/wp\/v2\/product_brand?post=309"},{"taxonomy":"product_cat","embeddable":true,"href":"https:\/\/www.canneed.com\/fr\/wp-json\/wp\/v2\/product_cat?post=309"},{"taxonomy":"product_tag","embeddable":true,"href":"https:\/\/www.canneed.com\/fr\/wp-json\/wp\/v2\/product_tag?post=309"}],"curies":[{"name":"wp","href":"https:\/\/api.w.org\/{rel}","templated":true}]}}