{"id":308,"date":"2025-05-13T15:58:11","date_gmt":"2025-05-13T07:58:11","guid":{"rendered":"http:\/\/www.canneed.com\/fr\/?post_type=product&#038;p=308"},"modified":"2025-05-13T15:58:20","modified_gmt":"2025-05-13T07:58:20","slug":"canneed-dsst-100","status":"publish","type":"product","link":"https:\/\/www.canneed.com\/fr\/product\/canneed-dsst-100\/","title":{"rendered":"CanNeed-DSST-100"},"content":{"rendered":"<p>&nbsp;<\/p>\n<h3>Application<\/h3>\n<div class='prodocut_content'>Le testeur de scellage de bouchons \u00e0 affichage num\u00e9rique DSST-100 est utilis\u00e9 pour v\u00e9rifier le scellage des bouchons des produits apr\u00e8s l&#8217;emballage, pour emp\u00eacher les fuites d&rsquo;air et pour contr\u00f4ler efficacement la qualit\u00e9 des bouchons d&#8217;emballage. Il convient pour mesurer les produits en bouteille PET, les produits en bouteille de verre, les produits en conserve, ainsi que pour mesurer l&rsquo;\u00e9tanch\u00e9it\u00e9 des bouchons de bouteille en couronne et des bouchons de bouteille PET s\u00e9par\u00e9ment.<br \/>\n&nbsp; &nbsp; &nbsp; De nombreuses entreprises ont achet\u00e9 le DSST-100 Digital Display Cap Sealing Tester pour tester l&rsquo;\u00e9tanch\u00e9it\u00e9 du bouchon du produit, contr\u00f4ler efficacement la performance d&rsquo;\u00e9tanch\u00e9it\u00e9 du produit pour emp\u00eacher les fuites d&rsquo;air, ce qui est largement utilis\u00e9 dans l&rsquo;industrie des boissons. Le DSST-100 Digital Cap Sealing Tester est \u00e9quip\u00e9 de nombreux dispositifs de s\u00e9curit\u00e9, notamment d&rsquo;une soupape de s\u00e9curit\u00e9, d&rsquo;un trou d&rsquo;\u00e9chappement sur le couvercle pour une \u00e9vacuation rapide des gaz, d&rsquo;un verrouillage de s\u00e9curit\u00e9 du couvercle, d&rsquo;un r\u00e9ducteur de pression, et l&rsquo;\u00e9chantillon \u00e0 tester est immerg\u00e9 dans un seau d&rsquo;eau cylindrique.<\/div>\n<p>&nbsp;<\/p>\n<h3>Les avantages<\/h3>\n<div class='prodocut_content'>\u25cf Affichage num\u00e9rique et enregistrement des r\u00e9sultats de mesure.<br \/>\n\u25cf Sortie de donn\u00e9es RS232 C, les donn\u00e9es peuvent \u00eatre automatiquement transmises au syst\u00e8me SPC.<br \/>\n\u25cf T\u00eate de perforation sous vide, facile \u00e0 utiliser, pour \u00e9viter que la fermeture de la t\u00eate de perforation ne soit pas \u00e9tanche, caus\u00e9e par l&rsquo;\u00e9chec de la mesure.<br \/>\nAugmentation programmable de la pression avec limite de d\u00e9tection r\u00e9glable &#8211; temps r\u00e9glable pour atteindre la pression maximale.<br \/>\n\u25cf Temps de maintien r\u00e9glable \u00e0 la pression pr\u00e9r\u00e9gl\u00e9e (SP-1) avant de monter \u00e0 la pression maximale (SP-2).<br \/>\n\u25cf Deux vannes de contr\u00f4le de vitesse pour r\u00e9guler la vitesse de mont\u00e9e des deux pressions s\u00e9par\u00e9ment.<br \/>\n\u25cf Diverses mesures de protection de la s\u00e9curit\u00e9.<br \/>\nVannes de contr\u00f4le, connecteurs et raccords import\u00e9s de marques r\u00e9put\u00e9es, dont la qualit\u00e9 est comparable \u00e0 celle de tous les produits similaires dans le monde.<br \/>\n\u25cf Haute sensibilit\u00e9 et lecture pr\u00e9cise<br \/>\n\u25cf Utilisation d&rsquo;air comprim\u00e9 ou de dioxyde de carbone pour gonfler et pressuriser.<br \/>\n\u25cf Fabriqu\u00e9 en aluminium oxyd\u00e9, en acier inoxydable et en mat\u00e9riaux plastiques, robuste et durable.<\/div>\n","protected":false},"excerpt":{"rendered":"<h3>Testeur d&rsquo;\u00e9tanch\u00e9it\u00e9 de bouchon \u00e0 affichage num\u00e9rique<\/h3>\n","protected":false},"featured_media":339,"comment_status":"closed","ping_status":"closed","template":"","meta":[],"product_brand":[],"product_cat":[22,30,21],"product_tag":[],"class_list":{"0":"post-308","1":"product","2":"type-product","3":"status-publish","4":"has-post-thumbnail","6":"product_cat-canette-aerosol-en-trois-parties-revetement","7":"product_cat-dimensions","8":"product_cat-laboratoire","10":"first","11":"instock","12":"shipping-taxable","13":"product-type-simple"},"aioseo_notices":[],"_links":{"self":[{"href":"https:\/\/www.canneed.com\/fr\/wp-json\/wp\/v2\/product\/308","targetHints":{"allow":["GET"]}}],"collection":[{"href":"https:\/\/www.canneed.com\/fr\/wp-json\/wp\/v2\/product"}],"about":[{"href":"https:\/\/www.canneed.com\/fr\/wp-json\/wp\/v2\/types\/product"}],"replies":[{"embeddable":true,"href":"https:\/\/www.canneed.com\/fr\/wp-json\/wp\/v2\/comments?post=308"}],"wp:featuredmedia":[{"embeddable":true,"href":"https:\/\/www.canneed.com\/fr\/wp-json\/wp\/v2\/media\/339"}],"wp:attachment":[{"href":"https:\/\/www.canneed.com\/fr\/wp-json\/wp\/v2\/media?parent=308"}],"wp:term":[{"taxonomy":"product_brand","embeddable":true,"href":"https:\/\/www.canneed.com\/fr\/wp-json\/wp\/v2\/product_brand?post=308"},{"taxonomy":"product_cat","embeddable":true,"href":"https:\/\/www.canneed.com\/fr\/wp-json\/wp\/v2\/product_cat?post=308"},{"taxonomy":"product_tag","embeddable":true,"href":"https:\/\/www.canneed.com\/fr\/wp-json\/wp\/v2\/product_tag?post=308"}],"curies":[{"name":"wp","href":"https:\/\/api.w.org\/{rel}","templated":true}]}}