{"id":307,"date":"2025-05-13T15:58:11","date_gmt":"2025-05-13T07:58:11","guid":{"rendered":"http:\/\/www.canneed.com\/fr\/?post_type=product&#038;p=307"},"modified":"2025-05-13T15:58:20","modified_gmt":"2025-05-13T07:58:20","slug":"canneed-trk-6000s","status":"publish","type":"product","link":"https:\/\/www.canneed.com\/fr\/product\/canneed-trk-6000s\/","title":{"rendered":"CanNeed-TRK-6000S"},"content":{"rendered":"<p>&nbsp;<\/p>\n<h3>Application<\/h3>\n<div class='prodocut_content'>Le CanNeed-TRK-6000 Oven Temperature Tracker est un syst\u00e8me professionnel d&rsquo;inspection de la courbe de temp\u00e9rature du four pour l&rsquo;industrie du rev\u00eatement. Il comprend un enregistreur de donn\u00e9es, un bo\u00eetier d&rsquo;isolation thermique, un logiciel (chinois\/anglais) et des thermocouples.<\/div>\n<p>&nbsp;<\/p>\n<h3>Param\u00e8tres techniques<\/h3>\n<div class='prodocut_content'>\u25cfD30 Enregistreur de donn\u00e9es, 6 canaux, Plage de temp\u00e9rature : -20 &#8211; 1000\u2103, Pr\u00e9cision : \u00b10,5 \u2103, \u00c9lectrode de type K, 6 canaux et chaque canal peut stocker 30 000 donn\u00e9es, programm\u00e9 pour d\u00e9marrer, l&rsquo;intervalle d&rsquo;\u00e9chantillonnage peut \u00eatre r\u00e9gl\u00e9 de 0,1 seconde \u00e0 10 minutes.<\/p>\n<p>\u25cfCase d&rsquo;isolation thermique : structure en acier inoxydable, barri\u00e8re nano-thermique, diff\u00e9rentes dimensions sont optionnelles sur commande. La dimension du bo\u00eetier d&rsquo;isolation thermique TB2015 est : 180 x 140 x 40 (L x L x H), Dur\u00e9e d&rsquo;isolation thermique : 15 minutes \u00e0 200\u2103.<\/div>\n","protected":false},"excerpt":{"rendered":"<h3>Oven Temperature Tracker<\/h3>\n","protected":false},"featured_media":338,"comment_status":"closed","ping_status":"closed","template":"","meta":[],"product_brand":[],"product_cat":[31,29,21],"product_tag":[],"class_list":{"0":"post-307","1":"product","2":"type-product","3":"status-publish","4":"has-post-thumbnail","6":"product_cat-capuchon-metallique-capuchon-couronne-capuchon-a-languette-capuchon-a-vis-capuchon-a-ouverture-a-griffe","7":"product_cat-film-de-peinture-peinture-revetement","8":"product_cat-laboratoire","10":"first","11":"instock","12":"shipping-taxable","13":"product-type-simple"},"aioseo_notices":[],"_links":{"self":[{"href":"https:\/\/www.canneed.com\/fr\/wp-json\/wp\/v2\/product\/307","targetHints":{"allow":["GET"]}}],"collection":[{"href":"https:\/\/www.canneed.com\/fr\/wp-json\/wp\/v2\/product"}],"about":[{"href":"https:\/\/www.canneed.com\/fr\/wp-json\/wp\/v2\/types\/product"}],"replies":[{"embeddable":true,"href":"https:\/\/www.canneed.com\/fr\/wp-json\/wp\/v2\/comments?post=307"}],"wp:featuredmedia":[{"embeddable":true,"href":"https:\/\/www.canneed.com\/fr\/wp-json\/wp\/v2\/media\/338"}],"wp:attachment":[{"href":"https:\/\/www.canneed.com\/fr\/wp-json\/wp\/v2\/media?parent=307"}],"wp:term":[{"taxonomy":"product_brand","embeddable":true,"href":"https:\/\/www.canneed.com\/fr\/wp-json\/wp\/v2\/product_brand?post=307"},{"taxonomy":"product_cat","embeddable":true,"href":"https:\/\/www.canneed.com\/fr\/wp-json\/wp\/v2\/product_cat?post=307"},{"taxonomy":"product_tag","embeddable":true,"href":"https:\/\/www.canneed.com\/fr\/wp-json\/wp\/v2\/product_tag?post=307"}],"curies":[{"name":"wp","href":"https:\/\/api.w.org\/{rel}","templated":true}]}}