{"id":305,"date":"2025-05-13T15:58:11","date_gmt":"2025-05-13T07:58:11","guid":{"rendered":"http:\/\/www.canneed.com\/fr\/?post_type=product&#038;p=305"},"modified":"2025-05-13T15:58:19","modified_gmt":"2025-05-13T07:58:19","slug":"seamsight-vsm-6d","status":"publish","type":"product","link":"https:\/\/www.canneed.com\/fr\/product\/seamsight-vsm-6d\/","title":{"rendered":"SeamSight\u00ae-VSM-6D"},"content":{"rendered":"<p>&nbsp;<\/p>\n<h3>Application<\/h3>\n<div class='prodocut_content'>SeamSight-VSM-6D Automatic Seam Monitor utilise le syst\u00e8me de collecte de donn\u00e9es CanNeed SPC. L&rsquo;\u00e9paisseur r\u00e9elle du serti, le chanfrein r\u00e9el, etc. peuvent \u00eatre transf\u00e9r\u00e9s automatiquement \u00e0 l&rsquo;ordinateur.<br \/>\nLe logiciel a \u00e9galement adopt\u00e9 le syst\u00e8me de gestion de la base de donn\u00e9es, toutes les donn\u00e9es de mesure seront restaur\u00e9es dans la base de donn\u00e9es du syst\u00e8me, afin d&rsquo;am\u00e9liorer les performances du logiciel et de faciliter la gestion des donn\u00e9es. Les statistiques et le tableau des r\u00e9sultats ont \u00e9t\u00e9 ajout\u00e9s \u00e0 l&rsquo;\u00e9cran de la base de donn\u00e9es pour permettre une vue d&rsquo;ensemble et une comparaison. Par ailleurs, l&rsquo;\u00e9cran de mesure a \u00e9t\u00e9 optimis\u00e9 pour un affichage clair des r\u00e9sultats.<\/div>\n<p>&nbsp;<\/p>\n<h3>Les avantages<\/h3>\n<div class='prodocut_content'>\n<ol>\n<li>\n\t\t\u00c9quip\u00e9 d&rsquo;un dispositif de capture vid\u00e9o Golden LensTM qui garantit la haute d\u00e9finition de l&rsquo;image ;\n\t<\/li>\n<li>\n\t\tCompatible SPC, utilisation d&rsquo;un adaptateur de donn\u00e9es pour collecter les donn\u00e9es de l&rsquo;indicateur num\u00e9rique Mitutoyo (\u00e9paisseur r\u00e9elle de la soudure, fraisage r\u00e9el).\n\t<\/li>\n<li>\n\t\tL&rsquo;option de loupe permet aux utilisateurs d&rsquo;agrandir l&rsquo;image de test pour un positionnement plus pr\u00e9cis des lignes ;\n\t<\/li>\n<li>\n\t\tLa scie \u00e0 sertir antibruit peut \u00eatre choisie pour prot\u00e9ger l&rsquo;ou\u00efe ;\n\t<\/li>\n<li>\n\t\tLe format du rapport peut \u00eatre personnalis\u00e9, ce qui permet de s&rsquo;adapter aux diff\u00e9rents styles de rapport des diff\u00e9rentes entreprises.\n\t<\/li>\n<li>\n\t\t12 \u00e9l\u00e9ments de mesure : Longueur de la couture, longueur du crochet de corps, longueur du crochet d&rsquo;extr\u00e9mit\u00e9, chevauchement, espacement de la couture,\n\t<\/li>\n<li>\n\t\tTaux de chevauchement, taux de rodage du crochet de corps, taux de rodage du crochet d&rsquo;extr\u00e9mit\u00e9, \u00e9paisseur du serti \u00e0 l&rsquo;\u00e9cran, \u00e9paisseur r\u00e9elle du serti, fraisage r\u00e9el et \u00e9tanch\u00e9it\u00e9 ;\n\t<\/li>\n<li>\n\t\tLe logiciel a adopt\u00e9 un syst\u00e8me de gestion de base de donn\u00e9es, les r\u00e9sultats des mesures et les images sont sauvegard\u00e9s dans la base de donn\u00e9es, les utilisateurs peuvent faciliter les demandes de renseignements ;\n\t<\/li>\n<li>\n\t\tLes utilisateurs peuvent revoir ou remesurer les projets sauvegard\u00e9s \u00e0 tout moment ;\n\t<\/li>\n<li>\n\t\tLa fonction statistique du graphique permet d&rsquo;analyser et de comparer automatiquement les r\u00e9sultats des mesures ;\n\t<\/li>\n<li>\n\t\tLes donn\u00e9es peuvent \u00eatre export\u00e9es sous forme de fichier Excel ;\n\t<\/li>\n<li>\n\t\tLa pr\u00e9d\u00e9finition de diverses normes de qualification permet de juger et d&rsquo;avertir automatiquement si les r\u00e9sultats sont qualifi\u00e9s pour chaque mesure ;\n\t<\/li>\n<li>\n\t\tLes r\u00e9sultats des mesures et les lignes d&rsquo;\u00e9tiquetage peuvent \u00eatre marqu\u00e9s directement sur l&rsquo;image, les r\u00e9sultats seront \u00e9galement affich\u00e9s dans le champ correspondant sur l&rsquo;\u00e9cran ;\n\t<\/li>\n<li>\n\t\tL&rsquo;image de la couture peut \u00eatre imprim\u00e9e et stock\u00e9e, il n&rsquo;est pas n\u00e9cessaire de conserver les bo\u00eetes d&rsquo;\u00e9chantillon ;\n\t<\/li>\n<li>\n\t\tFourni avec une pi\u00e8ce d&rsquo;\u00e9talonnage, l&rsquo;\u00e9talonnage peut \u00eatre effectu\u00e9 \u00e0 tout moment ;\n\t<\/li>\n<li>\n\t\tL&rsquo;utilisation d&rsquo;une source monochromatique rend l&rsquo;appareil beaucoup plus durable.\n\t<\/li>\n<\/ol>\n<\/div>\n","protected":false},"excerpt":{"rendered":"<h3>Contr\u00f4le automatique des coutures<\/h3>\n","protected":false},"featured_media":336,"comment_status":"closed","ping_status":"closed","template":"","meta":[],"product_brand":[],"product_cat":[23,29,27,34,35],"product_tag":[],"class_list":{"0":"post-305","1":"product","2":"type-product","3":"status-publish","4":"has-post-thumbnail","6":"product_cat-canette-bouteille-en-aluminium-en-deux-parties","7":"product_cat-film-de-peinture-peinture-revetement","8":"product_cat-ligne-de-conditionnement-en-ligne","9":"product_cat-temperature-pu-f0","10":"product_cat-usage-general","12":"first","13":"instock","14":"shipping-taxable","15":"product-type-simple"},"aioseo_notices":[],"_links":{"self":[{"href":"https:\/\/www.canneed.com\/fr\/wp-json\/wp\/v2\/product\/305","targetHints":{"allow":["GET"]}}],"collection":[{"href":"https:\/\/www.canneed.com\/fr\/wp-json\/wp\/v2\/product"}],"about":[{"href":"https:\/\/www.canneed.com\/fr\/wp-json\/wp\/v2\/types\/product"}],"replies":[{"embeddable":true,"href":"https:\/\/www.canneed.com\/fr\/wp-json\/wp\/v2\/comments?post=305"}],"wp:featuredmedia":[{"embeddable":true,"href":"https:\/\/www.canneed.com\/fr\/wp-json\/wp\/v2\/media\/336"}],"wp:attachment":[{"href":"https:\/\/www.canneed.com\/fr\/wp-json\/wp\/v2\/media?parent=305"}],"wp:term":[{"taxonomy":"product_brand","embeddable":true,"href":"https:\/\/www.canneed.com\/fr\/wp-json\/wp\/v2\/product_brand?post=305"},{"taxonomy":"product_cat","embeddable":true,"href":"https:\/\/www.canneed.com\/fr\/wp-json\/wp\/v2\/product_cat?post=305"},{"taxonomy":"product_tag","embeddable":true,"href":"https:\/\/www.canneed.com\/fr\/wp-json\/wp\/v2\/product_tag?post=305"}],"curies":[{"name":"wp","href":"https:\/\/api.w.org\/{rel}","templated":true}]}}