{"id":304,"date":"2025-05-13T15:58:11","date_gmt":"2025-05-13T07:58:11","guid":{"rendered":"http:\/\/www.canneed.com\/fr\/?post_type=product&#038;p=304"},"modified":"2025-05-13T15:58:19","modified_gmt":"2025-05-13T07:58:19","slug":"canneed-der-400-2","status":"publish","type":"product","link":"https:\/\/www.canneed.com\/fr\/product\/canneed-der-400-2\/","title":{"rendered":"CanNeed-DER-400"},"content":{"rendered":"<p>&nbsp;<\/p>\n<h3>Application<\/h3>\n<div class='prodocut_content'><span style=\"line-height:15px;font-family:Arial;\">Le testeur CanNeed-DER-400 est destin\u00e9 \u00e0 tester l\u2019int\u00e9grit\u00e9 de l\u2019enrobage interne du contenant (densit\u00e9 d\u2019enduit interne, valeur de courant \u00e9lectrique).L\u2019enrobage \u00e0 l\u2019int\u00e9rieur du contenant n\u2019est pas int\u00e9gral, les substances dedans peuvent corroder le m\u00e9tal et affecter la qualit\u00e9 et la conservation des produits.En association avec le dispositif de fixation du couvercle du contenant et le dispositif \u00e0 vide, le testeur peut mesurer \u00e9galement l\u2019int\u00e9grit\u00e9 d\u2019enrobage interne du \u2018couvercle du contenant\u2019.<\/span><span>&nbsp;<\/span><\/div>\n<p>&nbsp;<\/p>\n<h3>Les avantages<\/h3>\n<div class='prodocut_content'>\n<p>\n\t<span>Testeur d\u2019int\u00e9grit\u00e9 de l\u2019enrobage interne du contenant DER-400 est plus efficace \u00e0 l\u2019\u00e9gard de mesure de l\u2019exposition m\u00e9tallique par comparaison avec DER-4, la conception \u00e9lectrique innovante provoque la mesure plus sensible, fiable et exacte, l\u2019\u00e9talonnage 0.01mA. L\u2019outillage de fixation du contenant innovant procure la capacit\u00e9 de r\u00e9sistance \u00e0 corrosion et la long\u00e9vit\u00e9. La touche en membrane fine est plus durable qui peut lutter contre la corrosion plus efficacement. La fonction \u2018tension inverse\u2019 peut inverser la polarit\u00e9 de la tension par une touche, entra\u00eenant la partie expos\u00e9e \u00e0 l&rsquo;ext\u00e9rieur du m\u00e9tal \u00e0 produire les bulles d&rsquo;air, afin d&rsquo;observer et d\u00e9terminer les parties d\u00e9fectueuses(emplacements de l&rsquo;exposition ext\u00e9rieure du m\u00e9tal ).<\/span>\n<\/p>\n<\/div>\n<p>&nbsp;<\/p>\n<h3>Param\u00e8tres techniques<\/h3>\n<div class='prodocut_content'>\n<p>\n\t<b><span style=\"font-family:\"font-size:10.5pt;color:black;\">Param\u00e8tres techniques:<\/span><\/b>\n<\/p>\n<p>\n\tTension de mesure\t6.3V<br \/>\nGamme de mesure\t0-500mA<br \/>\n\u00c9talonnage\t0.01mA<br \/>\nExactitude\t+\/- 2%<br \/>\nInterface de donn\u00e9es: RS232\n<\/p>\n<p><span style=\"background-color:#FFFFFF;\"><strong>Configuration:<\/strong><\/span> <\/p>\n<p class=\"MsoNormal\">\n\t<span style=\"font-family:Arial;\">Le testeur d&rsquo;int\u00e9grit\u00e9 de l&rsquo;enrobage interne du contenant CanNeed-DER-400 comprend: Contr\u00f4leur d&rsquo;\u00e9cran du moteur principal, outillage de fixation du contenant, r\u00e9sistance de test standard 6.3 mA<\/span>\n<\/p>\n<p><span>Lorsqu&rsquo;il faut mesurer l&rsquo;int\u00e9grit\u00e9 d&rsquo;enrobage interne du \u2018couvercle du contenant\u2019, veuillez configurer en option ces dispositifs suivants: Support du contenant, dispositif de fixation du couvercle du contenant, l&rsquo;appareil \u00e0 vide etc.<\/span><\/div>\n","protected":false},"excerpt":{"rendered":"<h3>Testeur d&rsquo;int\u00e9grit\u00e9 de l&rsquo;enrobage interne du contenant<\/h3>\n","protected":false},"featured_media":335,"comment_status":"closed","ping_status":"closed","template":"","meta":[],"product_brand":[],"product_cat":[17,22,23,27,19],"product_tag":[],"class_list":{"0":"post-304","1":"product","2":"type-product","3":"status-publish","4":"has-post-thumbnail","6":"product_cat-biere-en-conserve-boisson-en-conserve-en-conserve","7":"product_cat-canette-aerosol-en-trois-parties-revetement","8":"product_cat-canette-bouteille-en-aluminium-en-deux-parties","9":"product_cat-ligne-de-conditionnement-en-ligne","10":"product_cat-ourlet-double","12":"first","13":"instock","14":"shipping-taxable","15":"product-type-simple"},"aioseo_notices":[],"_links":{"self":[{"href":"https:\/\/www.canneed.com\/fr\/wp-json\/wp\/v2\/product\/304","targetHints":{"allow":["GET"]}}],"collection":[{"href":"https:\/\/www.canneed.com\/fr\/wp-json\/wp\/v2\/product"}],"about":[{"href":"https:\/\/www.canneed.com\/fr\/wp-json\/wp\/v2\/types\/product"}],"replies":[{"embeddable":true,"href":"https:\/\/www.canneed.com\/fr\/wp-json\/wp\/v2\/comments?post=304"}],"wp:featuredmedia":[{"embeddable":true,"href":"https:\/\/www.canneed.com\/fr\/wp-json\/wp\/v2\/media\/335"}],"wp:attachment":[{"href":"https:\/\/www.canneed.com\/fr\/wp-json\/wp\/v2\/media?parent=304"}],"wp:term":[{"taxonomy":"product_brand","embeddable":true,"href":"https:\/\/www.canneed.com\/fr\/wp-json\/wp\/v2\/product_brand?post=304"},{"taxonomy":"product_cat","embeddable":true,"href":"https:\/\/www.canneed.com\/fr\/wp-json\/wp\/v2\/product_cat?post=304"},{"taxonomy":"product_tag","embeddable":true,"href":"https:\/\/www.canneed.com\/fr\/wp-json\/wp\/v2\/product_tag?post=304"}],"curies":[{"name":"wp","href":"https:\/\/api.w.org\/{rel}","templated":true}]}}