{"id":303,"date":"2025-05-13T15:58:11","date_gmt":"2025-05-13T07:58:11","guid":{"rendered":"http:\/\/www.canneed.com\/fr\/?post_type=product&#038;p=303"},"modified":"2025-05-13T15:58:18","modified_gmt":"2025-05-13T07:58:18","slug":"canneed-der-4","status":"publish","type":"product","link":"https:\/\/www.canneed.com\/fr\/product\/canneed-der-4\/","title":{"rendered":"CanNeed-DER-4"},"content":{"rendered":"<p>&nbsp;<\/p>\n<h3>Application<\/h3>\n<div class='prodocut_content'>Le CanNeed-DER-4Digital Enamel Rater est capable de d\u00e9tecter la position du m\u00e9tal expos\u00e9 plus facilement que les mod\u00e8les pr\u00e9c\u00e9dents. La conception \u00e9lectronique r\u00e9form\u00e9e le rend plus sensible, plus fiable et plus pr\u00e9cis. La caract\u00e9ristique anticorrosion du support de la bo\u00eete de conserve am\u00e9lior\u00e9e garantit sa durabilit\u00e9. Les boutons recouverts d&rsquo;un film sont plus durables et r\u00e9sistent mieux \u00e0 la corrosion.<\/p>\n<p>CanNeed-DER-4 est la norme de l&rsquo;industrie. Le nouvel instrument CanNeed-DER-4Enamel Rater teste la couverture de la couche d&rsquo;\u00e9mail \u00e0 l&rsquo;int\u00e9rieur des bo\u00eetes de conserve et de boisson, des bombes a\u00e9rosols et de diff\u00e9rents types d&#8217;embouts. Il affiche un indice de la quantit\u00e9 de m\u00e9tal expos\u00e9e par une couverture incompl\u00e8te de l&rsquo;\u00e9mail sur une LED num\u00e9rique claire et facile \u00e0 lire.<\/div>\n","protected":false},"excerpt":{"rendered":"<h3>Mesureur num\u00e9rique d&rsquo;\u00e9mail<\/h3>\n","protected":false},"featured_media":334,"comment_status":"closed","ping_status":"closed","template":"","meta":[],"product_brand":[],"product_cat":[17,22,21,19],"product_tag":[],"class_list":{"0":"post-303","1":"product","2":"type-product","3":"status-publish","4":"has-post-thumbnail","6":"product_cat-biere-en-conserve-boisson-en-conserve-en-conserve","7":"product_cat-canette-aerosol-en-trois-parties-revetement","8":"product_cat-laboratoire","9":"product_cat-ourlet-double","11":"first","12":"instock","13":"shipping-taxable","14":"product-type-simple"},"aioseo_notices":[],"_links":{"self":[{"href":"https:\/\/www.canneed.com\/fr\/wp-json\/wp\/v2\/product\/303","targetHints":{"allow":["GET"]}}],"collection":[{"href":"https:\/\/www.canneed.com\/fr\/wp-json\/wp\/v2\/product"}],"about":[{"href":"https:\/\/www.canneed.com\/fr\/wp-json\/wp\/v2\/types\/product"}],"replies":[{"embeddable":true,"href":"https:\/\/www.canneed.com\/fr\/wp-json\/wp\/v2\/comments?post=303"}],"wp:featuredmedia":[{"embeddable":true,"href":"https:\/\/www.canneed.com\/fr\/wp-json\/wp\/v2\/media\/334"}],"wp:attachment":[{"href":"https:\/\/www.canneed.com\/fr\/wp-json\/wp\/v2\/media?parent=303"}],"wp:term":[{"taxonomy":"product_brand","embeddable":true,"href":"https:\/\/www.canneed.com\/fr\/wp-json\/wp\/v2\/product_brand?post=303"},{"taxonomy":"product_cat","embeddable":true,"href":"https:\/\/www.canneed.com\/fr\/wp-json\/wp\/v2\/product_cat?post=303"},{"taxonomy":"product_tag","embeddable":true,"href":"https:\/\/www.canneed.com\/fr\/wp-json\/wp\/v2\/product_tag?post=303"}],"curies":[{"name":"wp","href":"https:\/\/api.w.org\/{rel}","templated":true}]}}