{"id":302,"date":"2025-05-13T15:58:11","date_gmt":"2025-05-13T07:58:11","guid":{"rendered":"http:\/\/www.canneed.com\/fr\/?post_type=product&#038;p=302"},"modified":"2025-05-13T15:58:18","modified_gmt":"2025-05-13T07:58:18","slug":"canneed-alt-800","status":"publish","type":"product","link":"https:\/\/www.canneed.com\/fr\/product\/canneed-alt-800\/","title":{"rendered":"CanNeed-ALT-800"},"content":{"rendered":"<p>&nbsp;<\/p>\n<h3>Application<\/h3>\n<div class='prodocut_content'>Le testeur d&rsquo;\u00e9tanch\u00e9it\u00e9 Canneed-ALT-600\/ALT-800 pour bo\u00eetes d&rsquo;a\u00e9rosol est utilis\u00e9 pour tester l&rsquo;\u00e9tanch\u00e9it\u00e9 des bo\u00eetes d&rsquo;a\u00e9rosol. L&rsquo;ALT-600 peut tester 6 bombes en m\u00eame temps, et l&rsquo;ALT-800 peut en tester 8. Le testeur de perm\u00e9abilit\u00e9 pour bombes a\u00e9rosols gonfle les bombes jusqu&rsquo;\u00e0 un maximum de 10 bars et les immerge dans l&rsquo;eau. Des bulles d&rsquo;air visibles s&rsquo;\u00e9chappent alors des points de fuite de la bombe.<\/div>\n<p>&nbsp;<\/p>\n<h3>Les avantages<\/h3>\n<div class='prodocut_content'>\u25cf Les canettes sont librement suspendues dans l&rsquo;eau, sans force de serrage suppl\u00e9mentaire.<br \/>\n\u25cf Dispositif de serrage simple, il ne faut qu&rsquo;une seconde pour serrer ou retirer les canettes.<br \/>\n\u25cf Le serrage est ind\u00e9pendant du diam\u00e8tre de la canette<br \/>\n\u25cf Pneumatique simplement contr\u00f4l\u00e9 par la poign\u00e9e pour faire plonger les canettes dans l&rsquo;eau ou les soulever hors de l&rsquo;eau.<br \/>\n\u25cf Coutures d&rsquo;extr\u00e9mit\u00e9 et lat\u00e9rales visibles<br \/>\n\u25cf Possibilit\u00e9 de faire pivoter les canettes lors de la mise sous pression.<\/div>\n","protected":false},"excerpt":{"rendered":"<h3>Testeur de fuite pour bombe a\u00e9rosol<\/h3>\n","protected":false},"featured_media":333,"comment_status":"closed","ping_status":"closed","template":"","meta":[],"product_brand":[],"product_cat":[17,22,23,31,32,29,21],"product_tag":[],"class_list":{"0":"post-302","1":"product","2":"type-product","3":"status-publish","4":"has-post-thumbnail","6":"product_cat-biere-en-conserve-boisson-en-conserve-en-conserve","7":"product_cat-canette-aerosol-en-trois-parties-revetement","8":"product_cat-canette-bouteille-en-aluminium-en-deux-parties","9":"product_cat-capuchon-metallique-capuchon-couronne-capuchon-a-languette-capuchon-a-vis-capuchon-a-ouverture-a-griffe","10":"product_cat-cosmetiques-medicaments-aliments-en-sac","11":"product_cat-film-de-peinture-peinture-revetement","12":"product_cat-laboratoire","14":"first","15":"instock","16":"shipping-taxable","17":"product-type-simple"},"aioseo_notices":[],"_links":{"self":[{"href":"https:\/\/www.canneed.com\/fr\/wp-json\/wp\/v2\/product\/302","targetHints":{"allow":["GET"]}}],"collection":[{"href":"https:\/\/www.canneed.com\/fr\/wp-json\/wp\/v2\/product"}],"about":[{"href":"https:\/\/www.canneed.com\/fr\/wp-json\/wp\/v2\/types\/product"}],"replies":[{"embeddable":true,"href":"https:\/\/www.canneed.com\/fr\/wp-json\/wp\/v2\/comments?post=302"}],"wp:featuredmedia":[{"embeddable":true,"href":"https:\/\/www.canneed.com\/fr\/wp-json\/wp\/v2\/media\/333"}],"wp:attachment":[{"href":"https:\/\/www.canneed.com\/fr\/wp-json\/wp\/v2\/media?parent=302"}],"wp:term":[{"taxonomy":"product_brand","embeddable":true,"href":"https:\/\/www.canneed.com\/fr\/wp-json\/wp\/v2\/product_brand?post=302"},{"taxonomy":"product_cat","embeddable":true,"href":"https:\/\/www.canneed.com\/fr\/wp-json\/wp\/v2\/product_cat?post=302"},{"taxonomy":"product_tag","embeddable":true,"href":"https:\/\/www.canneed.com\/fr\/wp-json\/wp\/v2\/product_tag?post=302"}],"curies":[{"name":"wp","href":"https:\/\/api.w.org\/{rel}","templated":true}]}}