{"id":301,"date":"2025-05-13T15:58:11","date_gmt":"2025-05-13T07:58:11","guid":{"rendered":"http:\/\/www.canneed.com\/fr\/?post_type=product&#038;p=301"},"modified":"2025-05-13T15:58:18","modified_gmt":"2025-05-13T07:58:18","slug":"canneed-alt-100","status":"publish","type":"product","link":"https:\/\/www.canneed.com\/fr\/product\/canneed-alt-100\/","title":{"rendered":"CanNeed-ALT-100"},"content":{"rendered":"<p>&nbsp;<\/p>\n<h3>Application<\/h3>\n<div class='prodocut_content'>Le testeur d&rsquo;\u00e9tanch\u00e9it\u00e9 CanNeed-ALT-100 pour bo\u00eetes d&rsquo;a\u00e9rosols est utilis\u00e9 pour tester l&rsquo;\u00e9tanch\u00e9it\u00e9 des bo\u00eetes d&rsquo;a\u00e9rosols dans un bain d&rsquo;eau. La bombe est suspendue librement et immerg\u00e9e dans l&rsquo;eau. En m\u00eame temps, elle est soumise \u00e0 une pression et les fuites sont r\u00e9v\u00e9l\u00e9es par des bulles d&rsquo;air. La pression d&rsquo;essai est de 8 \u00e0 10 bars. La proc\u00e9dure de test est semi-automatique. Le testeur convient \u00e0 tous les diam\u00e8tres de bombes a\u00e9rosols. La hauteur maximale de la bombe est de 300 mm.<\/div>\n<p>&nbsp;<\/p>\n<h3>Les avantages<\/h3>\n<div class='prodocut_content'>\n<ol>\n<li>\n\t\tL&rsquo;a\u00e9rosol se flotte librement qui n&rsquo;est pas affect\u00e9 par la force de serrage exc\u00e9dentaire.\n\t<\/li>\n<li>\n\t\tAppliquer les dispositifs de chargement rapides \u00e0 charger et fixer le contenant sp\u00e9cimen, il ne faut qu&rsquo;une seconde pour charger et enlever le contenant.\n\t<\/li>\n<li>\n\t\tL&rsquo;outillage de fixation n&rsquo;est pas restreint par le diam\u00e8tre d&rsquo;a\u00e9rosol\n\t<\/li>\n<li>\n\t\tIl suffit de basculer la manivelle, le m\u00e9canisme pneumatique commence \u00e0 faire immerger et soulever l&rsquo;a\u00e9rosol rapidement et automatiquement .\n\t<\/li>\n<li>\n\t\tLes lignes de soudure \u00e0 la t\u00eate , au fond et celles lat\u00e9rales sur le corps facilitent l&rsquo;observation.\n\t<\/li>\n<li>\n\t\tLors de mise sous pression, on peut tourner le contenant sp\u00e9cimen\n\t<\/li>\n<\/ol>\n<\/div>\n","protected":false},"excerpt":{"rendered":"<h3>D\u00e9tecteur de fuite du contenant d&rsquo;a\u00e9rosol<\/h3>\n","protected":false},"featured_media":332,"comment_status":"closed","ping_status":"closed","template":"","meta":[],"product_brand":[],"product_cat":[17,22,31,29,21],"product_tag":[],"class_list":{"0":"post-301","1":"product","2":"type-product","3":"status-publish","4":"has-post-thumbnail","6":"product_cat-biere-en-conserve-boisson-en-conserve-en-conserve","7":"product_cat-canette-aerosol-en-trois-parties-revetement","8":"product_cat-capuchon-metallique-capuchon-couronne-capuchon-a-languette-capuchon-a-vis-capuchon-a-ouverture-a-griffe","9":"product_cat-film-de-peinture-peinture-revetement","10":"product_cat-laboratoire","12":"first","13":"instock","14":"shipping-taxable","15":"product-type-simple"},"aioseo_notices":[],"_links":{"self":[{"href":"https:\/\/www.canneed.com\/fr\/wp-json\/wp\/v2\/product\/301","targetHints":{"allow":["GET"]}}],"collection":[{"href":"https:\/\/www.canneed.com\/fr\/wp-json\/wp\/v2\/product"}],"about":[{"href":"https:\/\/www.canneed.com\/fr\/wp-json\/wp\/v2\/types\/product"}],"replies":[{"embeddable":true,"href":"https:\/\/www.canneed.com\/fr\/wp-json\/wp\/v2\/comments?post=301"}],"wp:featuredmedia":[{"embeddable":true,"href":"https:\/\/www.canneed.com\/fr\/wp-json\/wp\/v2\/media\/332"}],"wp:attachment":[{"href":"https:\/\/www.canneed.com\/fr\/wp-json\/wp\/v2\/media?parent=301"}],"wp:term":[{"taxonomy":"product_brand","embeddable":true,"href":"https:\/\/www.canneed.com\/fr\/wp-json\/wp\/v2\/product_brand?post=301"},{"taxonomy":"product_cat","embeddable":true,"href":"https:\/\/www.canneed.com\/fr\/wp-json\/wp\/v2\/product_cat?post=301"},{"taxonomy":"product_tag","embeddable":true,"href":"https:\/\/www.canneed.com\/fr\/wp-json\/wp\/v2\/product_tag?post=301"}],"curies":[{"name":"wp","href":"https:\/\/api.w.org\/{rel}","templated":true}]}}