{"id":300,"date":"2025-05-13T15:58:10","date_gmt":"2025-05-13T07:58:10","guid":{"rendered":"http:\/\/www.canneed.com\/fr\/?post_type=product&#038;p=300"},"modified":"2025-05-13T15:58:17","modified_gmt":"2025-05-13T07:58:17","slug":"canneed-afmd-200","status":"publish","type":"product","link":"https:\/\/www.canneed.com\/fr\/product\/canneed-afmd-200\/","title":{"rendered":"CanNeed-AFMD-200"},"content":{"rendered":"<p>&nbsp;<\/p>\n<h3>Application<\/h3>\n<div class='prodocut_content'>AFMD-200 Aerosol Can Measure Desk for Back End est utilis\u00e9 dans la ligne de produits des bombes a\u00e9rosols. Il mesure l&rsquo;\u00e9paisseur du fond et de la paroi, le diam\u00e8tre du corps de la bo\u00eete et la hauteur de la bo\u00eete. Veuillez indiquer le type de bo\u00eete lorsque vous passez une commande.<\/div>\n<p>&nbsp;<\/p>\n<h3>Les avantages<\/h3>\n<div class='prodocut_content'>Il est \u00e9quip\u00e9 d&rsquo;un indicateur num\u00e9rique Mitutoyo d&rsquo;une r\u00e9solution de 0,01 mm. En achetant le multiplexeur et le c\u00e2ble, il peut communiquer avec le syst\u00e8me SPC ou un PC.<\/div>\n","protected":false},"excerpt":{"rendered":"<h3>Bureau de mesure des bombes a\u00e9rosols pour le front-end<\/h3>\n","protected":false},"featured_media":331,"comment_status":"closed","ping_status":"closed","template":"","meta":[],"product_brand":[],"product_cat":[22,32,65,21],"product_tag":[],"class_list":{"0":"post-300","1":"product","2":"type-product","3":"status-publish","4":"has-post-thumbnail","6":"product_cat-canette-aerosol-en-trois-parties-revetement","7":"product_cat-cosmetiques-medicaments-aliments-en-sac","8":"product_cat-etancheite-fuite","9":"product_cat-laboratoire","11":"first","12":"instock","13":"shipping-taxable","14":"product-type-simple"},"aioseo_notices":[],"_links":{"self":[{"href":"https:\/\/www.canneed.com\/fr\/wp-json\/wp\/v2\/product\/300","targetHints":{"allow":["GET"]}}],"collection":[{"href":"https:\/\/www.canneed.com\/fr\/wp-json\/wp\/v2\/product"}],"about":[{"href":"https:\/\/www.canneed.com\/fr\/wp-json\/wp\/v2\/types\/product"}],"replies":[{"embeddable":true,"href":"https:\/\/www.canneed.com\/fr\/wp-json\/wp\/v2\/comments?post=300"}],"wp:featuredmedia":[{"embeddable":true,"href":"https:\/\/www.canneed.com\/fr\/wp-json\/wp\/v2\/media\/331"}],"wp:attachment":[{"href":"https:\/\/www.canneed.com\/fr\/wp-json\/wp\/v2\/media?parent=300"}],"wp:term":[{"taxonomy":"product_brand","embeddable":true,"href":"https:\/\/www.canneed.com\/fr\/wp-json\/wp\/v2\/product_brand?post=300"},{"taxonomy":"product_cat","embeddable":true,"href":"https:\/\/www.canneed.com\/fr\/wp-json\/wp\/v2\/product_cat?post=300"},{"taxonomy":"product_tag","embeddable":true,"href":"https:\/\/www.canneed.com\/fr\/wp-json\/wp\/v2\/product_tag?post=300"}],"curies":[{"name":"wp","href":"https:\/\/api.w.org\/{rel}","templated":true}]}}