{"id":30,"date":"2025-05-13T15:57:16","date_gmt":"2025-05-13T07:57:16","guid":{"rendered":"http:\/\/www.canneed.com\/fr\/?post_type=product&#038;p=30"},"modified":"2025-05-13T15:57:23","modified_gmt":"2025-05-13T07:57:23","slug":"canneed-sm-24","status":"publish","type":"product","link":"https:\/\/www.canneed.com\/fr\/product\/canneed-sm-24\/","title":{"rendered":"CanNeed-SM-24"},"content":{"rendered":"<p>&nbsp;<\/p>\n<h3>Application<\/h3>\n<div class='prodocut_content'><span>En application de la sertisseuse automatique SM-24 fabriqu\u00e9e par la soci\u00e9t\u00e9 des Instruments CanNeed, on peut faire davantage de petites exp\u00e9rimentations, par exemple l\u2019essai de le r\u00e9glage des certaines technologies et de la composition des ingr\u00e9dients, l\u2019am\u00e9lioration de la qualit\u00e9 du produit, tester par cons\u00e9quent les contenants vides et couvercles, introduire l\u2019thermo-enregistreur dans le contenant puis le sceller imm\u00e9diatement avant la poursuite et mesure de la temp\u00e9rature etc.<\/span><\/div>\n<p>&nbsp;<\/p>\n<h3>Les avantages<\/h3>\n<div class='prodocut_content'><span>1. Compact, peut \u00eatre pos\u00e9 sur le banc du laboratoire.<\/span><br \/>\n<span>2.Scellement du contenant automatique, il suffit de placer les contenants sp\u00e9cimens sur le plateau de support , appuyer sur le levier d\u2019\u00e9l\u00e9vation , le moteur pourra entra\u00eener le scellement automatiquement .<\/span><br \/>\n<span>3.La courbe des cames peut contr\u00f4ler la coordination du roulement du contenant et d\u2019action de compression des galets, obtenant une structure du roulage et du scellement parfaite.<\/span><br \/>\n<span>4.La structure du roulage de bord est ajustable, on peut r\u00e9gler les param\u00e8tres tels que la longueur d\u2019accrochage du corps, le taux d\u2019accrochage et l\u2019\u00e9paisseur du roulage etc., apr\u00e8s le r\u00e9glage , la stabilit\u00e9 de la structure du roulage n\u2019est pas influenc\u00e9e par l\u2019op\u00e9rateur .<\/span><br \/>\n<span>5.Vitesse du scellement: Il prend environ 15 sec. du placement du contenant, d\u00e9marrage jusqu\u2019au scellement et l\u2019enl\u00e8vement (dont il ne faut que 5 sec. pour le scellement).<\/span><\/div>\n","protected":false},"excerpt":{"rendered":"<h3>Scelleuse automatique de bo\u00eetes de conserve (type bureau)<\/h3>\n","protected":false},"featured_media":65,"comment_status":"closed","ping_status":"closed","template":"","meta":[],"product_brand":[],"product_cat":[17,22,23,21,19],"product_tag":[],"class_list":{"0":"post-30","1":"product","2":"type-product","3":"status-publish","4":"has-post-thumbnail","6":"product_cat-biere-en-conserve-boisson-en-conserve-en-conserve","7":"product_cat-canette-aerosol-en-trois-parties-revetement","8":"product_cat-canette-bouteille-en-aluminium-en-deux-parties","9":"product_cat-laboratoire","10":"product_cat-ourlet-double","12":"first","13":"instock","14":"shipping-taxable","15":"product-type-simple"},"aioseo_notices":[],"_links":{"self":[{"href":"https:\/\/www.canneed.com\/fr\/wp-json\/wp\/v2\/product\/30","targetHints":{"allow":["GET"]}}],"collection":[{"href":"https:\/\/www.canneed.com\/fr\/wp-json\/wp\/v2\/product"}],"about":[{"href":"https:\/\/www.canneed.com\/fr\/wp-json\/wp\/v2\/types\/product"}],"replies":[{"embeddable":true,"href":"https:\/\/www.canneed.com\/fr\/wp-json\/wp\/v2\/comments?post=30"}],"wp:featuredmedia":[{"embeddable":true,"href":"https:\/\/www.canneed.com\/fr\/wp-json\/wp\/v2\/media\/65"}],"wp:attachment":[{"href":"https:\/\/www.canneed.com\/fr\/wp-json\/wp\/v2\/media?parent=30"}],"wp:term":[{"taxonomy":"product_brand","embeddable":true,"href":"https:\/\/www.canneed.com\/fr\/wp-json\/wp\/v2\/product_brand?post=30"},{"taxonomy":"product_cat","embeddable":true,"href":"https:\/\/www.canneed.com\/fr\/wp-json\/wp\/v2\/product_cat?post=30"},{"taxonomy":"product_tag","embeddable":true,"href":"https:\/\/www.canneed.com\/fr\/wp-json\/wp\/v2\/product_tag?post=30"}],"curies":[{"name":"wp","href":"https:\/\/api.w.org\/{rel}","templated":true}]}}