{"id":299,"date":"2025-05-13T15:58:10","date_gmt":"2025-05-13T07:58:10","guid":{"rendered":"http:\/\/www.canneed.com\/fr\/?post_type=product&#038;p=299"},"modified":"2025-05-13T15:58:17","modified_gmt":"2025-05-13T07:58:17","slug":"canneed-acmd-200","status":"publish","type":"product","link":"https:\/\/www.canneed.com\/fr\/product\/canneed-acmd-200\/","title":{"rendered":"CanNeed-ACMD-200"},"content":{"rendered":"","protected":false},"excerpt":{"rendered":"<h3>Mesureur Synth\u00e9tique de la Partie Arri\u00e8re du Contenant d&rsquo;A\u00e9rosol en Aluminium CanNeed-ACMD-200<\/h3>\n","protected":false},"featured_media":330,"comment_status":"closed","ping_status":"closed","template":"","meta":[],"product_brand":[],"product_cat":[22,32,65,21],"product_tag":[],"class_list":{"0":"post-299","1":"product","2":"type-product","3":"status-publish","4":"has-post-thumbnail","6":"product_cat-canette-aerosol-en-trois-parties-revetement","7":"product_cat-cosmetiques-medicaments-aliments-en-sac","8":"product_cat-etancheite-fuite","9":"product_cat-laboratoire","11":"first","12":"instock","13":"shipping-taxable","14":"product-type-simple"},"aioseo_notices":[],"_links":{"self":[{"href":"https:\/\/www.canneed.com\/fr\/wp-json\/wp\/v2\/product\/299","targetHints":{"allow":["GET"]}}],"collection":[{"href":"https:\/\/www.canneed.com\/fr\/wp-json\/wp\/v2\/product"}],"about":[{"href":"https:\/\/www.canneed.com\/fr\/wp-json\/wp\/v2\/types\/product"}],"replies":[{"embeddable":true,"href":"https:\/\/www.canneed.com\/fr\/wp-json\/wp\/v2\/comments?post=299"}],"wp:featuredmedia":[{"embeddable":true,"href":"https:\/\/www.canneed.com\/fr\/wp-json\/wp\/v2\/media\/330"}],"wp:attachment":[{"href":"https:\/\/www.canneed.com\/fr\/wp-json\/wp\/v2\/media?parent=299"}],"wp:term":[{"taxonomy":"product_brand","embeddable":true,"href":"https:\/\/www.canneed.com\/fr\/wp-json\/wp\/v2\/product_brand?post=299"},{"taxonomy":"product_cat","embeddable":true,"href":"https:\/\/www.canneed.com\/fr\/wp-json\/wp\/v2\/product_cat?post=299"},{"taxonomy":"product_tag","embeddable":true,"href":"https:\/\/www.canneed.com\/fr\/wp-json\/wp\/v2\/product_tag?post=299"}],"curies":[{"name":"wp","href":"https:\/\/api.w.org\/{rel}","templated":true}]}}