{"id":297,"date":"2025-05-13T15:58:10","date_gmt":"2025-05-13T07:58:10","guid":{"rendered":"http:\/\/www.canneed.com\/fr\/?post_type=product&#038;p=297"},"modified":"2025-05-13T15:58:16","modified_gmt":"2025-05-13T07:58:16","slug":"canneed-abt-100","status":"publish","type":"product","link":"https:\/\/www.canneed.com\/fr\/product\/canneed-abt-100\/","title":{"rendered":"CanNeed-ABT-100"},"content":{"rendered":"<p>&nbsp;<\/p>\n<h3>Application<\/h3>\n<div class='prodocut_content'>CanNeed-ABT-100 Burst Buckling Tester for Aerosol Cans est utilis\u00e9 pour d\u00e9terminer la valeur de flambage du fond (d\u00f4me) et de l&rsquo;extr\u00e9mit\u00e9 sup\u00e9rieure des bombes a\u00e9rosols et la pression \u00e0 laquelle la bombe \u00e9clate. Gr\u00e2ce \u00e0 la pince sp\u00e9cialement con\u00e7ue, il est possible de mesurer les extr\u00e9mit\u00e9s libres du d\u00f4me ou du fond ind\u00e9pendamment les unes des autres. \u00c0 des pressions \u00e9lev\u00e9es d&rsquo;environ 22 \u00e0 28 bars, il peut arriver que la valve se d\u00e9forme et que la pression d&rsquo;\u00e9clatement soit plus \u00e9lev\u00e9e.<\/div>\n<p>&nbsp;<\/p>\n<h3>Les avantages<\/h3>\n<div class='prodocut_content'>Colliers de serrage sp\u00e9ciaux\uff1a<br \/>\n1. Pour les bombes a\u00e9rosols en fer, l&rsquo;\u00e9chantillon de la bombe adh\u00e8re automatiquement au mandrin, et le cylindre d&rsquo;air scelle automatiquement la bombe .rapide et fiable.<br \/>\n2. Pour les bo\u00eetes d&rsquo;a\u00e9rosol en aluminium, le cylindre pneumatique scelle automatiquement la bo\u00eete, puis utilise le m\u00e9canisme sp\u00e9cial de maintien, pour emp\u00eacher la bo\u00eete d&rsquo;\u00e9chantillon de tomber en raison de la d\u00e9formation apr\u00e8s la pression.<\/div>\n","protected":false},"excerpt":{"rendered":"<h3>Testeur d&rsquo;\u00e9clatement et de d\u00e9formation des bombes a\u00e9rosols<\/h3>\n","protected":false},"featured_media":327,"comment_status":"closed","ping_status":"closed","template":"","meta":[],"product_brand":[],"product_cat":[22,30,21],"product_tag":[],"class_list":{"0":"post-297","1":"product","2":"type-product","3":"status-publish","4":"has-post-thumbnail","6":"product_cat-canette-aerosol-en-trois-parties-revetement","7":"product_cat-dimensions","8":"product_cat-laboratoire","10":"first","11":"instock","12":"shipping-taxable","13":"product-type-simple"},"aioseo_notices":[],"_links":{"self":[{"href":"https:\/\/www.canneed.com\/fr\/wp-json\/wp\/v2\/product\/297","targetHints":{"allow":["GET"]}}],"collection":[{"href":"https:\/\/www.canneed.com\/fr\/wp-json\/wp\/v2\/product"}],"about":[{"href":"https:\/\/www.canneed.com\/fr\/wp-json\/wp\/v2\/types\/product"}],"replies":[{"embeddable":true,"href":"https:\/\/www.canneed.com\/fr\/wp-json\/wp\/v2\/comments?post=297"}],"wp:featuredmedia":[{"embeddable":true,"href":"https:\/\/www.canneed.com\/fr\/wp-json\/wp\/v2\/media\/327"}],"wp:attachment":[{"href":"https:\/\/www.canneed.com\/fr\/wp-json\/wp\/v2\/media?parent=297"}],"wp:term":[{"taxonomy":"product_brand","embeddable":true,"href":"https:\/\/www.canneed.com\/fr\/wp-json\/wp\/v2\/product_brand?post=297"},{"taxonomy":"product_cat","embeddable":true,"href":"https:\/\/www.canneed.com\/fr\/wp-json\/wp\/v2\/product_cat?post=297"},{"taxonomy":"product_tag","embeddable":true,"href":"https:\/\/www.canneed.com\/fr\/wp-json\/wp\/v2\/product_tag?post=297"}],"curies":[{"name":"wp","href":"https:\/\/api.w.org\/{rel}","templated":true}]}}