{"id":292,"date":"2025-05-13T15:58:10","date_gmt":"2025-05-13T07:58:10","guid":{"rendered":"http:\/\/www.canneed.com\/fr\/?post_type=product&#038;p=292"},"modified":"2025-05-13T15:58:14","modified_gmt":"2025-05-13T07:58:14","slug":"canneed-wwp-100","status":"publish","type":"product","link":"https:\/\/www.canneed.com\/fr\/product\/canneed-wwp-100\/","title":{"rendered":"CanNeed-WWP-100"},"content":{"rendered":"<p>&nbsp;<\/p>\n<h3>Application<\/h3>\n<div class='prodocut_content'>\n<p>\n\tLe testeur de pression \u00e0 boule pour la soudure WWP-100 (Appareil de pression \u00e0 boule) est destin\u00e9 \u00e0 tester la r\u00e9sistance et la continuit\u00e9 de la soudure pour un contenant en trois sections.\n<\/p>\n<p>\n\tM\u00e9thode d\u2019essai: Poser le contenant vide sur un outillage de fixation, cibler la boule sur la soudure en compressant le corps du contenant, le cylindre peut pousser la boule \u00e0 se glisser au long de la soudure.Enlever le contenant par l\u2019outillage de fixation, v\u00e9rifier si la soudure est rompue.\n<\/p>\n<\/div>\n","protected":false},"excerpt":{"rendered":"<h3>Testeur de Pression \u00e0 Boulepour la Soudure (Appareil \u00e0 boule sup\u00e9rieure)<\/h3>\n","protected":false},"featured_media":322,"comment_status":"closed","ping_status":"closed","template":"","meta":[],"product_brand":[],"product_cat":[22,30,21],"product_tag":[],"class_list":{"0":"post-292","1":"product","2":"type-product","3":"status-publish","4":"has-post-thumbnail","6":"product_cat-canette-aerosol-en-trois-parties-revetement","7":"product_cat-dimensions","8":"product_cat-laboratoire","10":"first","11":"instock","12":"shipping-taxable","13":"product-type-simple"},"aioseo_notices":[],"_links":{"self":[{"href":"https:\/\/www.canneed.com\/fr\/wp-json\/wp\/v2\/product\/292","targetHints":{"allow":["GET"]}}],"collection":[{"href":"https:\/\/www.canneed.com\/fr\/wp-json\/wp\/v2\/product"}],"about":[{"href":"https:\/\/www.canneed.com\/fr\/wp-json\/wp\/v2\/types\/product"}],"replies":[{"embeddable":true,"href":"https:\/\/www.canneed.com\/fr\/wp-json\/wp\/v2\/comments?post=292"}],"wp:featuredmedia":[{"embeddable":true,"href":"https:\/\/www.canneed.com\/fr\/wp-json\/wp\/v2\/media\/322"}],"wp:attachment":[{"href":"https:\/\/www.canneed.com\/fr\/wp-json\/wp\/v2\/media?parent=292"}],"wp:term":[{"taxonomy":"product_brand","embeddable":true,"href":"https:\/\/www.canneed.com\/fr\/wp-json\/wp\/v2\/product_brand?post=292"},{"taxonomy":"product_cat","embeddable":true,"href":"https:\/\/www.canneed.com\/fr\/wp-json\/wp\/v2\/product_cat?post=292"},{"taxonomy":"product_tag","embeddable":true,"href":"https:\/\/www.canneed.com\/fr\/wp-json\/wp\/v2\/product_tag?post=292"}],"curies":[{"name":"wp","href":"https:\/\/api.w.org\/{rel}","templated":true}]}}