{"id":291,"date":"2025-05-13T15:58:09","date_gmt":"2025-05-13T07:58:09","guid":{"rendered":"http:\/\/www.canneed.com\/fr\/?post_type=product&#038;p=291"},"modified":"2025-05-13T15:58:14","modified_gmt":"2025-05-13T07:58:14","slug":"canneed-cst-100","status":"publish","type":"product","link":"https:\/\/www.canneed.com\/fr\/product\/canneed-cst-100\/","title":{"rendered":"CanNeed-CST-100"},"content":{"rendered":"<p>&nbsp;<\/p>\n<h3>Application<\/h3>\n<div class='prodocut_content'>Le testeur de joints de bo\u00eetes CanNeed-CST-100 (mode sous vide) permet de tester l&rsquo;\u00e9tanch\u00e9it\u00e9 des bo\u00eetes de 3 pi\u00e8ces en appliquant une pression sous vide pour v\u00e9rifier si les bo\u00eetes fuient. Il peut tester 1 (une) bo\u00eete ronde \u00e0 chaque essai.&nbsp;<\/p>\n<p>M\u00e9thode de test : Remplir la bo\u00eete d&rsquo;\u00e9chantillon avec de l&rsquo;eau, couvrir le plateau transparent sur le dessus ouvert, mettre en marche la pompe \u00e0 vide pour g\u00e9n\u00e9rer une pression n\u00e9gative, puis observer s&rsquo;il y a des bulles d&rsquo;air sur le corps de la bo\u00eete, si les bulles d&rsquo;air sortent continuellement, cela signifie qu&rsquo;une fuite s&rsquo;est produite.<\/p>\n<p>CanNeed-CST-100 est applicable \u00e0 diff\u00e9rentes tailles de bo\u00eetes. Veuillez commander des plateaux diff\u00e9rents en cons\u00e9quence.<\/div>\n","protected":false},"excerpt":{"rendered":"<h3>Testeur de fuite pour les contenants vides et solides\uff08type \u00e0 vide\uff09<\/h3>\n","protected":false},"featured_media":321,"comment_status":"closed","ping_status":"closed","template":"","meta":[],"product_brand":[],"product_cat":[22,58,21],"product_tag":[],"class_list":{"0":"post-291","1":"product","2":"type-product","3":"status-publish","4":"has-post-thumbnail","6":"product_cat-canette-aerosol-en-trois-parties-revetement","7":"product_cat-force-de-traction-appui-sous-pression-charge-verticale-resistance-aux-chocs","8":"product_cat-laboratoire","10":"first","11":"instock","12":"shipping-taxable","13":"product-type-simple"},"aioseo_notices":[],"_links":{"self":[{"href":"https:\/\/www.canneed.com\/fr\/wp-json\/wp\/v2\/product\/291","targetHints":{"allow":["GET"]}}],"collection":[{"href":"https:\/\/www.canneed.com\/fr\/wp-json\/wp\/v2\/product"}],"about":[{"href":"https:\/\/www.canneed.com\/fr\/wp-json\/wp\/v2\/types\/product"}],"replies":[{"embeddable":true,"href":"https:\/\/www.canneed.com\/fr\/wp-json\/wp\/v2\/comments?post=291"}],"wp:featuredmedia":[{"embeddable":true,"href":"https:\/\/www.canneed.com\/fr\/wp-json\/wp\/v2\/media\/321"}],"wp:attachment":[{"href":"https:\/\/www.canneed.com\/fr\/wp-json\/wp\/v2\/media?parent=291"}],"wp:term":[{"taxonomy":"product_brand","embeddable":true,"href":"https:\/\/www.canneed.com\/fr\/wp-json\/wp\/v2\/product_brand?post=291"},{"taxonomy":"product_cat","embeddable":true,"href":"https:\/\/www.canneed.com\/fr\/wp-json\/wp\/v2\/product_cat?post=291"},{"taxonomy":"product_tag","embeddable":true,"href":"https:\/\/www.canneed.com\/fr\/wp-json\/wp\/v2\/product_tag?post=291"}],"curies":[{"name":"wp","href":"https:\/\/api.w.org\/{rel}","templated":true}]}}