{"id":290,"date":"2025-05-13T15:58:09","date_gmt":"2025-05-13T07:58:09","guid":{"rendered":"http:\/\/www.canneed.com\/fr\/?post_type=product&#038;p=290"},"modified":"2025-05-13T15:58:14","modified_gmt":"2025-05-13T07:58:14","slug":"canneed-clt-600","status":"publish","type":"product","link":"https:\/\/www.canneed.com\/fr\/product\/canneed-clt-600\/","title":{"rendered":"CanNeed-CLT-600"},"content":{"rendered":"<p>&nbsp;<\/p>\n<h3>Application<\/h3>\n<div class='prodocut_content'>Le testeur de fuites pour bo\u00eetes de conserve CanNeed-CLT-600 est utilis\u00e9 pour v\u00e9rifier les fuites des bo\u00eetes de conserve XE \u00ab 3-piece can \u00bb dans un bain d&rsquo;eau. Il peut tester six bo\u00eetes par essai.&nbsp;<\/div>\n<p>&nbsp;<\/p>\n<h3>Les avantages<\/h3>\n<div class='prodocut_content'>Placer la bo\u00eete d&rsquo;\u00e9chantillon sur la platine, puis ajouter une certaine pression \u00e0 la bo\u00eete. Observez le corps de la bo\u00eete pour voir si des bulles en sortent. Si des bulles sortent constamment du corps de la bo\u00eete, cela signifie que la bo\u00eete d&rsquo;\u00e9chantillon fuit. Il est possible de tester des bo\u00eetes de diam\u00e8tres et de hauteurs diff\u00e9rents sans changer la pince.<\/p>\n<p>Les op\u00e9rateurs peuvent actionner la poign\u00e9e de commande pour que le dispositif pneumatique de mont\u00e9e et de descente place rapidement et automatiquement la bo\u00eete d&rsquo;\u00e9chantillonnage dans l&rsquo;eau et la retire de l&rsquo;eau.<\/p>\n<p>Lorsqu&rsquo;il est sous pression, les op\u00e9rateurs peuvent \u00e9loigner la bo\u00eete \u00e9chantillon \u00e0 360 degr\u00e9s pour observer le dessus, le dessous, le corps de la bo\u00eete et la ligne de soudure.&nbsp;<\/div>\n","protected":false},"excerpt":{"rendered":"<h3>Testeur de fuites pour bo\u00eetes de conserve<\/h3>\n","protected":false},"featured_media":320,"comment_status":"closed","ping_status":"closed","template":"","meta":[],"product_brand":[],"product_cat":[22,58,21],"product_tag":[],"class_list":{"0":"post-290","1":"product","2":"type-product","3":"status-publish","4":"has-post-thumbnail","6":"product_cat-canette-aerosol-en-trois-parties-revetement","7":"product_cat-force-de-traction-appui-sous-pression-charge-verticale-resistance-aux-chocs","8":"product_cat-laboratoire","10":"first","11":"instock","12":"shipping-taxable","13":"product-type-simple"},"aioseo_notices":[],"_links":{"self":[{"href":"https:\/\/www.canneed.com\/fr\/wp-json\/wp\/v2\/product\/290","targetHints":{"allow":["GET"]}}],"collection":[{"href":"https:\/\/www.canneed.com\/fr\/wp-json\/wp\/v2\/product"}],"about":[{"href":"https:\/\/www.canneed.com\/fr\/wp-json\/wp\/v2\/types\/product"}],"replies":[{"embeddable":true,"href":"https:\/\/www.canneed.com\/fr\/wp-json\/wp\/v2\/comments?post=290"}],"wp:featuredmedia":[{"embeddable":true,"href":"https:\/\/www.canneed.com\/fr\/wp-json\/wp\/v2\/media\/320"}],"wp:attachment":[{"href":"https:\/\/www.canneed.com\/fr\/wp-json\/wp\/v2\/media?parent=290"}],"wp:term":[{"taxonomy":"product_brand","embeddable":true,"href":"https:\/\/www.canneed.com\/fr\/wp-json\/wp\/v2\/product_brand?post=290"},{"taxonomy":"product_cat","embeddable":true,"href":"https:\/\/www.canneed.com\/fr\/wp-json\/wp\/v2\/product_cat?post=290"},{"taxonomy":"product_tag","embeddable":true,"href":"https:\/\/www.canneed.com\/fr\/wp-json\/wp\/v2\/product_tag?post=290"}],"curies":[{"name":"wp","href":"https:\/\/api.w.org\/{rel}","templated":true}]}}