{"id":29,"date":"2025-05-13T15:57:16","date_gmt":"2025-05-13T07:57:16","guid":{"rendered":"http:\/\/www.canneed.com\/fr\/?post_type=product&#038;p=29"},"modified":"2025-05-13T15:57:23","modified_gmt":"2025-05-13T07:57:23","slug":"canneed-scg-110","status":"publish","type":"product","link":"https:\/\/www.canneed.com\/fr\/product\/canneed-scg-110\/","title":{"rendered":"CanNeed-SCG-110"},"content":{"rendered":"<p>&nbsp;<\/p>\n<h3>Application<\/h3>\n<div class='prodocut_content'><span>Le projecteur d\u2019espacement du roulage et du scellement CanNeed est un outille qui peut tester et ajuster la sertisseuse rapidement et pr\u00e9cis\u00e9ment .<\/span><br \/>\n<span>Le projecteur d\u2019espacement du roulage et du scellement adopte une m\u00e9thode enti\u00e8rement r\u00e9cente pour lutter contre ce probl\u00e8me , il peut mesurer l\u2019espacement d\u2019hauteur entre les galets et le plateau de serrage sup\u00e9rieur ainsi que celui lat\u00e9ral .<\/span><br \/>\n<span>Le projecteur d\u2019espacement du roulage et du scellement peut assister aux utilisateurs \u00e0 r\u00e9aliser une maintenance pr\u00e9ventive avant que la sertisseuse d\u00e9rive de la norme.D\u2019un c\u00f4t\u00e9, les utilisateurs peuvent \u00e9conomiser leurs temps, d\u2019un autre c\u00f4t\u00e9, r\u00e9duire la fr\u00e9quence d\u2019arr\u00eats non indispensable de la sertisseuse!<\/span><br \/>\n<span>Le projecteur d\u2019espacement du roulage et du scellement peut am\u00e9liorer le processus de scellement du contenant et la sertisseuse par le biais d\u2019\u00e9limination de la diff\u00e9rence entre les diff\u00e9rents plateaux de serrage de la sertisseuse, mais pas mettre l&rsquo;accent sur le test du roulage et du scellement apr\u00e8s le scellement du contenant.<\/span><br \/>\n<span>A pr\u00e9sent, il peut supporter la plupart de sertisseuses, apr\u00e8s avoir appliqu\u00e9 tel projecteur, la performance de ces sertisseuses est am\u00e9lior\u00e9e consid\u00e9rablement .<\/span><\/div>\n<p>&nbsp;<\/p>\n<h3>Les avantages<\/h3>\n<div class='prodocut_content'>\n<ol>\n<li>\n\t\t<span>Ajuster rapidement les galets du premier rang et deuxi\u00e8me rang!<\/span>\n\t<\/li>\n<li>\n\t\t<span>Am\u00e9liorer la performance de la sertisseuse!<\/span>\n\t<\/li>\n<li>\n\t\t<span>R\u00e9duire la fr\u00e9quence d\u2019arr\u00eat de la sertisseuse!<\/span>\n\t<\/li>\n<li>\n\t\t<span>Raccourcir le temps d\u2019arr\u00eat de la sertisseuse!<\/span>\n\t<\/li>\n<li>\n\t\t<span>R\u00e9gler la sertisseuse rapidement et ais\u00e9ment!<\/span>\n\t<\/li>\n<li>\n\t\t<span>Rechercher les positions du plateau de serrage, des paliers \u00e0 rouleaux et des axes de la poulie!<\/span>\n\t<\/li>\n<li>\n\t\t<span>Il est facile de constater la destruction et la corrosion des rouleaux et du plateau de serrage sup\u00e9rieur!<\/span>\n\t<\/li>\n<li>\n\t\t<span>Le rendement d\u2019investissement du projecteur d\u2019espacement du roulage et du scellement est tr\u00e8s prompt!<\/span>\n\t<\/li>\n<\/ol>\n<\/div>\n<p>&nbsp;<\/p>\n<h3>Param\u00e8tres techniques<\/h3>\n<div class='prodocut_content'><span>R\u00e9solution:&nbsp;0.005mm (\u00e7a d\u00e9pend de sertisseuse)<\/span><br \/>\n<span>Espacement min.:&nbsp;0.04 mm<\/span><\/div>\n","protected":false},"excerpt":{"rendered":"<h3>Projecteur de roulage et de scellement et d\u2019espacement des galets<\/h3>\n","protected":false},"featured_media":61,"comment_status":"closed","ping_status":"closed","template":"","meta":[],"product_brand":[],"product_cat":[17,22,21,27,19],"product_tag":[],"class_list":{"0":"post-29","1":"product","2":"type-product","3":"status-publish","4":"has-post-thumbnail","6":"product_cat-biere-en-conserve-boisson-en-conserve-en-conserve","7":"product_cat-canette-aerosol-en-trois-parties-revetement","8":"product_cat-laboratoire","9":"product_cat-ligne-de-conditionnement-en-ligne","10":"product_cat-ourlet-double","12":"first","13":"instock","14":"shipping-taxable","15":"product-type-simple"},"aioseo_notices":[],"_links":{"self":[{"href":"https:\/\/www.canneed.com\/fr\/wp-json\/wp\/v2\/product\/29","targetHints":{"allow":["GET"]}}],"collection":[{"href":"https:\/\/www.canneed.com\/fr\/wp-json\/wp\/v2\/product"}],"about":[{"href":"https:\/\/www.canneed.com\/fr\/wp-json\/wp\/v2\/types\/product"}],"replies":[{"embeddable":true,"href":"https:\/\/www.canneed.com\/fr\/wp-json\/wp\/v2\/comments?post=29"}],"wp:featuredmedia":[{"embeddable":true,"href":"https:\/\/www.canneed.com\/fr\/wp-json\/wp\/v2\/media\/61"}],"wp:attachment":[{"href":"https:\/\/www.canneed.com\/fr\/wp-json\/wp\/v2\/media?parent=29"}],"wp:term":[{"taxonomy":"product_brand","embeddable":true,"href":"https:\/\/www.canneed.com\/fr\/wp-json\/wp\/v2\/product_brand?post=29"},{"taxonomy":"product_cat","embeddable":true,"href":"https:\/\/www.canneed.com\/fr\/wp-json\/wp\/v2\/product_cat?post=29"},{"taxonomy":"product_tag","embeddable":true,"href":"https:\/\/www.canneed.com\/fr\/wp-json\/wp\/v2\/product_tag?post=29"}],"curies":[{"name":"wp","href":"https:\/\/api.w.org\/{rel}","templated":true}]}}