{"id":289,"date":"2025-05-13T15:58:09","date_gmt":"2025-05-13T07:58:09","guid":{"rendered":"http:\/\/www.canneed.com\/fr\/?post_type=product&#038;p=289"},"modified":"2025-05-13T15:58:13","modified_gmt":"2025-05-13T07:58:13","slug":"canneed-clt-100","status":"publish","type":"product","link":"https:\/\/www.canneed.com\/fr\/product\/canneed-clt-100\/","title":{"rendered":"CanNeed-CLT-100"},"content":{"rendered":"<p>&nbsp;<\/p>\n<h3>Application<\/h3>\n<div class='prodocut_content'><span>Le \u00ab CanNeed-CLT-100 Leak Tester for can \u00bb est utilis\u00e9 pour v\u00e9rifier l&rsquo;\u00e9tanch\u00e9it\u00e9 des bo\u00eetes de conserve 3 pi\u00e8ces dans un bain d&rsquo;eau. Il peut tester une bo\u00eete par essai.<\/p>\n<p>La proc\u00e9dure de test est semi-automatique et le CanNeed-CLT-100 convient \u00e0 diff\u00e9rentes tailles de bo\u00eetes rondes 3 pi\u00e8ces.<br \/>\nM\u00e9thode de test : Placer l&rsquo;\u00e9chantillon de bo\u00eete sur le plateau, la bo\u00eete sera fix\u00e9e par le disque magn\u00e9tique, serrer la bo\u00eete pour sceller le dessus, puis immerger la bo\u00eete dans l&rsquo;eau et appliquer une pression sur la bo\u00eete.<\/p>\n<p>Observer le corps de la bo\u00eete pour voir si des bulles en sortent, si des bulles sortent constamment du corps de la bo\u00eete, cela signifie que la bo\u00eete d&rsquo;\u00e9chantillon fuit. Pendant le test, l&rsquo;op\u00e9rateur peut retourner l&rsquo;\u00e9chantillon pour observer facilement le dessus et le dessous de la bo\u00eete, le corps de la bo\u00eete et la ligne de soudure.<br \/>\n<\/span><span><\/span><\/div>\n<p>&nbsp;<\/p>\n<h3>Les avantages<\/h3>\n<div class='prodocut_content'><span>1) Le serrage est ind\u00e9pendant du diam\u00e8tre de la bo\u00eete<br \/>\n2) Fonctionnement simple<br \/>\n3) Coutures lat\u00e9rales et finales visibles<br \/>\n<\/span><span><\/span><\/div>\n","protected":false},"excerpt":{"rendered":"<h3>Testeur de fuite pour contenant vide (testeur de fuite \u00e0 pressurisation)<\/h3>\n","protected":false},"featured_media":319,"comment_status":"closed","ping_status":"closed","template":"","meta":[],"product_brand":[],"product_cat":[22,65,21],"product_tag":[],"class_list":{"0":"post-289","1":"product","2":"type-product","3":"status-publish","4":"has-post-thumbnail","6":"product_cat-canette-aerosol-en-trois-parties-revetement","7":"product_cat-etancheite-fuite","8":"product_cat-laboratoire","10":"first","11":"instock","12":"shipping-taxable","13":"product-type-simple"},"aioseo_notices":[],"_links":{"self":[{"href":"https:\/\/www.canneed.com\/fr\/wp-json\/wp\/v2\/product\/289","targetHints":{"allow":["GET"]}}],"collection":[{"href":"https:\/\/www.canneed.com\/fr\/wp-json\/wp\/v2\/product"}],"about":[{"href":"https:\/\/www.canneed.com\/fr\/wp-json\/wp\/v2\/types\/product"}],"replies":[{"embeddable":true,"href":"https:\/\/www.canneed.com\/fr\/wp-json\/wp\/v2\/comments?post=289"}],"wp:featuredmedia":[{"embeddable":true,"href":"https:\/\/www.canneed.com\/fr\/wp-json\/wp\/v2\/media\/319"}],"wp:attachment":[{"href":"https:\/\/www.canneed.com\/fr\/wp-json\/wp\/v2\/media?parent=289"}],"wp:term":[{"taxonomy":"product_brand","embeddable":true,"href":"https:\/\/www.canneed.com\/fr\/wp-json\/wp\/v2\/product_brand?post=289"},{"taxonomy":"product_cat","embeddable":true,"href":"https:\/\/www.canneed.com\/fr\/wp-json\/wp\/v2\/product_cat?post=289"},{"taxonomy":"product_tag","embeddable":true,"href":"https:\/\/www.canneed.com\/fr\/wp-json\/wp\/v2\/product_tag?post=289"}],"curies":[{"name":"wp","href":"https:\/\/api.w.org\/{rel}","templated":true}]}}