{"id":288,"date":"2025-05-13T15:58:09","date_gmt":"2025-05-13T07:58:09","guid":{"rendered":"http:\/\/www.canneed.com\/fr\/?post_type=product&#038;p=288"},"modified":"2025-05-13T15:58:13","modified_gmt":"2025-05-13T07:58:13","slug":"canneed-bdd-200a","status":"publish","type":"product","link":"https:\/\/www.canneed.com\/fr\/product\/canneed-bdd-200a\/","title":{"rendered":"CanNeed-BDD-200A"},"content":{"rendered":"<p>&nbsp;<\/p>\n<h3>Application<\/h3>\n<div class='prodocut_content'>La jauge de profondeur de talon CanNeed-BDD-200A sert \u00e0 mesurer la profondeur du talon du corps de la bo\u00eete. Gr\u00e2ce au support de mesure d&rsquo;extr\u00e9mit\u00e9 sp\u00e9cialement con\u00e7u, la profondeur du talon d&rsquo;extr\u00e9mit\u00e9 peut \u00e9galement \u00eatre mesur\u00e9e. Le support de canette finement con\u00e7u garantit que les canettes restent immobiles pendant la mesure et que les r\u00e9sultats sont plus pr\u00e9cis.<\/div>\n<p>&nbsp;<\/p>\n<h3>Les avantages<\/h3>\n<div class='prodocut_content'>La jauge de profondeur de perles BDD-200A est un mod\u00e8le avanc\u00e9, compos\u00e9 d&rsquo;unit\u00e9s de mesure, d&rsquo;un indicateur num\u00e9rique et d&rsquo;un processeur de donn\u00e9es. Les op\u00e9rateurs n&rsquo;ont qu&rsquo;\u00e0 d\u00e9placer l&rsquo;aiguille de mesure pour faire passer les perles, puis le processeur de donn\u00e9es calculera et affichera automatiquement la valeur de la profondeur des perles.<br \/>\nLe processeur de donn\u00e9es est capable de collecter les lectures de l&rsquo;indicateur et de calculer automatiquement la profondeur des perles.&nbsp; Il est \u00e9galement possible d&rsquo;acheter un transmetteur et un c\u00e2ble pour transf\u00e9rer les donn\u00e9es vers un ordinateur ou un syst\u00e8me SPC, afin d&rsquo;\u00e9viter les erreurs humaines.&nbsp;<\/div>\n","protected":false},"excerpt":{"rendered":"<h3>Jauge de profondeur des nervures au corps et couvercle des bo\u00eetes<\/h3>\n","protected":false},"featured_media":318,"comment_status":"closed","ping_status":"closed","template":"","meta":[],"product_brand":[],"product_cat":[22,65,21],"product_tag":[],"class_list":{"0":"post-288","1":"product","2":"type-product","3":"status-publish","4":"has-post-thumbnail","6":"product_cat-canette-aerosol-en-trois-parties-revetement","7":"product_cat-etancheite-fuite","8":"product_cat-laboratoire","10":"first","11":"instock","12":"shipping-taxable","13":"product-type-simple"},"aioseo_notices":[],"_links":{"self":[{"href":"https:\/\/www.canneed.com\/fr\/wp-json\/wp\/v2\/product\/288","targetHints":{"allow":["GET"]}}],"collection":[{"href":"https:\/\/www.canneed.com\/fr\/wp-json\/wp\/v2\/product"}],"about":[{"href":"https:\/\/www.canneed.com\/fr\/wp-json\/wp\/v2\/types\/product"}],"replies":[{"embeddable":true,"href":"https:\/\/www.canneed.com\/fr\/wp-json\/wp\/v2\/comments?post=288"}],"wp:featuredmedia":[{"embeddable":true,"href":"https:\/\/www.canneed.com\/fr\/wp-json\/wp\/v2\/media\/318"}],"wp:attachment":[{"href":"https:\/\/www.canneed.com\/fr\/wp-json\/wp\/v2\/media?parent=288"}],"wp:term":[{"taxonomy":"product_brand","embeddable":true,"href":"https:\/\/www.canneed.com\/fr\/wp-json\/wp\/v2\/product_brand?post=288"},{"taxonomy":"product_cat","embeddable":true,"href":"https:\/\/www.canneed.com\/fr\/wp-json\/wp\/v2\/product_cat?post=288"},{"taxonomy":"product_tag","embeddable":true,"href":"https:\/\/www.canneed.com\/fr\/wp-json\/wp\/v2\/product_tag?post=288"}],"curies":[{"name":"wp","href":"https:\/\/api.w.org\/{rel}","templated":true}]}}