{"id":26,"date":"2025-05-13T15:57:16","date_gmt":"2025-05-13T07:57:16","guid":{"rendered":"http:\/\/www.canneed.com\/fr\/?post_type=product&#038;p=26"},"modified":"2025-05-13T15:57:22","modified_gmt":"2025-05-13T07:57:22","slug":"canneed-rpg-100","status":"publish","type":"product","link":"https:\/\/www.canneed.com\/fr\/product\/canneed-rpg-100\/","title":{"rendered":"CanNeed-RPG-100"},"content":{"rendered":"<p>&nbsp;<\/p>\n<h3>Application<\/h3>\n<div class='prodocut_content'>\n<p>\n\tLe projecteur du profil PRG-100 peut balayer simplement et rapidement les profils des roulettes et des plateaux de serrage.Ce syst\u00e8me peut \u00eatre appliqu\u00e9 dans l\u2019essai de r\u00e9ception pour\u2019 les nouvelles roulettes et plateaux de serrage ainsi que le contr\u00f4le de qualit\u00e9.Surveiller l\u2019\u00e9tat de l\u2019usure, les roulettes et plateaux de serrage doivent \u00eatre remplac\u00e9s quand ils sont oblig\u00e9s d\u2019\u00eatre chang\u00e9s.\n<\/p>\n<p>\n\tRPG-100 peut tester l&rsquo;endommagement des roulettes et des plateaux de serrage \u00e0 travers le profil de balayage, mesurant l\u2019angle, le rayon, la distance et analyser la diff\u00e9rence entre le profil de la roulette actuelle et de celle id\u00e9ale.\n<\/p>\n<p>\n\tAu sujet de la roulette, le projecteur du profil RPG-100 peut tester automatiquement la profondeur, l\u2019hauteur et la longueur de la roulette.Pour les plateaux de serrage, le projecteur du profil PRG-100 peut mesurer automatiquement la largeur du plateau de serrage.\n<\/p>\n<\/div>\n<p>&nbsp;<\/p>\n<h3>Les avantages<\/h3>\n<div class='prodocut_content'>\n<ol>\n<li>\n\t\t<span>Conception inverse des matrices de l\u2019ing\u00e9nierie<\/span>\n\t<\/li>\n<li>\n\t\t<span>Comparaison des conceptions des diff\u00e9rents fabricants.<\/span>\n\t<\/li>\n<li>\n\t\t<span>Rechercher les conceptions des roulettes et des plateaux de serrage r\u00e9p\u00e9titives- r\u00e9duire le stockage<\/span>\n\t<\/li>\n<li>\n\t\t<span>\u00c9tablirun sommaire des roulettes et des plateaux de serrage limpide<\/span>\n\t<\/li>\n<li>\n\t\t<span>Effectuer un essai de r\u00e9ception pour les roulettes et plateaux de serrage- \u00e9viter l\u2019erreur de la production<\/span>\n\t<\/li>\n<li>\n\t\t<span>Surveiller l\u2019\u00e9tat de l\u2019usure, les roulettes et plateaux de serrage doivent \u00eatre remplac\u00e9s quand ils sont oblig\u00e9s d\u2019\u00eatre chang\u00e9s.<\/span>\n\t<\/li>\n<li>\n\t\t<span>Interdire la conception d\u00e9fectueuse du profil<\/span>\n\t<\/li>\n<li>\n\t\t<span>Comparaison des conceptions et des fabrications<\/span>\n\t<\/li>\n<\/ol>\n<\/div>\n","protected":false},"excerpt":{"rendered":"<h3>Jauge de profil pour rouleau et mandrin<\/h3>\n","protected":false},"featured_media":56,"comment_status":"closed","ping_status":"closed","template":"","meta":[],"product_brand":[],"product_cat":[17,27,19],"product_tag":[],"class_list":{"0":"post-26","1":"product","2":"type-product","3":"status-publish","4":"has-post-thumbnail","6":"product_cat-biere-en-conserve-boisson-en-conserve-en-conserve","7":"product_cat-ligne-de-conditionnement-en-ligne","8":"product_cat-ourlet-double","10":"first","11":"instock","12":"shipping-taxable","13":"product-type-simple"},"aioseo_notices":[],"_links":{"self":[{"href":"https:\/\/www.canneed.com\/fr\/wp-json\/wp\/v2\/product\/26","targetHints":{"allow":["GET"]}}],"collection":[{"href":"https:\/\/www.canneed.com\/fr\/wp-json\/wp\/v2\/product"}],"about":[{"href":"https:\/\/www.canneed.com\/fr\/wp-json\/wp\/v2\/types\/product"}],"replies":[{"embeddable":true,"href":"https:\/\/www.canneed.com\/fr\/wp-json\/wp\/v2\/comments?post=26"}],"wp:featuredmedia":[{"embeddable":true,"href":"https:\/\/www.canneed.com\/fr\/wp-json\/wp\/v2\/media\/56"}],"wp:attachment":[{"href":"https:\/\/www.canneed.com\/fr\/wp-json\/wp\/v2\/media?parent=26"}],"wp:term":[{"taxonomy":"product_brand","embeddable":true,"href":"https:\/\/www.canneed.com\/fr\/wp-json\/wp\/v2\/product_brand?post=26"},{"taxonomy":"product_cat","embeddable":true,"href":"https:\/\/www.canneed.com\/fr\/wp-json\/wp\/v2\/product_cat?post=26"},{"taxonomy":"product_tag","embeddable":true,"href":"https:\/\/www.canneed.com\/fr\/wp-json\/wp\/v2\/product_tag?post=26"}],"curies":[{"name":"wp","href":"https:\/\/api.w.org\/{rel}","templated":true}]}}