{"id":247,"date":"2025-05-13T15:57:56","date_gmt":"2025-05-13T07:57:56","guid":{"rendered":"http:\/\/www.canneed.com\/fr\/?post_type=product&#038;p=247"},"modified":"2025-05-13T15:58:07","modified_gmt":"2025-05-13T07:58:07","slug":"canneed-cbt-400","status":"publish","type":"product","link":"https:\/\/www.canneed.com\/fr\/product\/canneed-cbt-400\/","title":{"rendered":"CanNeed-CBT-400"},"content":{"rendered":"<p>&nbsp;<\/p>\n<h3>Application<\/h3>\n<div class='prodocut_content'>Il n&rsquo;est pas n\u00e9cessaire de remplacer la pince pour mesurer les bo\u00eetes \u00e0 collet et les bo\u00eetes \u00e0 paroi droite. CanNeed-CBT-400 peut mesurer des bo\u00eetes de diam\u00e8tres et de hauteurs diff\u00e9rents.<\/p>\n<p>Placez les bo\u00eetes \u00e9chantillons directement dans la station de mesure. Il n&rsquo;est pas n\u00e9cessaire de presser les bo\u00eetes. Le cylindre et le dispositif de scellement automatique serrent et scellent automatiquement les bo\u00eetes. Lorsque les op\u00e9rateurs appuient sur \u00ab TEST \u00bb, l&rsquo;appareil recueille les valeurs de bouclage des bo\u00eetes.<\/div>\n<p>&nbsp;<\/p>\n<h3>Les avantages<\/h3>\n<div class='prodocut_content'><span>\u25cf Fonction de mesure de la croissance du d\u00f4me. Le temps de maintien de la pression peut \u00eatre r\u00e9gl\u00e9, pour mesurer la croissance du d\u00f4me.<\/span><br \/>\n<span>\u25cf Facile \u00e0 mettre en place et \u00e0 retirer les \u00e9chantillons, il n&rsquo;est pas n\u00e9cessaire d&rsquo;appuyer et de tirer !<\/span><br \/>\n<span>\u25cf Il n&rsquo;est pas n\u00e9cessaire de remplacer la pince lors de la mesure de bo\u00eetes \u00e0 collet et de bo\u00eetes \u00e0 paroi droite.<\/span><br \/>\n<span>\u25cf Sortie de donn\u00e9es RS232Cd, capable de transf\u00e9rer les donn\u00e9es vers le syst\u00e8me SPC.<\/span><br \/>\n<span>\u25cf Syst\u00e8me contr\u00f4l\u00e9 par automate \u00e0 \u00e9cran tactile, donn\u00e9es collect\u00e9es automatiquement.<\/span><br \/>\n<span>\u25cf La vitesse de pressage est r\u00e9glable et la courbe de pression peut \u00eatre d\u00e9finie.<\/span><br \/>\n<span>\u25cf \u00ab Vanne de surpression pneumatique \u00bb int\u00e9gr\u00e9e, capable d&rsquo;augmenter l&rsquo;alimentation pneumatique pour qu&rsquo;elle soit 1 \u00e0 2 fois sup\u00e9rieure \u00e0 la pression d&rsquo;entr\u00e9e.<\/span><br \/>\n<span>\u25cf Haute pr\u00e9cision<\/span><br \/>\n<span>\u25cf Avec un port d&rsquo;\u00e9talonnage, pratique pour l&rsquo;\u00e9talonnage.<\/span><br \/>\n<span>\u25cf Lorsque plusieurs \u00e9chantillons ont fini d&rsquo;\u00eatre mesur\u00e9s, les op\u00e9rateurs peuvent interroger chaque r\u00e9sultat de mesure.&nbsp; Les valeurs de mesure max. et min. et les valeurs moyennes peuvent \u00eatre calcul\u00e9es automatiquement.<\/span><br \/>\n<span>\u25cf Conception \u00e0 s\u00e9curit\u00e9 multiple<\/span><br \/>\n<span>\u25cf Protection m\u00e9canique contre les surcharges<\/span><\/div>\n<p>&nbsp;<\/p>\n<h3>Param\u00e8tres techniques<\/h3>\n<div class='prodocut_content'><\/div>\n","protected":false},"excerpt":{"rendered":"<h3>Testeur de boucles pour fond de bo\u00eete<\/h3>\n","protected":false},"featured_media":282,"comment_status":"closed","ping_status":"closed","template":"","meta":[],"product_brand":[],"product_cat":[17,21,57],"product_tag":[],"class_list":{"0":"post-247","1":"product","2":"type-product","3":"status-publish","4":"has-post-thumbnail","6":"product_cat-biere-en-conserve-boisson-en-conserve-en-conserve","7":"product_cat-laboratoire","8":"product_cat-pression-resistance-a-la-pression","10":"first","11":"instock","12":"shipping-taxable","13":"product-type-simple"},"aioseo_notices":[],"_links":{"self":[{"href":"https:\/\/www.canneed.com\/fr\/wp-json\/wp\/v2\/product\/247","targetHints":{"allow":["GET"]}}],"collection":[{"href":"https:\/\/www.canneed.com\/fr\/wp-json\/wp\/v2\/product"}],"about":[{"href":"https:\/\/www.canneed.com\/fr\/wp-json\/wp\/v2\/types\/product"}],"replies":[{"embeddable":true,"href":"https:\/\/www.canneed.com\/fr\/wp-json\/wp\/v2\/comments?post=247"}],"wp:featuredmedia":[{"embeddable":true,"href":"https:\/\/www.canneed.com\/fr\/wp-json\/wp\/v2\/media\/282"}],"wp:attachment":[{"href":"https:\/\/www.canneed.com\/fr\/wp-json\/wp\/v2\/media?parent=247"}],"wp:term":[{"taxonomy":"product_brand","embeddable":true,"href":"https:\/\/www.canneed.com\/fr\/wp-json\/wp\/v2\/product_brand?post=247"},{"taxonomy":"product_cat","embeddable":true,"href":"https:\/\/www.canneed.com\/fr\/wp-json\/wp\/v2\/product_cat?post=247"},{"taxonomy":"product_tag","embeddable":true,"href":"https:\/\/www.canneed.com\/fr\/wp-json\/wp\/v2\/product_tag?post=247"}],"curies":[{"name":"wp","href":"https:\/\/api.w.org\/{rel}","templated":true}]}}