{"id":246,"date":"2025-05-13T15:57:56","date_gmt":"2025-05-13T07:57:56","guid":{"rendered":"http:\/\/www.canneed.com\/fr\/?post_type=product&#038;p=246"},"modified":"2025-05-13T15:58:07","modified_gmt":"2025-05-13T07:58:07","slug":"canneed-pnr-c100","status":"publish","type":"product","link":"https:\/\/www.canneed.com\/fr\/product\/canneed-pnr-c100\/","title":{"rendered":"CanNeed-PNR-C100"},"content":{"rendered":"<p>&nbsp;<\/p>\n<h3>Application<\/h3>\n<div class='prodocut_content'>Le testeur de pression sans retour CanNeed-PNR-C100 pour les bo\u00eetes de conserve sur le fond peut mesurer la valeur PNR (d\u00e9formation plastique) et la valeur de flambage du fond de la bo\u00eete. Pendant tout le processus de pressurisation, le microm\u00e8tre permet de suivre et de mesurer l&rsquo;ampleur de la d\u00e9formation, de g\u00e9n\u00e9rer la courbe \u00e0 l&rsquo;aide du logiciel et d&rsquo;analyser la corr\u00e9lation entre la pression et l&rsquo;ampleur de la d\u00e9formation du fond de la bo\u00eete.<\/div>\n<p>&nbsp;<\/p>\n<h3>Les avantages<\/h3>\n<div class='prodocut_content'>Trois modes de test :<\/p>\n<p>Test PNR : Le syst\u00e8me de serrage de l&rsquo;\u00e9chantillon, la mise sous pression et le suivi de la d\u00e9formation \u00e0 l&rsquo;aide d&rsquo;un microm\u00e8tre, la g\u00e9n\u00e9ration de la courbe \u00e0 l&rsquo;aide du logiciel, l&rsquo;obtention de la valeur PNR lorsque la \u00ab d\u00e9formation sans retour \u00bb se produit.<br \/>\nEssai de flambage : La pression de d\u00e9formation du fond de la bo\u00eete, pressuriser jusqu&rsquo;\u00e0 ce que le fond de la bo\u00eete se d\u00e9forme et la pression maximale supportable sera affich\u00e9e sur l&rsquo;\u00e9cran d&rsquo;affichage.<br \/>\n&nbsp;Test de longueur : Test de pression pour la quantit\u00e9 de d\u00e9formation pr\u00e9d\u00e9finie, pour mesurer la valeur de pression qui a caus\u00e9 la quantit\u00e9 de d\u00e9formation pr\u00e9d\u00e9finie du fond de la bo\u00eete.<\/div>\n","protected":false},"excerpt":{"rendered":"<h3>Testeur de pression et de non-retour pour les bo\u00eetes de conserve sur le fond<\/h3>\n","protected":false},"featured_media":281,"comment_status":"closed","ping_status":"closed","template":"","meta":[],"product_brand":[],"product_cat":[17,22,23,29,21],"product_tag":[],"class_list":{"0":"post-246","1":"product","2":"type-product","3":"status-publish","4":"has-post-thumbnail","6":"product_cat-biere-en-conserve-boisson-en-conserve-en-conserve","7":"product_cat-canette-aerosol-en-trois-parties-revetement","8":"product_cat-canette-bouteille-en-aluminium-en-deux-parties","9":"product_cat-film-de-peinture-peinture-revetement","10":"product_cat-laboratoire","12":"first","13":"instock","14":"shipping-taxable","15":"product-type-simple"},"aioseo_notices":[],"_links":{"self":[{"href":"https:\/\/www.canneed.com\/fr\/wp-json\/wp\/v2\/product\/246","targetHints":{"allow":["GET"]}}],"collection":[{"href":"https:\/\/www.canneed.com\/fr\/wp-json\/wp\/v2\/product"}],"about":[{"href":"https:\/\/www.canneed.com\/fr\/wp-json\/wp\/v2\/types\/product"}],"replies":[{"embeddable":true,"href":"https:\/\/www.canneed.com\/fr\/wp-json\/wp\/v2\/comments?post=246"}],"wp:featuredmedia":[{"embeddable":true,"href":"https:\/\/www.canneed.com\/fr\/wp-json\/wp\/v2\/media\/281"}],"wp:attachment":[{"href":"https:\/\/www.canneed.com\/fr\/wp-json\/wp\/v2\/media?parent=246"}],"wp:term":[{"taxonomy":"product_brand","embeddable":true,"href":"https:\/\/www.canneed.com\/fr\/wp-json\/wp\/v2\/product_brand?post=246"},{"taxonomy":"product_cat","embeddable":true,"href":"https:\/\/www.canneed.com\/fr\/wp-json\/wp\/v2\/product_cat?post=246"},{"taxonomy":"product_tag","embeddable":true,"href":"https:\/\/www.canneed.com\/fr\/wp-json\/wp\/v2\/product_tag?post=246"}],"curies":[{"name":"wp","href":"https:\/\/api.w.org\/{rel}","templated":true}]}}