{"id":245,"date":"2025-05-13T15:57:56","date_gmt":"2025-05-13T07:57:56","guid":{"rendered":"http:\/\/www.canneed.com\/fr\/?post_type=product&#038;p=245"},"modified":"2025-05-13T15:58:07","modified_gmt":"2025-05-13T07:58:07","slug":"canneed-cbbt-100","status":"publish","type":"product","link":"https:\/\/www.canneed.com\/fr\/product\/canneed-cbbt-100\/","title":{"rendered":"CanNeed-CBBT-100"},"content":{"rendered":"<p>&nbsp;<\/p>\n<h3>Application<\/h3>\n<div class='prodocut_content'><span>Le testeur de pression d\u2019explosion du contenant CBBT-100 est destin\u00e9 \u00e0 mesurer 2 valeurs de r\u00e9sistance \u00e0 la pression pour un contenant en 2 sections: R\u00e9sistance du contenant convexe, r\u00e9sistance d\u2019explosion. Enregistrer 2 r\u00e9sultats de mesure automatiquement.<\/span><br \/>\n<span>Il \u00e9quipe des outillages de serrage ad\u00e9quats, qui peut tester les contenants sp\u00e9cimens au diam\u00e8tre int\u00e9rieur et hauteur diff\u00e9rente.<\/span><br \/>\n<span>En cas d\u2019achat d\u2019un logiciel d\u2019analyse, il peut afficher la courbe de pression, la base de donn\u00e9es g\u00e9n\u00e8re l\u00e8s r\u00e9sultats de mesure.<\/span><\/div>\n<p>&nbsp;<\/p>\n<h3>Les avantages<\/h3>\n<div class='prodocut_content'>\n<div>\n<p>\n\t\t<span style=\"line-height:1.5;\">1.Le testeur de pression de l\u2019explosion du contenant CBBT-100\u2019 est un instrument standard dans le m\u00e9tier de fabrication des contenants.<br \/>\n2.Il \u00e9quipe des outillages de serrage ad\u00e9quats, qui peut tester les contenants sp\u00e9cimens au diam\u00e8tre int\u00e9rieur et hauteur diff\u00e9rente.<br \/>\n3.Avec fonction de sortie de donn\u00e9es RS32C, il peut transmettre les donn\u00e9es vers SPC.<br \/>\n4.Adopter un syst\u00e8me de commande d\u2019\u00e9cran tactile PLC, collecter automatiquement les donn\u00e9es.<\/span>\n\t<\/p>\n<p>\n\t\t<span style=\"line-height:1.5;\">5.La vitesse de pressurisation est ajustable, la courbe de pressurisation peut \u00eatre r\u00e9gl\u00e9e.<br \/>\n6.Haute pr\u00e9cision<br \/>\n7.Avec une entr\u00e9e de calibrage, facile \u00e0 calibrer l\u2019appareil.<br \/>\n8.Apr\u00e8s avoir mesur\u00e9 nombreux de sp\u00e9cimens, on peut constater tous les r\u00e9sultats, calculer automatiquement la valeur moyenne,max.et min.<br \/>\n9.Multiples d\u2019installations s\u00e9curitaires<br \/>\n10.Protection de surcharge<\/span>\n\t<\/p>\n<\/div>\n<\/div>\n","protected":false},"excerpt":{"rendered":"<h3>Testeur de pression d\u2019explosion du contenant<\/h3>\n","protected":false},"featured_media":280,"comment_status":"closed","ping_status":"closed","template":"","meta":[],"product_brand":[],"product_cat":[23,21,57],"product_tag":[],"class_list":{"0":"post-245","1":"product","2":"type-product","3":"status-publish","4":"has-post-thumbnail","6":"product_cat-canette-bouteille-en-aluminium-en-deux-parties","7":"product_cat-laboratoire","8":"product_cat-pression-resistance-a-la-pression","10":"first","11":"instock","12":"shipping-taxable","13":"product-type-simple"},"aioseo_notices":[],"_links":{"self":[{"href":"https:\/\/www.canneed.com\/fr\/wp-json\/wp\/v2\/product\/245","targetHints":{"allow":["GET"]}}],"collection":[{"href":"https:\/\/www.canneed.com\/fr\/wp-json\/wp\/v2\/product"}],"about":[{"href":"https:\/\/www.canneed.com\/fr\/wp-json\/wp\/v2\/types\/product"}],"replies":[{"embeddable":true,"href":"https:\/\/www.canneed.com\/fr\/wp-json\/wp\/v2\/comments?post=245"}],"wp:featuredmedia":[{"embeddable":true,"href":"https:\/\/www.canneed.com\/fr\/wp-json\/wp\/v2\/media\/280"}],"wp:attachment":[{"href":"https:\/\/www.canneed.com\/fr\/wp-json\/wp\/v2\/media?parent=245"}],"wp:term":[{"taxonomy":"product_brand","embeddable":true,"href":"https:\/\/www.canneed.com\/fr\/wp-json\/wp\/v2\/product_brand?post=245"},{"taxonomy":"product_cat","embeddable":true,"href":"https:\/\/www.canneed.com\/fr\/wp-json\/wp\/v2\/product_cat?post=245"},{"taxonomy":"product_tag","embeddable":true,"href":"https:\/\/www.canneed.com\/fr\/wp-json\/wp\/v2\/product_tag?post=245"}],"curies":[{"name":"wp","href":"https:\/\/api.w.org\/{rel}","templated":true}]}}