{"id":241,"date":"2025-05-13T15:57:55","date_gmt":"2025-05-13T07:57:55","guid":{"rendered":"http:\/\/www.canneed.com\/fr\/?post_type=product&#038;p=241"},"modified":"2025-05-13T15:58:05","modified_gmt":"2025-05-13T07:58:05","slug":"canneed-smm-400","status":"publish","type":"product","link":"https:\/\/www.canneed.com\/fr\/product\/canneed-smm-400\/","title":{"rendered":"CanNeed-SMM-400"},"content":{"rendered":"<p>&nbsp;<\/p>\n<h3>Application<\/h3>\n<div class='prodocut_content'>CanNeed-SMM-400 Score Measure Microscope adopte la technologie du microscope pour mesurer la profondeur du marquage et le r\u00e9sidu des extr\u00e9mit\u00e9s des bo\u00eetes de conserve. La mesure est effectu\u00e9e par la mise au point du microscope, si le microscope obtient une image tr\u00e8s claire, cela signifie que la mise au point est correcte, le changement de hauteur de la mise au point du microscope indique la profondeur du marquage de l&rsquo;extr\u00e9mit\u00e9. Le diam\u00e8tre de l&rsquo;aiguille de mesure de l&rsquo;extr\u00e9mit\u00e9 est tr\u00e8s petit, la mise au point sur le haut de l&rsquo;aiguille de mesure de l&rsquo;extr\u00e9mit\u00e9, la mise \u00e0 z\u00e9ro de l&rsquo;indicateur, le placement de l&rsquo;extr\u00e9mit\u00e9 de l&rsquo;\u00e9chantillon sur le plateau, l&rsquo;ajustement de la mise au point jusqu&rsquo;\u00e0 l&rsquo;obtention d&rsquo;une image claire du fond de la rainure de l&rsquo;extr\u00e9mit\u00e9, puis l&rsquo;obtention du r\u00e9sidu de la rainure. Placer l&rsquo;\u00e9chantillon sur le plateau, se concentrer sur la surface des extr\u00e9mit\u00e9s de l&rsquo;\u00e9chantillon (bord de la rainure), mettre l&rsquo;indicateur \u00e0 z\u00e9ro, ajuster la mise au point, lorsque l&rsquo;image claire du fond de la rainure s&rsquo;affiche \u00e0 l&rsquo;\u00e9cran, on obtient alors la profondeur de la rainure.<\/div>\n<p>&nbsp;<\/p>\n<h3>Les avantages<\/h3>\n<div class='prodocut_content'>\u25cf La distance de travail de l&rsquo;objectif atteint 8,2 mm, (la distance de travail signifie la distance entre l&rsquo;objectif et l&rsquo;objet lorsque la mise au point permet d&rsquo;obtenir une image claire), ce qui r\u00e9sout bien la grande diff\u00e9rence entre la position de la marque finale et la frange finale des extr\u00e9mit\u00e9s de l&rsquo;OE. Applicable \u00e0 la mesure du score de diff\u00e9rents types d&rsquo;extr\u00e9mit\u00e9s de canettes. Tels que RP, SOT, EO, etc.<br \/>\n\u25cf Adopte les composants optiques fins, assure la haute d\u00e9finition des images et la pr\u00e9cision des donn\u00e9es.<br \/>\n\u25cf Applicable \u00e0 diff\u00e9rents types d&rsquo;extr\u00e9mit\u00e9s. Diam\u00e8tre d&rsquo;extr\u00e9mit\u00e9 maximal de 110 mm, plus grand sur commande.<br \/>\n\u25cf La conception avanc\u00e9e de r\u00e9flexe \u00e0 objectif unique, capable de r\u00e9gler le grossissement en continu, pratique pour l&rsquo;observation.<br \/>\n\u25cf Microm\u00e8tre fin et affichage, atteint une r\u00e9solution de 1 \u00b5m, a assur\u00e9 la pr\u00e9cision du r\u00e9sultat.<br \/>\n\u25cf Logiciel de mesure professionnel, avec syst\u00e8me de gestion de base de donn\u00e9es, pratique pour g\u00e9n\u00e9rer des rapports, des statistiques de donn\u00e9es et le stockage d&rsquo;images.<br \/>\n\u25cf Fonction de ligne transversale de l&rsquo;\u00e9cran. A assur\u00e9 la superposition stricte du point d&rsquo;\u00e9talonnage et du point de mesure.<br \/>\n\u25cf Pi\u00e8ce d&rsquo;\u00e9talonnage. Les utilisateurs peuvent effectuer l&rsquo;\u00e9talonnage \u00e0 tout moment.<br \/>\n\u25cf Le support de mesure de levage, \u00e9liminer la d\u00e9viation caus\u00e9e par la pente des extr\u00e9mit\u00e9s de l&rsquo;\u00e9chantillon.<\/div>\n","protected":false},"excerpt":{"rendered":"<h3>Testeur de la ligne trac\u00e9e sur le couvercle du contenant CanNeed-SMM-400 (type d\u2019ordinateur)<\/h3>\n","protected":false},"featured_media":276,"comment_status":"closed","ping_status":"closed","template":"","meta":[],"product_brand":[],"product_cat":[23,58,21],"product_tag":[],"class_list":{"0":"post-241","1":"product","2":"type-product","3":"status-publish","4":"has-post-thumbnail","6":"product_cat-canette-bouteille-en-aluminium-en-deux-parties","7":"product_cat-force-de-traction-appui-sous-pression-charge-verticale-resistance-aux-chocs","8":"product_cat-laboratoire","10":"first","11":"instock","12":"shipping-taxable","13":"product-type-simple"},"aioseo_notices":[],"_links":{"self":[{"href":"https:\/\/www.canneed.com\/fr\/wp-json\/wp\/v2\/product\/241","targetHints":{"allow":["GET"]}}],"collection":[{"href":"https:\/\/www.canneed.com\/fr\/wp-json\/wp\/v2\/product"}],"about":[{"href":"https:\/\/www.canneed.com\/fr\/wp-json\/wp\/v2\/types\/product"}],"replies":[{"embeddable":true,"href":"https:\/\/www.canneed.com\/fr\/wp-json\/wp\/v2\/comments?post=241"}],"wp:featuredmedia":[{"embeddable":true,"href":"https:\/\/www.canneed.com\/fr\/wp-json\/wp\/v2\/media\/276"}],"wp:attachment":[{"href":"https:\/\/www.canneed.com\/fr\/wp-json\/wp\/v2\/media?parent=241"}],"wp:term":[{"taxonomy":"product_brand","embeddable":true,"href":"https:\/\/www.canneed.com\/fr\/wp-json\/wp\/v2\/product_brand?post=241"},{"taxonomy":"product_cat","embeddable":true,"href":"https:\/\/www.canneed.com\/fr\/wp-json\/wp\/v2\/product_cat?post=241"},{"taxonomy":"product_tag","embeddable":true,"href":"https:\/\/www.canneed.com\/fr\/wp-json\/wp\/v2\/product_tag?post=241"}],"curies":[{"name":"wp","href":"https:\/\/api.w.org\/{rel}","templated":true}]}}