{"id":240,"date":"2025-05-13T15:57:55","date_gmt":"2025-05-13T07:57:55","guid":{"rendered":"http:\/\/www.canneed.com\/fr\/?post_type=product&#038;p=240"},"modified":"2025-05-13T15:58:05","modified_gmt":"2025-05-13T07:58:05","slug":"canneed-ptt-400","status":"publish","type":"product","link":"https:\/\/www.canneed.com\/fr\/product\/canneed-ptt-400\/","title":{"rendered":"CanNeed-PTT-400"},"content":{"rendered":"<p>&nbsp;<\/p>\n<h3>Application<\/h3>\n<div class='prodocut_content'>CanNeed-PTT-400 testeur de force d&rsquo;ouverture du couvercle \u00e0 ouverture facile, testeur de force d&rsquo;ouverture compl\u00e8te, utilis\u00e9 pour d\u00e9tecter la force de traction de l&rsquo;anneau du couvercle \u00e0 ouverture facile.<\/p>\n<p>Adapt\u00e9 \u00e0 la mesure d&rsquo;une large gamme de fermetures de bo\u00eetes, 5 modes de mesure : Ring Pull (RP), Stay-On-Tab (SOT), Full-Open (EO), Oval (OVAL), Whisker Scored (SNAP).<\/p>\n<p>Mesure de 7 types d&rsquo;opercules : opercules \u00e0 anneau (RP), opercules \u00e0 languette (SOT), opercules compl\u00e8tement ouverts (EO), opercules carr\u00e9s (FSE), opercules ovales (OVAL), opercules marqu\u00e9s d&rsquo;un whisker (SNAP), opercules ALUFIX.<\/p>\n<p>L&rsquo;op\u00e9rateur accroche simplement l&rsquo;anneau de traction et appuie sur le bouton d&rsquo;inspection. Le microprocesseur d\u00e9termine et affiche automatiquement la force de rupture maximale et la force d&rsquo;ouverture totale pendant le test. Le logiciel d&rsquo;analyse CND_Track, disponible en option, permet d&rsquo;analyser la courbe de force de l&rsquo;ensemble du processus d&rsquo;essai.<\/p>\n<p>\u00c9quip\u00e9 de fixations de diff\u00e9rents diam\u00e8tres pour tester diff\u00e9rents diam\u00e8tres de couvercles.<\/div>\n<p>&nbsp;<\/p>\n<h3>Les avantages<\/h3>\n<div class='prodocut_content'>\n<ul>\n<li>\n\t\t\u00ab Le testeur de force de rupture du couvercle \u00e0 ouverture facile CanNeed-PTT-400 est l&rsquo;instrument standard de l&rsquo;industrie des bo\u00eetes de conserve.\n\t<\/li>\n<li>\n\t\tLogiciel d&rsquo;analyse CND_Track en option\n\t<\/li>\n<li>\n\t\tFacile \u00e0 utiliser\n\t<\/li>\n<li>\n\t\tAvec sortie de donn\u00e9es RS232C, peut envoyer des donn\u00e9es au SPC.\n\t<\/li>\n<li>\n\t\tAdopte un syst\u00e8me de contr\u00f4le par \u00e9cran tactile PLC, collecte automatique des donn\u00e9es.\n\t<\/li>\n<li>\n\t\tHaute pr\u00e9cision\n\t<\/li>\n<li>\n\t\tFonction d&rsquo;\u00e9talonnage, pratique pour l&rsquo;\u00e9talonnage\n\t<\/li>\n<li>\n\t\tPas besoin de source de gaz\n\t<\/li>\n<\/ul>\n<\/div>\n","protected":false},"excerpt":{"rendered":"<h3>Testeur de la force d\u2019ouverture &#038; force de d\u00e9chirure du couvercle de la canette<\/h3>\n","protected":false},"featured_media":275,"comment_status":"closed","ping_status":"closed","template":"","meta":[],"product_brand":[],"product_cat":[17,23,32,58,21],"product_tag":[],"class_list":{"0":"post-240","1":"product","2":"type-product","3":"status-publish","4":"has-post-thumbnail","6":"product_cat-biere-en-conserve-boisson-en-conserve-en-conserve","7":"product_cat-canette-bouteille-en-aluminium-en-deux-parties","8":"product_cat-cosmetiques-medicaments-aliments-en-sac","9":"product_cat-force-de-traction-appui-sous-pression-charge-verticale-resistance-aux-chocs","10":"product_cat-laboratoire","12":"first","13":"instock","14":"shipping-taxable","15":"product-type-simple"},"aioseo_notices":[],"_links":{"self":[{"href":"https:\/\/www.canneed.com\/fr\/wp-json\/wp\/v2\/product\/240","targetHints":{"allow":["GET"]}}],"collection":[{"href":"https:\/\/www.canneed.com\/fr\/wp-json\/wp\/v2\/product"}],"about":[{"href":"https:\/\/www.canneed.com\/fr\/wp-json\/wp\/v2\/types\/product"}],"replies":[{"embeddable":true,"href":"https:\/\/www.canneed.com\/fr\/wp-json\/wp\/v2\/comments?post=240"}],"wp:featuredmedia":[{"embeddable":true,"href":"https:\/\/www.canneed.com\/fr\/wp-json\/wp\/v2\/media\/275"}],"wp:attachment":[{"href":"https:\/\/www.canneed.com\/fr\/wp-json\/wp\/v2\/media?parent=240"}],"wp:term":[{"taxonomy":"product_brand","embeddable":true,"href":"https:\/\/www.canneed.com\/fr\/wp-json\/wp\/v2\/product_brand?post=240"},{"taxonomy":"product_cat","embeddable":true,"href":"https:\/\/www.canneed.com\/fr\/wp-json\/wp\/v2\/product_cat?post=240"},{"taxonomy":"product_tag","embeddable":true,"href":"https:\/\/www.canneed.com\/fr\/wp-json\/wp\/v2\/product_tag?post=240"}],"curies":[{"name":"wp","href":"https:\/\/api.w.org\/{rel}","templated":true}]}}