{"id":239,"date":"2025-05-13T15:57:55","date_gmt":"2025-05-13T07:57:55","guid":{"rendered":"http:\/\/www.canneed.com\/fr\/?post_type=product&#038;p=239"},"modified":"2025-05-13T15:58:04","modified_gmt":"2025-05-13T07:58:04","slug":"canneed-laserscore-300","status":"publish","type":"product","link":"https:\/\/www.canneed.com\/fr\/product\/canneed-laserscore-300\/","title":{"rendered":"CanNeed-LaserScore-300"},"content":{"rendered":"<p>&nbsp;<\/p>\n<h3>Application<\/h3>\n<div class='prodocut_content'>Bas\u00e9 sur la technologie laser et la technologie de positionnement visuel automatique, le syst\u00e8me CanNeed \u00ab LaserScore-300 Automatic EOE Score Residue and Progression Measure System \u00bb est utilis\u00e9 pour inspecter automatiquement les r\u00e9sidus de marquage EOE et la progression convexe des rivets. Le LaserScore-300 a deux positions de travail, chaque position s&rsquo;adaptant \u00e0 l&rsquo;inspection des EOE 202, 206 et 209.<\/p>\n<p>Lors du test, le bras m\u00e9canique d&rsquo;\u00e9chantillonnage automatique envoie l&rsquo;\u00e9chantillon \u00e0 la pince d&rsquo;inspection, le syst\u00e8me d&rsquo;asservissement se coordonne avec le syst\u00e8me de positionnement visuel automatique, positionnant le point de mesure avec pr\u00e9cision, mesurant les diff\u00e9rents points de l&rsquo;EOE \u00e0 tour de r\u00f4le, le bras m\u00e9canique d&rsquo;\u00e9chantillonnage automatique renvoie l&rsquo;\u00e9chantillon de la pince \u00e0 la position empil\u00e9e apr\u00e8s l&rsquo;inspection compl\u00e8te \u00e0 chaque fois.<\/p>\n<p>L&rsquo;application du LaserScore-300 permet de mesurer automatiquement des \u00e9chantillons par lots, ce qui permet d&rsquo;\u00e9conomiser du temps, de la main-d&rsquo;\u0153uvre et des mat\u00e9riaux.<\/div>\n<p>&nbsp;<\/p>\n<h3>Les avantages<\/h3>\n<div class='prodocut_content'>\n<ol>\n<li>\n\t\tMesure automatique\n\t<\/li>\n<li>\n\t\tMesure : \u00c9paisseur du r\u00e9sidu de la rainure de fin, \u00e9paisseur de la partie sup\u00e9rieure convexe du rivet, \u00e9paisseur de la partie inf\u00e9rieure convexe du rivet\n\t<\/li>\n<li>\n\t\tChargement rapide de l&rsquo;\u00e9chantillon, 2 secondes seulement\n\t<\/li>\n<li>\n\t\tEnviron 10 secondes pour tester un \u00e9chantillon \u00e0 chaque fois\n\t<\/li>\n<li>\n\t\tHaute pr\u00e9cision, pr\u00e9cision sup\u00e9rieure \u00e0 1 um, r\u00e9solution de 0,1 um\n\t<\/li>\n<li>\n\t\tLa section transversale du score EOE s&rsquo;affiche clairement \u00e0 l&rsquo;\u00e9cran.\n\t<\/li>\n<li>\n\t\tL&rsquo;image de la surface ascendante et descendante du score EOE est affich\u00e9e \u00e0 l&rsquo;\u00e9cran.\n\t<\/li>\n<li>\n\t\tTechnologie de mesure de pr\u00e9cision au laser, \u00e9vitant les erreurs humaines.\n\t<\/li>\n<\/ol>\n<\/div>\n","protected":false},"excerpt":{"rendered":"<h3>Syst\u00e8me de mesure automatique des r\u00e9sidus et de la progression du score EOE (sans contact)<\/h3>\n","protected":false},"featured_media":270,"comment_status":"closed","ping_status":"closed","template":"","meta":[],"product_brand":[],"product_cat":[23,31,30,55,21],"product_tag":[],"class_list":{"0":"post-239","1":"product","2":"type-product","3":"status-publish","4":"has-post-thumbnail","6":"product_cat-canette-bouteille-en-aluminium-en-deux-parties","7":"product_cat-capuchon-metallique-capuchon-couronne-capuchon-a-languette-capuchon-a-vis-capuchon-a-ouverture-a-griffe","8":"product_cat-dimensions","9":"product_cat-epaisseur","10":"product_cat-laboratoire","12":"first","13":"instock","14":"shipping-taxable","15":"product-type-simple"},"aioseo_notices":[],"_links":{"self":[{"href":"https:\/\/www.canneed.com\/fr\/wp-json\/wp\/v2\/product\/239","targetHints":{"allow":["GET"]}}],"collection":[{"href":"https:\/\/www.canneed.com\/fr\/wp-json\/wp\/v2\/product"}],"about":[{"href":"https:\/\/www.canneed.com\/fr\/wp-json\/wp\/v2\/types\/product"}],"replies":[{"embeddable":true,"href":"https:\/\/www.canneed.com\/fr\/wp-json\/wp\/v2\/comments?post=239"}],"wp:featuredmedia":[{"embeddable":true,"href":"https:\/\/www.canneed.com\/fr\/wp-json\/wp\/v2\/media\/270"}],"wp:attachment":[{"href":"https:\/\/www.canneed.com\/fr\/wp-json\/wp\/v2\/media?parent=239"}],"wp:term":[{"taxonomy":"product_brand","embeddable":true,"href":"https:\/\/www.canneed.com\/fr\/wp-json\/wp\/v2\/product_brand?post=239"},{"taxonomy":"product_cat","embeddable":true,"href":"https:\/\/www.canneed.com\/fr\/wp-json\/wp\/v2\/product_cat?post=239"},{"taxonomy":"product_tag","embeddable":true,"href":"https:\/\/www.canneed.com\/fr\/wp-json\/wp\/v2\/product_tag?post=239"}],"curies":[{"name":"wp","href":"https:\/\/api.w.org\/{rel}","templated":true}]}}