{"id":238,"date":"2025-05-13T15:57:55","date_gmt":"2025-05-13T07:57:55","guid":{"rendered":"http:\/\/www.canneed.com\/fr\/?post_type=product&#038;p=238"},"modified":"2025-05-13T15:58:04","modified_gmt":"2025-05-13T07:58:04","slug":"canneed-laserscore-200","status":"publish","type":"product","link":"https:\/\/www.canneed.com\/fr\/product\/canneed-laserscore-200\/","title":{"rendered":"CanNeed-LaserScore-200"},"content":{"rendered":"<p>&nbsp;<\/p>\n<h3>Application<\/h3>\n<div class='prodocut_content'>Bas\u00e9 sur la technologie laser et l&rsquo;analyse logicielle, le \u00ab CanNeed-Laserscore-200 Score Residue Measure System \u00bb est un syst\u00e8me non destructif permettant de mesurer le score r\u00e9siduel sur les baguettes. Il combine la facilit\u00e9 d&rsquo;utilisation et la fiabilit\u00e9 avec une r\u00e9p\u00e9tabilit\u00e9 et une pr\u00e9cision excellentes. La pince d&rsquo;extr\u00e9mit\u00e9 est \u00e9quip\u00e9e d&rsquo;une plate-forme de travail \u00e0 guide lin\u00e9aire bidimensionnel rotatif \u00e0 360\u00b0. Elle s&rsquo;adapte aux extr\u00e9mit\u00e9s, est facile \u00e0 positionner et \u00e0 mesurer.&nbsp;<\/p>\n<p>Principe de mesure : la position de la lumi\u00e8re r\u00e9fl\u00e9chie sur le capteur change en fonction du changement de la \u00ab profondeur du trait \u00bb.<br \/>\n\u00ab la profondeur du trait de scie. L&rsquo;inspection de ce changement de position permet de mesurer la profondeur de marquage des extr\u00e9mit\u00e9s. Le syst\u00e8me CanNeed-LaserScore-200 utilise deux capteurs laser, qui sont install\u00e9s sur la face sup\u00e9rieure et la face inf\u00e9rieure de l&rsquo;extr\u00e9mit\u00e9 de la bo\u00eete &#8211; le faisceau laser est r\u00e9fl\u00e9chi vers les capteurs en fonction de la profondeur de la surface. La profondeur du marquage et le r\u00e9sidu sont calcul\u00e9s sur la base de la table d&rsquo;\u00e9talonnage et de la mesure r\u00e9ellement effectu\u00e9e.<\/p>\n<p>Il faut environ 5 secondes pour effectuer une mesure. Le logiciel de mesure laser est simple \u00e0 utiliser !<\/div>\n<p>&nbsp;<\/p>\n<h3>Les avantages<\/h3>\n<div class='prodocut_content'>\n<ol>\n<li>\n\t\tHaute pr\u00e9cision, la pr\u00e9cision atteint 1\u03bcm et la r\u00e9solution 0,01\u03bcm.\n\t<\/li>\n<li>\n\t\tLa section transversale de l&rsquo;extr\u00e9mit\u00e9 s&rsquo;affiche clairement \u00e0 l&rsquo;\u00e9cran.\n\t<\/li>\n<li>\n\t\tLa surface de la marque finale s&rsquo;affiche \u00e0 l&rsquo;\u00e9cran.\n\t<\/li>\n<li>\n\t\tLa technologie laser de pr\u00e9cision permet d&rsquo;\u00e9viter les erreurs humaines.\n\t<\/li>\n<li>\n\t\tLe changement d&rsquo;\u00e9chantillon est facile et ne prend que 2 secondes.\n\t<\/li>\n<li>\n\t\tUne mesure ne prend que 5 secondes environ\n\t<\/li>\n<\/ol>\n<\/div>\n","protected":false},"excerpt":{"rendered":"<h3>Score Syst\u00e8me de mesure des r\u00e9sidus<\/h3>\n","protected":false},"featured_media":269,"comment_status":"closed","ping_status":"closed","template":"","meta":[],"product_brand":[],"product_cat":[17,31,32,58,21],"product_tag":[],"class_list":{"0":"post-238","1":"product","2":"type-product","3":"status-publish","4":"has-post-thumbnail","6":"product_cat-biere-en-conserve-boisson-en-conserve-en-conserve","7":"product_cat-capuchon-metallique-capuchon-couronne-capuchon-a-languette-capuchon-a-vis-capuchon-a-ouverture-a-griffe","8":"product_cat-cosmetiques-medicaments-aliments-en-sac","9":"product_cat-force-de-traction-appui-sous-pression-charge-verticale-resistance-aux-chocs","10":"product_cat-laboratoire","12":"first","13":"instock","14":"shipping-taxable","15":"product-type-simple"},"aioseo_notices":[],"_links":{"self":[{"href":"https:\/\/www.canneed.com\/fr\/wp-json\/wp\/v2\/product\/238","targetHints":{"allow":["GET"]}}],"collection":[{"href":"https:\/\/www.canneed.com\/fr\/wp-json\/wp\/v2\/product"}],"about":[{"href":"https:\/\/www.canneed.com\/fr\/wp-json\/wp\/v2\/types\/product"}],"replies":[{"embeddable":true,"href":"https:\/\/www.canneed.com\/fr\/wp-json\/wp\/v2\/comments?post=238"}],"wp:featuredmedia":[{"embeddable":true,"href":"https:\/\/www.canneed.com\/fr\/wp-json\/wp\/v2\/media\/269"}],"wp:attachment":[{"href":"https:\/\/www.canneed.com\/fr\/wp-json\/wp\/v2\/media?parent=238"}],"wp:term":[{"taxonomy":"product_brand","embeddable":true,"href":"https:\/\/www.canneed.com\/fr\/wp-json\/wp\/v2\/product_brand?post=238"},{"taxonomy":"product_cat","embeddable":true,"href":"https:\/\/www.canneed.com\/fr\/wp-json\/wp\/v2\/product_cat?post=238"},{"taxonomy":"product_tag","embeddable":true,"href":"https:\/\/www.canneed.com\/fr\/wp-json\/wp\/v2\/product_tag?post=238"}],"curies":[{"name":"wp","href":"https:\/\/api.w.org\/{rel}","templated":true}]}}