{"id":235,"date":"2025-05-13T15:57:55","date_gmt":"2025-05-13T07:57:55","guid":{"rendered":"http:\/\/www.canneed.com\/fr\/?post_type=product&#038;p=235"},"modified":"2025-05-13T15:58:02","modified_gmt":"2025-05-13T07:58:02","slug":"canneed-ptg-100","status":"publish","type":"product","link":"https:\/\/www.canneed.com\/fr\/product\/canneed-ptg-100\/","title":{"rendered":"CanNeed-PTG-100"},"content":{"rendered":"<p>&nbsp;<\/p>\n<h3>Application<\/h3>\n<div class='prodocut_content'>Cet appareil permet de v\u00e9rifier rapidement l&rsquo;\u00e9paisseur des plaques. Dans cette version, l&rsquo;\u00e9chantillon est pr\u00e9sent\u00e9 verticalement. \u00c9quip\u00e9 d&rsquo;un indicateur num\u00e9rique Mitutoyo d&rsquo;une r\u00e9solution de 0,001 mm.<br \/>\nEn achetant l&rsquo;adaptateur et le c\u00e2ble, la jauge peut \u00eatre connect\u00e9e \u00e0 un ordinateur ou \u00e0 un syst\u00e8me SPC pour la collecte de donn\u00e9es.<\/div>\n","protected":false},"excerpt":{"rendered":"<h3>Mesure num\u00e9rique de l&rsquo;\u00e9paisseur des plaques<\/h3>\n","protected":false},"featured_media":266,"comment_status":"closed","ping_status":"closed","template":"","meta":[],"product_brand":[],"product_cat":[17,31,65,21],"product_tag":[],"class_list":{"0":"post-235","1":"product","2":"type-product","3":"status-publish","4":"has-post-thumbnail","6":"product_cat-biere-en-conserve-boisson-en-conserve-en-conserve","7":"product_cat-capuchon-metallique-capuchon-couronne-capuchon-a-languette-capuchon-a-vis-capuchon-a-ouverture-a-griffe","8":"product_cat-etancheite-fuite","9":"product_cat-laboratoire","11":"first","12":"instock","13":"shipping-taxable","14":"product-type-simple"},"aioseo_notices":[],"_links":{"self":[{"href":"https:\/\/www.canneed.com\/fr\/wp-json\/wp\/v2\/product\/235","targetHints":{"allow":["GET"]}}],"collection":[{"href":"https:\/\/www.canneed.com\/fr\/wp-json\/wp\/v2\/product"}],"about":[{"href":"https:\/\/www.canneed.com\/fr\/wp-json\/wp\/v2\/types\/product"}],"replies":[{"embeddable":true,"href":"https:\/\/www.canneed.com\/fr\/wp-json\/wp\/v2\/comments?post=235"}],"wp:featuredmedia":[{"embeddable":true,"href":"https:\/\/www.canneed.com\/fr\/wp-json\/wp\/v2\/media\/266"}],"wp:attachment":[{"href":"https:\/\/www.canneed.com\/fr\/wp-json\/wp\/v2\/media?parent=235"}],"wp:term":[{"taxonomy":"product_brand","embeddable":true,"href":"https:\/\/www.canneed.com\/fr\/wp-json\/wp\/v2\/product_brand?post=235"},{"taxonomy":"product_cat","embeddable":true,"href":"https:\/\/www.canneed.com\/fr\/wp-json\/wp\/v2\/product_cat?post=235"},{"taxonomy":"product_tag","embeddable":true,"href":"https:\/\/www.canneed.com\/fr\/wp-json\/wp\/v2\/product_tag?post=235"}],"curies":[{"name":"wp","href":"https:\/\/api.w.org\/{rel}","templated":true}]}}