{"id":231,"date":"2025-05-13T15:57:54","date_gmt":"2025-05-13T07:57:54","guid":{"rendered":"http:\/\/www.canneed.com\/fr\/?post_type=product&#038;p=231"},"modified":"2025-05-13T15:58:00","modified_gmt":"2025-05-13T07:58:00","slug":"canneed-sst-2","status":"publish","type":"product","link":"https:\/\/www.canneed.com\/fr\/product\/canneed-sst-2\/","title":{"rendered":"CanNeed-SST-2"},"content":{"rendered":"<p>&nbsp;<\/p>\n<h3>Application<\/h3>\n<div class='prodocut_content'>Le testeur de scellage s\u00e9curis\u00e9 CanNeed-CND-SST-2 est utilis\u00e9 pour tester l&rsquo;int\u00e9grit\u00e9 du scellage des contenants en verre ou en plastique et des bo\u00eetes de conserve. Le CND-SST-2 a \u00e9t\u00e9 con\u00e7u pour r\u00e9pondre aux besoins sp\u00e9cifiques de scellage des bo\u00eetes et des bouteilles qui utilisent des bouchons en aluminium, des couronnes tournantes ou des bouchons en plastique. Le CND-SST-3 fonctionne avec de l&rsquo;air comprim\u00e9, de l&rsquo;azote ou du dioxyde de carbone. En d\u00e9tectant les fuites de gaz plut\u00f4t que de liquide, le Secure Seal Tester donne des r\u00e9sultats plus sensibles et plus pr\u00e9cis.<\/div>\n<p>&nbsp;<\/p>\n<h3>Les avantages<\/h3>\n<div class='prodocut_content'>1) La pression est assur\u00e9e par de l&rsquo;air comprim\u00e9 ou du CO2.<br \/>\n2) Mesure par la m\u00e9thode de la pression positive, \u00e9vitant les probl\u00e8mes lorsque la pression de mesure est inf\u00e9rieure \u00e0 1 bar avec la m\u00e9thode de la pression n\u00e9gative.<br \/>\n3) Plage de pression de mesure : 0-16bar (1.6Mpa)<br \/>\n4) Fabriqu\u00e9 en aluminium anodis\u00e9, en acier inoxydable et en plastique, il est solide et durable.<br \/>\n5) \u00c9quip\u00e9 d&rsquo;un r\u00e9ducteur de pression \u00e0 l&rsquo;int\u00e9rieur de la machine, permettant de r\u00e9gler facilement la pression de test maximale.<br \/>\n6) Certains de ces dispositifs de s\u00e9curit\u00e9 sont la soupape de s\u00e9curit\u00e9 en s\u00e9rie, la disposition des trous d&rsquo;alignement dans le couvercle et la caract\u00e9ristique d&rsquo;a\u00e9ration rapide. D&rsquo;autres sont le verrouillage s\u00fbr du couvercle, la soupape de d\u00e9charge du r\u00e9gulateur et le concept selon lequel le r\u00e9cipient d&rsquo;essai est immerg\u00e9 dans l&rsquo;eau et entour\u00e9 d&rsquo;un r\u00e9servoir de forme cylindrique.<br \/>\n7) Contr\u00f4le pr\u00e9cis du d\u00e9bit, vitesse de mont\u00e9e r\u00e9glable. Plage de r\u00e9glage : le temps de pressurisation \u00e0 1Mpa peut \u00eatre r\u00e9gl\u00e9 \u00e0 n&rsquo;importe quel moment entre 5 et 60 secondes.<br \/>\n8) Haute sensibilit\u00e9 et haute pr\u00e9cision.<\/div>\n","protected":false},"excerpt":{"rendered":"<h3>Testeur de scell\u00e9s s\u00e9curis\u00e9s<\/h3>\n","protected":false},"featured_media":262,"comment_status":"closed","ping_status":"closed","template":"","meta":[],"product_brand":[],"product_cat":[26,33,27,53],"product_tag":[],"class_list":{"0":"post-231","1":"product","2":"type-product","3":"status-publish","4":"has-post-thumbnail","6":"product_cat-bouteilles-en-verre-bouteilles-de-biere-vin-whisky","7":"product_cat-bouteilles-pet-boissons-bouteilles-pet-embryons-de-bouteilles-bouchons-en-plastique","8":"product_cat-ligne-de-conditionnement-en-ligne","9":"product_cat-poids-contenu-net","11":"first","12":"instock","13":"shipping-taxable","14":"product-type-simple"},"aioseo_notices":[],"_links":{"self":[{"href":"https:\/\/www.canneed.com\/fr\/wp-json\/wp\/v2\/product\/231","targetHints":{"allow":["GET"]}}],"collection":[{"href":"https:\/\/www.canneed.com\/fr\/wp-json\/wp\/v2\/product"}],"about":[{"href":"https:\/\/www.canneed.com\/fr\/wp-json\/wp\/v2\/types\/product"}],"replies":[{"embeddable":true,"href":"https:\/\/www.canneed.com\/fr\/wp-json\/wp\/v2\/comments?post=231"}],"wp:featuredmedia":[{"embeddable":true,"href":"https:\/\/www.canneed.com\/fr\/wp-json\/wp\/v2\/media\/262"}],"wp:attachment":[{"href":"https:\/\/www.canneed.com\/fr\/wp-json\/wp\/v2\/media?parent=231"}],"wp:term":[{"taxonomy":"product_brand","embeddable":true,"href":"https:\/\/www.canneed.com\/fr\/wp-json\/wp\/v2\/product_brand?post=231"},{"taxonomy":"product_cat","embeddable":true,"href":"https:\/\/www.canneed.com\/fr\/wp-json\/wp\/v2\/product_cat?post=231"},{"taxonomy":"product_tag","embeddable":true,"href":"https:\/\/www.canneed.com\/fr\/wp-json\/wp\/v2\/product_tag?post=231"}],"curies":[{"name":"wp","href":"https:\/\/api.w.org\/{rel}","templated":true}]}}