{"id":23,"date":"2025-05-13T15:57:15","date_gmt":"2025-05-13T07:57:15","guid":{"rendered":"http:\/\/www.canneed.com\/fr\/?post_type=product&#038;p=23"},"modified":"2025-05-13T15:57:20","modified_gmt":"2025-05-13T07:57:20","slug":"canneed-can-1050d","status":"publish","type":"product","link":"https:\/\/www.canneed.com\/fr\/product\/canneed-can-1050d\/","title":{"rendered":"CanNeed-CAN-1050D"},"content":{"rendered":"<p>&nbsp;<\/p>\n<h3>Application<\/h3>\n<div class='prodocut_content'><span>La jauge de force aux plateaux de scellement et de roulage digitale CAN-1050D est destin\u00e9e \u00e0 mesurer la portance des plateaux de la sertisseuse pr\u00e9cis\u00e9ment .<\/span><br \/>\n<span>En application de la jauge CAN-1050D, on peut \u00e9viter les d\u00e9fectuosit\u00e9s caus\u00e9es par l\u2019\u00e9norme force du plateau: Ar\u00eate et bord tranchant, rupture du roulage, d\u00e9formation du corps, crochet du corps extr\u00eamement long, profondeur d\u2019encastrement trop large etc.<\/span><br \/>\n<span>CAN-1050D peut \u00e9viter les d\u00e9fectuosit\u00e9s caus\u00e9es par la portance mineure du plateau: Glissement du contenant, crochet du corps trop court etc.<\/span><\/div>\n<p>&nbsp;<\/p>\n<h3>Les avantages<\/h3>\n<div class='prodocut_content'><span>1.R\u00e9duire remarquablement le taux de produits d\u00e9fectueux.<\/span><br \/>\n<span>2.Raccourcir consid\u00e9rablement le temps de r\u00e9glage de la sertisseuse, \u00e9levant la productivit\u00e9<\/span><br \/>\n<span>3.Am\u00e9liorer la qualit\u00e9 du roulage.<\/span><br \/>\n<span>4.Affichage digitale, haute pr\u00e9cision , commode \u00e0 manipuler.<\/span><\/div>\n","protected":false},"excerpt":{"rendered":"<h3>Jauge de force aux plateaux de scellement et de roulage digitale CanNeed-CAN-1050D<\/h3>\n","protected":false},"featured_media":51,"comment_status":"closed","ping_status":"closed","template":"","meta":[],"product_brand":[],"product_cat":[17,22,27,19],"product_tag":[],"class_list":{"0":"post-23","1":"product","2":"type-product","3":"status-publish","4":"has-post-thumbnail","6":"product_cat-biere-en-conserve-boisson-en-conserve-en-conserve","7":"product_cat-canette-aerosol-en-trois-parties-revetement","8":"product_cat-ligne-de-conditionnement-en-ligne","9":"product_cat-ourlet-double","11":"first","12":"instock","13":"shipping-taxable","14":"product-type-simple"},"aioseo_notices":[],"_links":{"self":[{"href":"https:\/\/www.canneed.com\/fr\/wp-json\/wp\/v2\/product\/23","targetHints":{"allow":["GET"]}}],"collection":[{"href":"https:\/\/www.canneed.com\/fr\/wp-json\/wp\/v2\/product"}],"about":[{"href":"https:\/\/www.canneed.com\/fr\/wp-json\/wp\/v2\/types\/product"}],"replies":[{"embeddable":true,"href":"https:\/\/www.canneed.com\/fr\/wp-json\/wp\/v2\/comments?post=23"}],"wp:featuredmedia":[{"embeddable":true,"href":"https:\/\/www.canneed.com\/fr\/wp-json\/wp\/v2\/media\/51"}],"wp:attachment":[{"href":"https:\/\/www.canneed.com\/fr\/wp-json\/wp\/v2\/media?parent=23"}],"wp:term":[{"taxonomy":"product_brand","embeddable":true,"href":"https:\/\/www.canneed.com\/fr\/wp-json\/wp\/v2\/product_brand?post=23"},{"taxonomy":"product_cat","embeddable":true,"href":"https:\/\/www.canneed.com\/fr\/wp-json\/wp\/v2\/product_cat?post=23"},{"taxonomy":"product_tag","embeddable":true,"href":"https:\/\/www.canneed.com\/fr\/wp-json\/wp\/v2\/product_tag?post=23"}],"curies":[{"name":"wp","href":"https:\/\/api.w.org\/{rel}","templated":true}]}}