{"id":226,"date":"2025-05-13T15:57:54","date_gmt":"2025-05-13T07:57:54","guid":{"rendered":"http:\/\/www.canneed.com\/fr\/?post_type=product&#038;p=226"},"modified":"2025-05-13T15:57:58","modified_gmt":"2025-05-13T07:57:58","slug":"canneed-fwg-100-d-2","status":"publish","type":"product","link":"https:\/\/www.canneed.com\/fr\/product\/canneed-fwg-100-d-2\/","title":{"rendered":"CanNeed-FWG-100-d"},"content":{"rendered":"<p>&nbsp;<\/p>\n<h3>Application<\/h3>\n<div class='prodocut_content'><span>La jauge de largeur du roulage de bord pour contenant vide est destin\u00e9 \u00e0 mesurer la largeur du roulage de bord.Gr\u00e2ce \u00e0 la conception fiable, la pression de mesure constant ainsi que l\u2019angle de test, les op\u00e9rateurs inexp\u00e9riment\u00e9s peuvent mesurer aussi pr\u00e9cis\u00e9ment .Positionner automatiquement la ligne m\u00e9diane sur le contenant, telle jauge peut mesurer multiples formes de contenants.<\/span><br \/>\n<span>Choisir et acheter les transmetteurs, les c\u00e2bles de donn\u00e9es, il permet d\u2019introduire les donn\u00e9es d\u2019essais dans un ordinateur ou un syst\u00e8me de collection de donn\u00e9es SPC, emp\u00eache par cons\u00e9quent l\u2019erreur de saisie des<\/span><\/div>\n","protected":false},"excerpt":{"rendered":"<h3>Jauge de largeur du roulage de bord pour contenant vide (digitale)<\/h3>\n","protected":false},"featured_media":257,"comment_status":"closed","ping_status":"closed","template":"","meta":[],"product_brand":[],"product_cat":[15],"product_tag":[],"class_list":{"0":"post-226","1":"product","2":"type-product","3":"status-publish","4":"has-post-thumbnail","6":"product_cat-uncategorized","8":"first","9":"instock","10":"shipping-taxable","11":"product-type-simple"},"aioseo_notices":[],"_links":{"self":[{"href":"https:\/\/www.canneed.com\/fr\/wp-json\/wp\/v2\/product\/226","targetHints":{"allow":["GET"]}}],"collection":[{"href":"https:\/\/www.canneed.com\/fr\/wp-json\/wp\/v2\/product"}],"about":[{"href":"https:\/\/www.canneed.com\/fr\/wp-json\/wp\/v2\/types\/product"}],"replies":[{"embeddable":true,"href":"https:\/\/www.canneed.com\/fr\/wp-json\/wp\/v2\/comments?post=226"}],"wp:featuredmedia":[{"embeddable":true,"href":"https:\/\/www.canneed.com\/fr\/wp-json\/wp\/v2\/media\/257"}],"wp:attachment":[{"href":"https:\/\/www.canneed.com\/fr\/wp-json\/wp\/v2\/media?parent=226"}],"wp:term":[{"taxonomy":"product_brand","embeddable":true,"href":"https:\/\/www.canneed.com\/fr\/wp-json\/wp\/v2\/product_brand?post=226"},{"taxonomy":"product_cat","embeddable":true,"href":"https:\/\/www.canneed.com\/fr\/wp-json\/wp\/v2\/product_cat?post=226"},{"taxonomy":"product_tag","embeddable":true,"href":"https:\/\/www.canneed.com\/fr\/wp-json\/wp\/v2\/product_tag?post=226"}],"curies":[{"name":"wp","href":"https:\/\/api.w.org\/{rel}","templated":true}]}}