{"id":223,"date":"2025-05-13T15:57:54","date_gmt":"2025-05-13T07:57:54","guid":{"rendered":"http:\/\/www.canneed.com\/fr\/?post_type=product&#038;p=223"},"modified":"2025-05-13T15:57:58","modified_gmt":"2025-05-13T07:57:58","slug":"canneed-bdg-100","status":"publish","type":"product","link":"https:\/\/www.canneed.com\/fr\/product\/canneed-bdg-100\/","title":{"rendered":"CanNeed-BDG-100"},"content":{"rendered":"<p>&nbsp;<\/p>\n<h3>Application<\/h3>\n<div class='prodocut_content'>CanNeed-BDG-100 Bottom Depth Gauge est une jauge num\u00e9rique permettant de mesurer les param\u00e8tres de profondeur du fond des bo\u00eetes de boisson. Veuillez indiquer le diam\u00e8tre de la canette lors de la commande.<\/div>\n<p>&nbsp;<\/p>\n<h3>Les avantages<\/h3>\n<div class='prodocut_content'>Il est \u00e9quip\u00e9 d&rsquo;un indicateur num\u00e9rique Mitutoyo d&rsquo;une r\u00e9solution de 0,01 mm.<br \/>\nSi vous achetez l&rsquo;adaptateur et le c\u00e2ble, la jauge peut \u00eatre connect\u00e9e \u00e0 un ordinateur ou \u00e0 un syst\u00e8me SPC pour la collecte de donn\u00e9es.<br \/>\n\u25cf Sortie de donn\u00e9es SPC standard Mitutoyo<br \/>\n\u25cf Affichage num\u00e9rique facile \u00e0 lire<\/div>\n","protected":false},"excerpt":{"rendered":"<h3>Jauge de cambrure du fond CanNeed-BDG-100<\/h3>\n","protected":false},"featured_media":255,"comment_status":"closed","ping_status":"closed","template":"","meta":[],"product_brand":[],"product_cat":[16],"product_tag":[],"class_list":{"0":"post-223","1":"product","2":"type-product","3":"status-publish","4":"has-post-thumbnail","6":"product_cat-objet-de-detection","8":"first","9":"instock","10":"shipping-taxable","11":"product-type-simple"},"aioseo_notices":[],"_links":{"self":[{"href":"https:\/\/www.canneed.com\/fr\/wp-json\/wp\/v2\/product\/223","targetHints":{"allow":["GET"]}}],"collection":[{"href":"https:\/\/www.canneed.com\/fr\/wp-json\/wp\/v2\/product"}],"about":[{"href":"https:\/\/www.canneed.com\/fr\/wp-json\/wp\/v2\/types\/product"}],"replies":[{"embeddable":true,"href":"https:\/\/www.canneed.com\/fr\/wp-json\/wp\/v2\/comments?post=223"}],"wp:featuredmedia":[{"embeddable":true,"href":"https:\/\/www.canneed.com\/fr\/wp-json\/wp\/v2\/media\/255"}],"wp:attachment":[{"href":"https:\/\/www.canneed.com\/fr\/wp-json\/wp\/v2\/media?parent=223"}],"wp:term":[{"taxonomy":"product_brand","embeddable":true,"href":"https:\/\/www.canneed.com\/fr\/wp-json\/wp\/v2\/product_brand?post=223"},{"taxonomy":"product_cat","embeddable":true,"href":"https:\/\/www.canneed.com\/fr\/wp-json\/wp\/v2\/product_cat?post=223"},{"taxonomy":"product_tag","embeddable":true,"href":"https:\/\/www.canneed.com\/fr\/wp-json\/wp\/v2\/product_tag?post=223"}],"curies":[{"name":"wp","href":"https:\/\/api.w.org\/{rel}","templated":true}]}}