{"id":22,"date":"2025-05-13T15:57:15","date_gmt":"2025-05-13T07:57:15","guid":{"rendered":"http:\/\/www.canneed.com\/fr\/?post_type=product&#038;p=22"},"modified":"2025-05-13T15:57:20","modified_gmt":"2025-05-13T07:57:20","slug":"canneed-dgm-200","status":"publish","type":"product","link":"https:\/\/www.canneed.com\/fr\/product\/canneed-dgm-200\/","title":{"rendered":"CanNeed-DGM-200"},"content":{"rendered":"<p>&nbsp;<\/p>\n<h3>Application<\/h3>\n<div class='prodocut_content'>Le compteur num\u00e9rique portable de CO2 pour boissons CanNeed-DGM-200 est couramment utilis\u00e9 dans les brasseries et l&rsquo;industrie des boissons non alcoolis\u00e9es pour mesurer fr\u00e9quemment la teneur en CO2 au cours de la production. Il permet une d\u00e9termination rapide et pr\u00e9cise de la teneur en CO2 de la bi\u00e8re et des boissons gazeuses, qu&rsquo;il s&rsquo;agisse d&rsquo;\u00e9chantillons pr\u00e9lev\u00e9s directement au cours du processus de production (par exemple, dans des r\u00e9servoirs ou des tuyaux) ou par la suite (par exemple, dans des f\u00fbts).<br \/>\nLe liquide de l&rsquo;\u00e9chantillon de pr\u00e9-test est introduit dans le volume de mesure par le tuyau \u00e0 vide. Ensuite, le DGM-200 d\u00e9marre automatiquement le processus d&rsquo;\u00e9lectrolyse gr\u00e2ce \u00e0 l&rsquo;\u00e9lectricit\u00e9 produite par l&rsquo;\u00e9lectrode de platine. Le contenu en CO2 de la bi\u00e8re ou des boissons gazeuses est alors lib\u00e9r\u00e9 jusqu&rsquo;\u00e0 ce que l&rsquo;\u00e9quilibre de pression soit atteint. La teneur en CO2 peut \u00eatre d\u00e9termin\u00e9e rapidement \u00e0 l&rsquo;aide d&rsquo;une r\u00e8gle \u00e0 calcul. Un test ne prend que 2 \u00e0 3 minutes, il est r\u00e9p\u00e9titif et durable.<\/div>\n<p>&nbsp;<\/p>\n<h3>Les avantages<\/h3>\n<div class='prodocut_content'>\u25cf Adopter un nouveau type de tuyau souple.<br \/>\n\u25cf Adopter un tuyau et un joint souples \u00e0 bouchon de tirage rapide.<br \/>\n\u25cf Adopter un nouveau type de sous-ensemble de batterie.<\/div>\n","protected":false},"excerpt":{"rendered":"<h3>Calculatrice num\u00e9rique portable de CO2 pour boissons<\/h3>\n","protected":false},"featured_media":50,"comment_status":"closed","ping_status":"closed","template":"","meta":[],"product_brand":[],"product_cat":[24,28,21],"product_tag":[],"class_list":{"0":"post-22","1":"product","2":"type-product","3":"status-publish","4":"has-post-thumbnail","6":"product_cat-biere-mout-malt-microorganismes","7":"product_cat-gaz-carbonique","8":"product_cat-laboratoire","10":"first","11":"instock","12":"shipping-taxable","13":"product-type-simple"},"aioseo_notices":[],"_links":{"self":[{"href":"https:\/\/www.canneed.com\/fr\/wp-json\/wp\/v2\/product\/22","targetHints":{"allow":["GET"]}}],"collection":[{"href":"https:\/\/www.canneed.com\/fr\/wp-json\/wp\/v2\/product"}],"about":[{"href":"https:\/\/www.canneed.com\/fr\/wp-json\/wp\/v2\/types\/product"}],"replies":[{"embeddable":true,"href":"https:\/\/www.canneed.com\/fr\/wp-json\/wp\/v2\/comments?post=22"}],"wp:featuredmedia":[{"embeddable":true,"href":"https:\/\/www.canneed.com\/fr\/wp-json\/wp\/v2\/media\/50"}],"wp:attachment":[{"href":"https:\/\/www.canneed.com\/fr\/wp-json\/wp\/v2\/media?parent=22"}],"wp:term":[{"taxonomy":"product_brand","embeddable":true,"href":"https:\/\/www.canneed.com\/fr\/wp-json\/wp\/v2\/product_brand?post=22"},{"taxonomy":"product_cat","embeddable":true,"href":"https:\/\/www.canneed.com\/fr\/wp-json\/wp\/v2\/product_cat?post=22"},{"taxonomy":"product_tag","embeddable":true,"href":"https:\/\/www.canneed.com\/fr\/wp-json\/wp\/v2\/product_tag?post=22"}],"curies":[{"name":"wp","href":"https:\/\/api.w.org\/{rel}","templated":true}]}}