{"id":19,"date":"2025-05-13T15:57:15","date_gmt":"2025-05-13T07:57:15","guid":{"rendered":"http:\/\/www.canneed.com\/fr\/?post_type=product&#038;p=19"},"modified":"2025-05-13T15:57:19","modified_gmt":"2025-05-13T07:57:19","slug":"canneed-tpo-100","status":"publish","type":"product","link":"https:\/\/www.canneed.com\/fr\/product\/canneed-tpo-100\/","title":{"rendered":"CanNeed-TPO-100"},"content":{"rendered":"<p>&nbsp;<\/p>\n<h3>Application<\/h3>\n<div class='prodocut_content'>Le testeur d&rsquo;oxyg\u00e8ne total de JIAYI Instruments adopte le capteur optique le plus avanc\u00e9 au monde, avec une r\u00e9ponse sensible et une haute pr\u00e9cision, et seule une petite quantit\u00e9 d&rsquo;\u00e9chantillon est n\u00e9cessaire pour effectuer la mesure ; conception humanis\u00e9e, d\u00e9marrage par une seule touche, perforation automatique et mesure automatique.&nbsp;<br \/>\nQu&rsquo;il s&rsquo;agisse d&rsquo;un site de production ou d&rsquo;un laboratoire, Jiayi peut vous fournir un instrument de la meilleure qualit\u00e9. L&rsquo;instrument n&rsquo;est pas affect\u00e9 par d&rsquo;autres gaz dissous, ce qui garantit la pr\u00e9cision et la stabilit\u00e9 de la mesure !&nbsp;<br \/>\nD&rsquo;une simple pression sur un bouton, l&rsquo;oxyg\u00e8ne total et le CO2 peuvent \u00eatre mesur\u00e9s directement et les r\u00e9sultats sont clairement affich\u00e9s sur l&rsquo;\u00e9cran LCD. L&rsquo;oxyg\u00e8ne dissous, l&rsquo;espace goulot et le dioxyde de carbone peuvent \u00eatre mesur\u00e9s en un coup d&rsquo;\u0153il, \u00e9liminant ainsi le besoin de calculs fastidieux.<\/p>\n<p>Pourquoi mesurer l&rsquo;oxyg\u00e8ne total et le CO2 dans la bi\u00e8re ?<\/p>\n<p>Avec le d\u00e9veloppement des technologies de production et l&rsquo;am\u00e9lioration de la capacit\u00e9 de d\u00e9gustation des consommateurs, les gens sont tr\u00e8s sensibles aux changements d&rsquo;apparence, d&rsquo;ar\u00f4me et de go\u00fbt de la bi\u00e8re, ainsi qu&rsquo;aux pr\u00e9cipitations humides et troubles, et ils sont de plus en plus conscients de l&rsquo;importance du contr\u00f4le de la teneur totale en oxyg\u00e8ne et en CO2 dans la bi\u00e8re !<br \/>\nLe CO2 est un \u00e9l\u00e9ment important des substances aromatiques de la bi\u00e8re, le niveau de la teneur en CO2 sur le go\u00fbt de la bi\u00e8re et la production de remplissage a un impact plus important, le contr\u00f4le est trop faible pour affecter la bouche de tuer et le sexe mousseux, trop \u00e9lev\u00e9 pour causer des bulles de remplissage, affectant la perte de vin et la mousse.<br \/>\nUne teneur trop \u00e9lev\u00e9e peut facilement provoquer une odeur semblable \u00e0 celle de l&rsquo;oxydation des graisses, ce qui affecte le croquant et le moelleux de la bi\u00e8re et renforce son amertume, et peut m\u00eame provoquer une nouvelle g\u00e9n\u00e9ration du diac\u00e9tyle qui a \u00e9t\u00e9 restaur\u00e9 en raison de l&rsquo;existence d&rsquo;une trop grande quantit\u00e9 d&rsquo;oxyg\u00e8ne dans la bi\u00e8re finie, ce qui provoque une \u00ab odeur verd\u00e2tre \u00bb et l&rsquo;oxydation de certaines substances aromatiques de la bi\u00e8re. La pr\u00e9sence d&rsquo;un exc\u00e8s d&rsquo;oxyg\u00e8ne dans la bi\u00e8re finie peut m\u00eame entra\u00eener une nouvelle g\u00e9n\u00e9ration de diac\u00e9tyle, qui a d\u00e9j\u00e0 \u00e9t\u00e9 r\u00e9duit, ce qui donne \u00e0 la bi\u00e8re un \u00ab go\u00fbt vert cru \u00bb et oxyde certaines substances aromatiques de la bi\u00e8re, d\u00e9t\u00e9riorant ainsi la saveur de la bi\u00e8re. C&rsquo;est pourquoi il est n\u00e9cessaire de mesurer la quantit\u00e9 totale d&rsquo;oxyg\u00e8ne et de CO2 dans la bi\u00e8re.<\/div>\n<p>&nbsp;<\/p>\n<h3>Les avantages<\/h3>\n<div class='prodocut_content'>\u25cf Perforation automatique, mesure automatique, efficace et pr\u00e9cis.<br \/>\n\u25cf Contr\u00f4le par \u00e9cran tactile complet, facile \u00e0 utiliser.<br \/>\n\u25cf Adoption de la meilleure sonde optique au monde, donn\u00e9es pr\u00e9cises et vitesse de r\u00e9ponse rapide.<br \/>\n\u25cf Mesure de l&rsquo;oxyg\u00e8ne total, de l&rsquo;oxyg\u00e8ne dissous, du volume de l&rsquo;espace de t\u00eate, des gaz sous pression, de la temp\u00e9rature et du dioxyde de carbone en un seul clic.<br \/>\n\u25cf Conception optique, r\u00e9duction des co\u00fbts de maintenance et d&rsquo;exploitation.<br \/>\n\u25cf Conception du couvercle de s\u00e9curit\u00e9 pour prot\u00e9ger la s\u00e9curit\u00e9 de l&rsquo;op\u00e9rateur.<\/div>\n","protected":false},"excerpt":{"rendered":"<h3>Testeur automatique d&rsquo;oxyg\u00e8ne total pour la bi\u00e8re finie<\/h3>\n","protected":false},"featured_media":47,"comment_status":"closed","ping_status":"closed","template":"","meta":[],"product_brand":[],"product_cat":[17,24,26,21,25],"product_tag":[],"class_list":{"0":"post-19","1":"product","2":"type-product","3":"status-publish","4":"has-post-thumbnail","6":"product_cat-biere-en-conserve-boisson-en-conserve-en-conserve","7":"product_cat-biere-mout-malt-microorganismes","8":"product_cat-bouteilles-en-verre-bouteilles-de-biere-vin-whisky","9":"product_cat-laboratoire","10":"product_cat-oxygene-dissous-oxygene-total","12":"first","13":"instock","14":"shipping-taxable","15":"product-type-simple"},"aioseo_notices":[],"_links":{"self":[{"href":"https:\/\/www.canneed.com\/fr\/wp-json\/wp\/v2\/product\/19","targetHints":{"allow":["GET"]}}],"collection":[{"href":"https:\/\/www.canneed.com\/fr\/wp-json\/wp\/v2\/product"}],"about":[{"href":"https:\/\/www.canneed.com\/fr\/wp-json\/wp\/v2\/types\/product"}],"replies":[{"embeddable":true,"href":"https:\/\/www.canneed.com\/fr\/wp-json\/wp\/v2\/comments?post=19"}],"wp:featuredmedia":[{"embeddable":true,"href":"https:\/\/www.canneed.com\/fr\/wp-json\/wp\/v2\/media\/47"}],"wp:attachment":[{"href":"https:\/\/www.canneed.com\/fr\/wp-json\/wp\/v2\/media?parent=19"}],"wp:term":[{"taxonomy":"product_brand","embeddable":true,"href":"https:\/\/www.canneed.com\/fr\/wp-json\/wp\/v2\/product_brand?post=19"},{"taxonomy":"product_cat","embeddable":true,"href":"https:\/\/www.canneed.com\/fr\/wp-json\/wp\/v2\/product_cat?post=19"},{"taxonomy":"product_tag","embeddable":true,"href":"https:\/\/www.canneed.com\/fr\/wp-json\/wp\/v2\/product_tag?post=19"}],"curies":[{"name":"wp","href":"https:\/\/api.w.org\/{rel}","templated":true}]}}